{"id":90980,"date":"2025-09-20T18:31:28","date_gmt":"2025-09-20T18:31:28","guid":{"rendered":"https:\/\/brandss.com.py\/index\/?post_type=product&#038;p=90980"},"modified":"2026-03-14T11:23:19","modified_gmt":"2026-03-14T11:23:19","slug":"perfume-femenino-givenchy-ange-ou-demon-le-secret-edp-100ml","status":"publish","type":"product","link":"https:\/\/brandss.com.py\/index\/producto\/perfume-femenino-givenchy-ange-ou-demon-le-secret-edp-100ml\/","title":{"rendered":"PERFUME FEMENINO GIVENCHY ANGE OU DEMON LE SECRET EDP 100ML"},"content":{"rendered":"<p><img loading=\"lazy\" decoding=\"async\" class=\"\" src=\"https:\/\/1000logos.net\/wp-content\/uploads\/2019\/11\/Givenchy-Logo.png\" alt=\"Givenchy Logo and symbol, meaning, history, PNG, brand\" width=\"194\" height=\"109\" \/><\/p>\n<h1>ANGE OU DEMON LE SECRET<\/h1>\n<p>Entre la luz y la sombra se encuentra el secreto del que naci\u00f3 el eau de parfum para mujer Ange ou D\u00e9mon Le Secret. En estos lugares misteriosos tiene lugar el encantador juego de seducci\u00f3n provocadora del que puedes formar parte gracias a una fragancia tan suave como una caricia. D\u00e9jate embrujar por las delicadas notas de los dulces ar\u00e1ndanos combinados con hojas de t\u00e9 frescas y envu\u00e9lvete en un aura de sensualidad y elegancia. Una vez que el misterio se resuelve, el lado luminoso de la seducci\u00f3n se revela en una fragancia tan delicada como el amanecer. Deslumbrante. La noche se rinde ante el amanecer con los primeros rayos de sol puros y p\u00e1lidos. Una fragancia tan sensual como la piel, llena de gracia y elegancia. Una esencia que evoca una luminosa caricia. Como una noche que cae rendida ante los primeros rayos de sol del amanecer!!!<\/p>\n<p><img loading=\"lazy\" decoding=\"async\" class=\"alignleft\" src=\"https:\/\/www.myperfumeshop.com.au\/cdn\/shop\/files\/292010899_10161922666579689_278515266151192444_n.jpg?v=1705648825&amp;width=1000\" width=\"667\" height=\"667\" \/><\/p>\n<h3>Notas Olfativas<\/h3>\n<p>Extremadamente femenina. Ange Ou Demon Le Secret es una fragancia de la familia olfativa Floral para Mujeres.<\/p>\n<p>A la salida desprende una exuberante explosi\u00f3n de elegante lim\u00f3n italiano de invierno y ar\u00e1ndanos fusionados con acordes de hoja de t\u00e9 verde.<\/p>\n<p>A continuaci\u00f3n, emerge un coraz\u00f3n compuesto por un ramo de peon\u00eda, jazm\u00edn y nen\u00fafar.<\/p>\n<p>La mezcla descansa sobre una base de madera de palisandro cremoso y madera de roble suavizados con almizcle.<\/p>\n<p>Una oda que ilumina el coraz\u00f3n y los misterios deslumbrantes y seductores del amor.<\/p>\n<p>Esta fragancia es una caricia repleta de sensualidad que abrir\u00e1 paso a un aura de misteriosa fascinaci\u00f3n.<\/p>\n<p>&nbsp;<\/p>\n<p>&nbsp;<\/p>\n<p><strong>Notas de salida:<\/strong> hojas de t\u00e9, ar\u00e1ndano, lim\u00f3n, pomelo, naranja.<br \/>\n<strong>Notas de coraz\u00f3n:<\/strong> jazm\u00edn sambac, peon\u00eda, nen\u00fafar, hediona, rosa.<br \/>\n<strong>Notas de fondo:<\/strong> almizcle blanco, maderas blancas, pachul\u00ed, Amberwood, vainilla.<\/p>\n","protected":false},"excerpt":{"rendered":"<p>ANGE OU DEMON LE SECRET Entre la luz y la sombra se encuentra el secreto del que naci\u00f3 el eau<\/p>\n","protected":false},"featured_media":90981,"comment_status":"open","ping_status":"closed","template":"","meta":{"nf_dc_page":""},"product_brand":[132],"product_cat":[84],"product_tag":[3123],"class_list":{"0":"post-90980","1":"product","2":"type-product","3":"status-publish","4":"has-post-thumbnail","6":"product_brand-givenchy","7":"product_cat-perfumeria","8":"product_tag-3123","10":"first","11":"instock","12":"sale","13":"shipping-taxable","14":"purchasable","15":"product-type-simple"},"_links":{"self":[{"href":"https:\/\/brandss.com.py\/index\/wp-json\/wp\/v2\/product\/90980","targetHints":{"allow":["GET"]}}],"collection":[{"href":"https:\/\/brandss.com.py\/index\/wp-json\/wp\/v2\/product"}],"about":[{"href":"https:\/\/brandss.com.py\/index\/wp-json\/wp\/v2\/types\/product"}],"replies":[{"embeddable":true,"href":"https:\/\/brandss.com.py\/index\/wp-json\/wp\/v2\/comments?post=90980"}],"version-history":[{"count":1,"href":"https:\/\/brandss.com.py\/index\/wp-json\/wp\/v2\/product\/90980\/revisions"}],"predecessor-version":[{"id":90987,"href":"https:\/\/brandss.com.py\/index\/wp-json\/wp\/v2\/product\/90980\/revisions\/90987"}],"wp:featuredmedia":[{"embeddable":true,"href":"https:\/\/brandss.com.py\/index\/wp-json\/wp\/v2\/media\/90981"}],"wp:attachment":[{"href":"https:\/\/brandss.com.py\/index\/wp-json\/wp\/v2\/media?parent=90980"}],"wp:term":[{"taxonomy":"product_brand","embeddable":true,"href":"https:\/\/brandss.com.py\/index\/wp-json\/wp\/v2\/product_brand?post=90980"},{"taxonomy":"product_cat","embeddable":true,"href":"https:\/\/brandss.com.py\/index\/wp-json\/wp\/v2\/product_cat?post=90980"},{"taxonomy":"product_tag","embeddable":true,"href":"https:\/\/brandss.com.py\/index\/wp-json\/wp\/v2\/product_tag?post=90980"}],"curies":[{"name":"wp","href":"https:\/\/api.w.org\/{rel}","templated":true}]}}