{"id":90988,"date":"2025-09-20T19:02:44","date_gmt":"2025-09-20T19:02:44","guid":{"rendered":"https:\/\/brandss.com.py\/index\/?post_type=product&#038;p=90988"},"modified":"2026-04-22T18:08:27","modified_gmt":"2026-04-22T18:08:27","slug":"perfume-femenino-thierry-mugler-angel-edp-100ml-recargable","status":"publish","type":"product","link":"https:\/\/brandss.com.py\/index\/producto\/perfume-femenino-thierry-mugler-angel-edp-100ml-recargable\/","title":{"rendered":"PERFUME FEMENINO THIERRY MUGLER ANGEL EDP 100ML RECARGABLE"},"content":{"rendered":"<p><img loading=\"lazy\" decoding=\"async\" class=\"\" src=\"https:\/\/1000logos.net\/wp-content\/uploads\/2021\/06\/Thierry-Mugler-logo.png\" alt=\"Thierry Mugler Logo and symbol, meaning, history, PNG, brand\" width=\"110\" height=\"62\" \/><\/p>\n<h1>ANGEL<\/h1>\n<p>Un\u00a0perfume nunca antes visto, nunca antes imaginado, creado como un homenaje a la\u00a0piel\u00a0que toca a la\u00a0mujer\u00a0que lo lleva.\u00a0Angel\u00a0ofrece a la\u00a0mujer\u00a0el camino para alcanzar sus sue\u00f1os, es la\u00a0estrella\u00a0que gu\u00eda en ese trayecto y que le aporta fuerza y emoci\u00f3n.<\/p>\n<p>Angel es un perfume\u00a0innovador porque inaugura la categor\u00eda de\u00a0fragancias golosas, un verdadero torbellino de deseos. Su fragancia\u00a0combina el poder del pachul\u00ed con el dulzor adictivo del pralin\u00e9, los frutos rojos y un envolvente acorde de vainilla.<\/p>\n<p>El\u00a0frasco\u00a0de este\u00a0perfume\u00a0se presenta en forma de estrella, tallada en cristal de color azulado, que nos recuerda al color del cielo iluminado por los astros. El\u00a0frasco\u00a0de\u00a0Angel\u00a0fue creado por los maestros vidrieros Brosse que hicieron cerca de mil ensayos para lograr la estrella de los sue\u00f1os de\u00a0Thierry Mugler. Cada\u00a0frasco\u00a0es una aut\u00e9ntica obra de arte, \u00fanica y pulida a mano. El\u00a0perfume Angel\u00a0es un vaporizador\u00a0recargable\u00a0que forma parte de un proyecto de sostenibilidad \u00fanico de la marca e iniciado con el lanzamiento de\u00a0Angel. Desde 1992,\u00a0Mugler\u00a0se ha comprometido con el lujo responsable creando\u00a0fragancias recargables\u00a0a trav\u00e9s de sus fuentes o\u00a0frascos\u00a0de rellenado que permiten con cada\u00a0frasco sea una verdadera joya eterna.<\/p>\n<p><img decoding=\"async\" class=\"alignleft\" src=\"https:\/\/perfumescanarias.com\/fotos_articulos\/THIERRY%20MUGLER\/MUJER\/ANGEL\/angel%20edp\/thumb_500_3439600056587_6.jpg\" \/><\/p>\n<h3>Notas Olfativas<\/h3>\n<p>Este perfume presenta una exquisita armon\u00eda de notas dulces y sensuales, combinando aromas de caramelo, pralin\u00e9 y frutas ex\u00f3ticas con un coraz\u00f3n floral de jazm\u00edn, lirio y pachul\u00ed. El perfume Angel de Thierry Mugler es una fragancia de la familia olfativa \u00e1mbar vainilla para mujeres.<\/p>\n<ul>\n<li><strong>Notas de salida:<\/strong> Algod\u00f3n de az\u00facar, coco, casis (grosellero negro), mel\u00f3n, jazm\u00edn, bergamota, pi\u00f1a y mandarina.<\/li>\n<li><strong>Notas de coraz\u00f3n:<\/strong> Miel, bayas rojas, zarzamora (frambuesa negra), ciruela, chabacano, durazno (melocot\u00f3n), jazm\u00edn, orqu\u00eddea, alcaravea, nuez moscada, rosa y lirio de los valles (muguete).<\/li>\n<li><strong>Notas de fondo:<\/strong> Pachul\u00ed, chocolate, caramelo, vainilla, haba tonka, \u00e1mbar, almizcle y s\u00e1ndalo.<\/li>\n<\/ul>\n","protected":false},"excerpt":{"rendered":"<p>ANGEL Un\u00a0perfume nunca antes visto, nunca antes imaginado, creado como un homenaje a la\u00a0piel\u00a0que toca a la\u00a0mujer\u00a0que lo lleva.\u00a0Angel\u00a0ofrece a<\/p>\n","protected":false},"featured_media":90989,"comment_status":"open","ping_status":"closed","template":"","meta":{"nf_dc_page":""},"product_brand":[133],"product_cat":[84],"product_tag":[850],"class_list":{"0":"post-90988","1":"product","2":"type-product","3":"status-publish","4":"has-post-thumbnail","6":"product_brand-thierry-mugler","7":"product_cat-perfumeria","8":"product_tag-850","10":"first","11":"instock","12":"sale","13":"shipping-taxable","14":"purchasable","15":"product-type-simple"},"_links":{"self":[{"href":"https:\/\/brandss.com.py\/index\/wp-json\/wp\/v2\/product\/90988","targetHints":{"allow":["GET"]}}],"collection":[{"href":"https:\/\/brandss.com.py\/index\/wp-json\/wp\/v2\/product"}],"about":[{"href":"https:\/\/brandss.com.py\/index\/wp-json\/wp\/v2\/types\/product"}],"replies":[{"embeddable":true,"href":"https:\/\/brandss.com.py\/index\/wp-json\/wp\/v2\/comments?post=90988"}],"version-history":[{"count":2,"href":"https:\/\/brandss.com.py\/index\/wp-json\/wp\/v2\/product\/90988\/revisions"}],"predecessor-version":[{"id":90996,"href":"https:\/\/brandss.com.py\/index\/wp-json\/wp\/v2\/product\/90988\/revisions\/90996"}],"wp:featuredmedia":[{"embeddable":true,"href":"https:\/\/brandss.com.py\/index\/wp-json\/wp\/v2\/media\/90989"}],"wp:attachment":[{"href":"https:\/\/brandss.com.py\/index\/wp-json\/wp\/v2\/media?parent=90988"}],"wp:term":[{"taxonomy":"product_brand","embeddable":true,"href":"https:\/\/brandss.com.py\/index\/wp-json\/wp\/v2\/product_brand?post=90988"},{"taxonomy":"product_cat","embeddable":true,"href":"https:\/\/brandss.com.py\/index\/wp-json\/wp\/v2\/product_cat?post=90988"},{"taxonomy":"product_tag","embeddable":true,"href":"https:\/\/brandss.com.py\/index\/wp-json\/wp\/v2\/product_tag?post=90988"}],"curies":[{"name":"wp","href":"https:\/\/api.w.org\/{rel}","templated":true}]}}