{"id":90998,"date":"2025-09-22T10:56:30","date_gmt":"2025-09-22T10:56:30","guid":{"rendered":"https:\/\/brandss.com.py\/index\/?post_type=product&#038;p=90998"},"modified":"2026-03-12T11:03:17","modified_gmt":"2026-03-12T11:03:17","slug":"perfume-masculino-ferrari-scuderia-red-edt-125ml","status":"publish","type":"product","link":"https:\/\/brandss.com.py\/index\/producto\/perfume-masculino-ferrari-scuderia-red-edt-125ml\/","title":{"rendered":"PERFUME MASCULINO FERRARI SCUDERIA RED EDT 125ML"},"content":{"rendered":"<p><img loading=\"lazy\" decoding=\"async\" class=\"\" src=\"https:\/\/images.seeklogo.com\/logo-png\/5\/1\/ferrari-logo-png_seeklogo-53764.png\" alt=\"Ferrari Logo PNG Vector (CDR) Free Download\" width=\"79\" height=\"79\" \/><\/p>\n<h1>SCUDERIA RED<\/h1>\n<p>Es una fragancia que encarna la esencia din\u00e1mica y apasionada de la legendaria marca Ferrari. Red est\u00e1 dise\u00f1ado para el hombre moderno que busca reflejar su pasi\u00f3n por la velocidad y la precisi\u00f3n, caracter\u00edsticas emblem\u00e1ticas de Ferrari. Su aroma vers\u00e1til lo hace adecuado tanto para el uso diario como para ocasiones especiales, adapt\u00e1ndose a diversas estaciones del a\u00f1o. El frasco, de l\u00edneas elegantes y deportivas, lleva el ic\u00f3nico escudo de Ferrari, simbolizando la fusi\u00f3n perfecta entre lujo y rendimiento.<\/p>\n<p>Este perfume Ferrari Red no solo destaca por su composici\u00f3n olfativa, sino tambi\u00e9n por su capacidad para evocar la emoci\u00f3n y la adrenalina asociadas con la conducci\u00f3n de un Ferrari. Es una elecci\u00f3n ideal para hombres que desean proyectar confianza, dinamismo y una presencia inolvidable.<\/p>\n<p><img decoding=\"async\" class=\"alignleft\" src=\"https:\/\/cdn4.volusion.store\/ekfvz-npahx\/v\/vspfiles\/photos\/PF-771128-3T.jpg?v-cache=1713578170\" \/><\/p>\n<h3>Notas Olfativas<\/h3>\n<p>&nbsp;<\/p>\n<p>Scuderia\u00a0 Red es una fragancia de la familia olfativa C\u00edtrica para Hombres. Lanzado en 2010, este Eau de Toilette pertenece a la familia olfativa c\u00edtrica, ofreciendo una experiencia arom\u00e1tica fresca y vibrante, en las notas de salida del perfume Scuderia Red combinan la energ\u00eda de la bergamota, la menta y la naranja, complementadas por el cedr\u00f3n (hierba luisa), el petit grain y el g\u00e1lbano.<\/p>\n<p>Esta apertura c\u00edtrica y herb\u00e1cea proporciona una sensaci\u00f3n revitalizante y estimulante. En el coraz\u00f3n de la fragancia Scuderia Ferrari Red, se entrelazan acordes florales y especiados de jazm\u00edn, geranio, ra\u00edz de lirio y nuez moscada, aportando profundidad y sofisticaci\u00f3n al aroma.<\/p>\n<p>Finalmente, las notas de fondo de cedro, s\u00e1ndalo, musgo y vainilla brindan una base c\u00e1lida y amaderada, que confiere una estela duradera y masculina.<\/p>\n<p>&nbsp;<\/p>\n<ul>\n<li><span dir=\"auto\"><strong>Notas de salida:<\/strong> Bergamota, Verbena de lim\u00f3n, Naranja, G\u00e1lbano, Menta y Petitgrain.<\/span><\/li>\n<li><span dir=\"auto\"><strong>Notas de coraz\u00f3n:<\/strong> jazm\u00edn, geranio, nuez moscada y lirio.<\/span><\/li>\n<li><span dir=\"auto\"><strong>Notas de fondo:<\/strong> musgo, s\u00e1ndalo, cedro y vainilla.<\/span><\/li>\n<\/ul>\n","protected":false},"excerpt":{"rendered":"<p>SCUDERIA RED Es una fragancia que encarna la esencia din\u00e1mica y apasionada de la legendaria marca Ferrari. Red est\u00e1 dise\u00f1ado<\/p>\n","protected":false},"featured_media":90999,"comment_status":"open","ping_status":"closed","template":"","meta":{"nf_dc_page":""},"product_brand":[134],"product_cat":[84],"product_tag":[3087],"class_list":{"0":"post-90998","1":"product","2":"type-product","3":"status-publish","4":"has-post-thumbnail","6":"product_brand-ferrari","7":"product_cat-perfumeria","8":"product_tag-3087","10":"first","11":"instock","12":"sale","13":"shipping-taxable","14":"purchasable","15":"product-type-simple"},"_links":{"self":[{"href":"https:\/\/brandss.com.py\/index\/wp-json\/wp\/v2\/product\/90998","targetHints":{"allow":["GET"]}}],"collection":[{"href":"https:\/\/brandss.com.py\/index\/wp-json\/wp\/v2\/product"}],"about":[{"href":"https:\/\/brandss.com.py\/index\/wp-json\/wp\/v2\/types\/product"}],"replies":[{"embeddable":true,"href":"https:\/\/brandss.com.py\/index\/wp-json\/wp\/v2\/comments?post=90998"}],"version-history":[{"count":1,"href":"https:\/\/brandss.com.py\/index\/wp-json\/wp\/v2\/product\/90998\/revisions"}],"predecessor-version":[{"id":91006,"href":"https:\/\/brandss.com.py\/index\/wp-json\/wp\/v2\/product\/90998\/revisions\/91006"}],"wp:featuredmedia":[{"embeddable":true,"href":"https:\/\/brandss.com.py\/index\/wp-json\/wp\/v2\/media\/90999"}],"wp:attachment":[{"href":"https:\/\/brandss.com.py\/index\/wp-json\/wp\/v2\/media?parent=90998"}],"wp:term":[{"taxonomy":"product_brand","embeddable":true,"href":"https:\/\/brandss.com.py\/index\/wp-json\/wp\/v2\/product_brand?post=90998"},{"taxonomy":"product_cat","embeddable":true,"href":"https:\/\/brandss.com.py\/index\/wp-json\/wp\/v2\/product_cat?post=90998"},{"taxonomy":"product_tag","embeddable":true,"href":"https:\/\/brandss.com.py\/index\/wp-json\/wp\/v2\/product_tag?post=90998"}],"curies":[{"name":"wp","href":"https:\/\/api.w.org\/{rel}","templated":true}]}}