{"id":91010,"date":"2025-09-22T12:32:55","date_gmt":"2025-09-22T12:32:55","guid":{"rendered":"https:\/\/brandss.com.py\/index\/?post_type=product&#038;p=91010"},"modified":"2026-03-18T11:00:07","modified_gmt":"2026-03-18T11:00:07","slug":"perfume-masculino-bharara-viking-dubai-parfum-100ml","status":"publish","type":"product","link":"https:\/\/brandss.com.py\/index\/producto\/perfume-masculino-bharara-viking-dubai-parfum-100ml\/","title":{"rendered":"PERFUME MASCULINO BHARARA VIKING DUBAI PARFUM 100ML"},"content":{"rendered":"<p><img loading=\"lazy\" decoding=\"async\" class=\"\" src=\"https:\/\/acdn-us.mitiendanube.com\/stores\/004\/407\/494\/products\/logo-bharara-f0af86474c17f69fce17177015510816-1024-1024.webp\" alt=\"BHARARA - Prestige Pour Homme 100ml - Perfumia\" width=\"88\" height=\"88\" \/><\/p>\n<h1>VIKING DUBAI<\/h1>\n<p>Es una fragancia imponente y refinada que mezcla tradici\u00f3n oriental con elegancia occidental. Dise\u00f1ada para el hombre que lidera con presencia y carisma, esta esencia es una declaraci\u00f3n de poder, lujo y aventura. Cada nota evoca el calor del desierto, la riqueza de los palacios \u00e1rabes y la audacia de un guerrero moderno.<\/p>\n<p><img loading=\"lazy\" decoding=\"async\" class=\"alignleft\" src=\"https:\/\/luxorbithn.com\/wp-content\/uploads\/2025\/03\/BH-20042.png\" width=\"530\" height=\"530\" \/><\/p>\n<h3>Notas Olfativas<\/h3>\n<p>&nbsp;<\/p>\n<p>Descubre\u00a0Viking Dubai, una fragancia masculina que captura la esencia vibrante de Dub\u00e1i. Esta colonia es perfecta para quienes buscan una experiencia olfativa intensa y duradera, combinando notas c\u00edtricas, especiadas y amaderadas. Con una mezcla de notas de cabeza c\u00edtricas y especiadas, esta fragancia se abre con una explosi\u00f3n de energ\u00eda que es a la vez vigorizante y refrescante.<\/p>\n<p>La combinaci\u00f3n de bergamota, naranja dulce, lim\u00f3n, pomelo y jengibre crea un aroma inolvidable que es a la vez sabroso y c\u00e1lido. A medida que la fragancia evoluciona, revela un coraz\u00f3n rico y complejo de madera de cachemira, magnolia blanca, violeta y haba tonka.<\/p>\n<p>Estas notas amaderadas y florales a\u00f1aden profundidad y complejidad a la fragancia, creando una sensaci\u00f3n de intriga y misterio. Las notas base de la fragancia se componen de \u00e1mbar terroso y sensual, pachul\u00ed, beriberi y almizcle blanco.<\/p>\n<p>&nbsp;<\/p>\n<p>&nbsp;<\/p>\n<ul>\n<li><strong>Notas de salida<\/strong>: Bergamota, naranja dulce, lim\u00f3n, pomelo y jengibre.<\/li>\n<li><strong>Notas de coraz\u00f3n<\/strong>: Madera de cachemira, magnolia blanca, violeta y haba tonka.<\/li>\n<li><strong>Notas de fondo<\/strong>: \u00c1mbar gris, ambrox\u00e1n, pachul\u00ed y almizcle blanco.<\/li>\n<\/ul>\n","protected":false},"excerpt":{"rendered":"<p>VIKING DUBAI Es una fragancia imponente y refinada que mezcla tradici\u00f3n oriental con elegancia occidental. Dise\u00f1ada para el hombre que<\/p>\n","protected":false},"featured_media":91011,"comment_status":"open","ping_status":"closed","template":"","meta":{"nf_dc_page":""},"product_brand":[111],"product_cat":[84],"product_tag":[152],"class_list":{"0":"post-91010","1":"product","2":"type-product","3":"status-publish","4":"has-post-thumbnail","6":"product_brand-bharara","7":"product_cat-perfumeria","8":"product_tag-152","10":"first","11":"outofstock","12":"shipping-taxable","13":"purchasable","14":"product-type-simple"},"_links":{"self":[{"href":"https:\/\/brandss.com.py\/index\/wp-json\/wp\/v2\/product\/91010","targetHints":{"allow":["GET"]}}],"collection":[{"href":"https:\/\/brandss.com.py\/index\/wp-json\/wp\/v2\/product"}],"about":[{"href":"https:\/\/brandss.com.py\/index\/wp-json\/wp\/v2\/types\/product"}],"replies":[{"embeddable":true,"href":"https:\/\/brandss.com.py\/index\/wp-json\/wp\/v2\/comments?post=91010"}],"version-history":[{"count":1,"href":"https:\/\/brandss.com.py\/index\/wp-json\/wp\/v2\/product\/91010\/revisions"}],"predecessor-version":[{"id":91017,"href":"https:\/\/brandss.com.py\/index\/wp-json\/wp\/v2\/product\/91010\/revisions\/91017"}],"wp:featuredmedia":[{"embeddable":true,"href":"https:\/\/brandss.com.py\/index\/wp-json\/wp\/v2\/media\/91011"}],"wp:attachment":[{"href":"https:\/\/brandss.com.py\/index\/wp-json\/wp\/v2\/media?parent=91010"}],"wp:term":[{"taxonomy":"product_brand","embeddable":true,"href":"https:\/\/brandss.com.py\/index\/wp-json\/wp\/v2\/product_brand?post=91010"},{"taxonomy":"product_cat","embeddable":true,"href":"https:\/\/brandss.com.py\/index\/wp-json\/wp\/v2\/product_cat?post=91010"},{"taxonomy":"product_tag","embeddable":true,"href":"https:\/\/brandss.com.py\/index\/wp-json\/wp\/v2\/product_tag?post=91010"}],"curies":[{"name":"wp","href":"https:\/\/api.w.org\/{rel}","templated":true}]}}