{"id":91047,"date":"2025-09-22T18:48:42","date_gmt":"2025-09-22T18:48:42","guid":{"rendered":"https:\/\/brandss.com.py\/index\/?post_type=product&#038;p=91047"},"modified":"2025-09-24T13:17:15","modified_gmt":"2025-09-24T13:17:15","slug":"bruma-corporal-masculino-armaf-club-de-nuit-iconic-150ml","status":"publish","type":"product","link":"https:\/\/brandss.com.py\/index\/producto\/bruma-corporal-masculino-armaf-club-de-nuit-iconic-150ml\/","title":{"rendered":"BRUMA CORPORAL MASCULINO ARMAF CLUB DE NUIT ICONIC 150ML"},"content":{"rendered":"<p><img loading=\"lazy\" decoding=\"async\" class=\"\" src=\"https:\/\/vectorseek.com\/wp-content\/uploads\/2023\/12\/ARMAF-Logo-Vector.svg--300x300.png\" alt=\"ARMAF logo in PNG SVG Vector format - Free Download\" width=\"92\" height=\"92\" \/><\/p>\n<h1>CLUB DE NUIT ICONIC<\/h1>\n<p class=\"short-desc\"><span dir=\"auto\">La Bruma Corporal ofrece una experiencia de fragancia fresca y atrevida, dise\u00f1ada para hombres que buscan un aroma sofisticado. Su bruma, f\u00e1cil de usar, proporciona una frescura duradera, ideal para uso diario o viajes, asegur\u00e1ndote seguridad y energ\u00eda durante todo el d\u00eda.<\/span><\/p>\n<p>&nbsp;<\/p>\n<p><strong><span dir=\"auto\">Fragancia sofisticada<\/span><\/strong><\/p>\n<p><span dir=\"auto\">Armaf Club De Nuit Iconic Body Mist presenta una fragancia audaz y moderna que irradia confianza y sofisticaci\u00f3n. Su aroma cautivador est\u00e1 dise\u00f1ado para dejar una impresi\u00f3n duradera, lo que lo hace ideal para hombres que aprecian las fragancias finas y distintivas.<\/span><\/p>\n<p><strong><span dir=\"auto\">Aplicaci\u00f3n conveniente y refrescante<\/span><\/strong><\/p>\n<p><span dir=\"auto\">Esta bruma corporal est\u00e1 dise\u00f1ada para una aplicaci\u00f3n f\u00e1cil y uniforme, lo que garantiza una experiencia refrescante en todo momento. La bruma fina proporciona una cobertura completa, lo que la hace ideal para refrescarse r\u00e1pidamente durante todo el d\u00eda, ya sea en el trabajo o en el juego.<\/span><\/p>\n<p><strong><span dir=\"auto\">Port\u00e1til y apto para viajes<\/span><\/strong><\/p>\n<p><span dir=\"auto\">La botella de 150 ml est\u00e1 dise\u00f1ada para ser port\u00e1til, cabe perfectamente en tu bolsa de viaje, bolsa de gimnasio o caj\u00f3n del escritorio. Lleva esta bruma corporal refrescante contigo a donde quiera que vayas para un impulso de fragancia sobre la marcha.<\/span><\/p>\n<p><strong><span dir=\"auto\">Ideal para uso diario.<\/span><\/strong><\/p>\n<p><span dir=\"auto\">El Bruma Corporal Armaf Club De Nuit Iconic es perfecto para usar a diario. Su aroma vers\u00e1til lo hace ideal para cualquier ocasi\u00f3n, ya sea para una reuni\u00f3n, una salida informal o una salida nocturna, garantizando un aroma excepcional durante todo el d\u00eda.<\/span><\/p>\n<h3>Notas Olfativas<\/h3>\n<p>&nbsp;<\/p>\n<p><span dir=\"auto\">Con una fragancia que dura todo el d\u00eda, Club De Nuit Iconic Body Mist te asegura sentirte fresco y seguro, incluso durante las agendas m\u00e1s ocupadas. Su aroma duradero proporciona un impulso refrescante siempre que lo necesites.<\/span><\/p>\n<p><strong>Notas de salida:<\/strong> Pomelo, lim\u00f3n, menta, pimienta rosa, cilantro.<\/p>\n<p><strong>Notas de coraz\u00f3n:<\/strong> Jengibre, mel\u00f3n, nuez moscada, jazm\u00edn.<\/p>\n<p><strong>Notas de fondo:<\/strong> Notas amaderadas, incienso, s\u00e1ndalo, \u00e1mbar, cedro, pachul\u00ed, l\u00e1dano.<\/p>\n","protected":false},"excerpt":{"rendered":"<p>CLUB DE NUIT ICONIC La Bruma Corporal ofrece una experiencia de fragancia fresca y atrevida, dise\u00f1ada para hombres que buscan<\/p>\n","protected":false},"featured_media":91048,"comment_status":"open","ping_status":"closed","template":"","meta":{"nf_dc_page":""},"product_brand":[106],"product_cat":[84],"product_tag":[170],"class_list":{"0":"post-91047","1":"product","2":"type-product","3":"status-publish","4":"has-post-thumbnail","6":"product_brand-armaf","7":"product_cat-perfumeria","8":"product_tag-170","10":"first","11":"instock","12":"shipping-taxable","13":"purchasable","14":"product-type-simple"},"_links":{"self":[{"href":"https:\/\/brandss.com.py\/index\/wp-json\/wp\/v2\/product\/91047","targetHints":{"allow":["GET"]}}],"collection":[{"href":"https:\/\/brandss.com.py\/index\/wp-json\/wp\/v2\/product"}],"about":[{"href":"https:\/\/brandss.com.py\/index\/wp-json\/wp\/v2\/types\/product"}],"replies":[{"embeddable":true,"href":"https:\/\/brandss.com.py\/index\/wp-json\/wp\/v2\/comments?post=91047"}],"version-history":[{"count":1,"href":"https:\/\/brandss.com.py\/index\/wp-json\/wp\/v2\/product\/91047\/revisions"}],"predecessor-version":[{"id":91049,"href":"https:\/\/brandss.com.py\/index\/wp-json\/wp\/v2\/product\/91047\/revisions\/91049"}],"wp:featuredmedia":[{"embeddable":true,"href":"https:\/\/brandss.com.py\/index\/wp-json\/wp\/v2\/media\/91048"}],"wp:attachment":[{"href":"https:\/\/brandss.com.py\/index\/wp-json\/wp\/v2\/media?parent=91047"}],"wp:term":[{"taxonomy":"product_brand","embeddable":true,"href":"https:\/\/brandss.com.py\/index\/wp-json\/wp\/v2\/product_brand?post=91047"},{"taxonomy":"product_cat","embeddable":true,"href":"https:\/\/brandss.com.py\/index\/wp-json\/wp\/v2\/product_cat?post=91047"},{"taxonomy":"product_tag","embeddable":true,"href":"https:\/\/brandss.com.py\/index\/wp-json\/wp\/v2\/product_tag?post=91047"}],"curies":[{"name":"wp","href":"https:\/\/api.w.org\/{rel}","templated":true}]}}