{"id":91050,"date":"2025-09-22T19:08:37","date_gmt":"2025-09-22T19:08:37","guid":{"rendered":"https:\/\/brandss.com.py\/index\/?post_type=product&#038;p=91050"},"modified":"2025-12-12T10:37:12","modified_gmt":"2025-12-12T10:37:12","slug":"bruma-corporal-femenino-armaf-club-de-nuit-intense-woman-150ml","status":"publish","type":"product","link":"https:\/\/brandss.com.py\/index\/producto\/bruma-corporal-femenino-armaf-club-de-nuit-intense-woman-150ml\/","title":{"rendered":"BRUMA CORPORAL FEMENINO ARMAF CLUB DE NUIT INTENSE WOMAN 150ML"},"content":{"rendered":"<p><img loading=\"lazy\" decoding=\"async\" class=\"\" src=\"https:\/\/vectorseek.com\/wp-content\/uploads\/2023\/12\/ARMAF-Logo-Vector.svg--300x300.png\" alt=\"ARMAF logo in PNG SVG Vector format - Free Download\" width=\"83\" height=\"83\" \/><\/p>\n<h1>CLUB DE NUIT INTENSE WOMAN<\/h1>\n<p><span dir=\"auto\">La combinaci\u00f3n del oro y la magia de una noche oscura atrae, seduce e intriga. El encanto femenino tambi\u00e9n es cautivador, especialmente en un frasco como Armaf Club De Nuit Intense. Este eau de parfum realza a la perfecci\u00f3n la individualidad, la sensualidad y el misterio de la naturaleza y la ternura de la mujer.<\/span><\/p>\n<p><span dir=\"auto\">El toque especiado de esta fragancia cautiva desde las primeras notas. Inicialmente, juega con toques de geranio, azafr\u00e1n y rosa, refrescando suavemente a las mujeres. Luego, el aroma se despliega con nuevas notas m\u00e1s persistentes y \u00e1cidas de comino, nuez moscada y pimienta. Este cuarteto crea una inusual sinfon\u00eda de aromas que te envuelve en una suave capa de seda. El final presenta acordes de vainilla, pachul\u00ed y \u00e1mbar.<\/span><\/p>\n<p><span dir=\"auto\">Armaf Club De Nuit Intense es una explosi\u00f3n vibrante de pasi\u00f3n bajo el manto de la noche, que seguramente ser\u00e1 notada y apreciada por el hombre que te interesa. No solo la fragancia en s\u00ed, sino tambi\u00e9n su elegante frasco te sorprender\u00e1n gratamente.<\/span><\/p>\n<p>&nbsp;<\/p>\n<h3>Notas Olfativas<\/h3>\n<p>&nbsp;<\/p>\n<div class=\"OverviewTab_overviewDescriptionCtr__d5ELj\">\n<div class=\"OverviewDescription_overviewDescriptionWrapper__q3hFo\">\n<p><span dir=\"auto\">Esta fragancia floral chipre, con una ex\u00f3tica mezcla de c\u00e1lidas especias, es sin duda una de las m\u00e1s cautivadoras para mujeres con un impecable sentido de la moda. Su salida floral se compone de geranio, azafr\u00e1n y rosa, con un coraz\u00f3n c\u00edtrico de alcaravea, nuez moscada, violeta y pimienta. El fondo es una tentadora fragancia de \u00e1mbar, oud, vainilla y pachul\u00ed, que se mezclan en una hermosa armon\u00eda.<\/span><\/p>\n<\/div>\n<\/div>\n<div class=\"OverviewTab_highlightsCtr__ELeP2\">\n<p><span dir=\"auto\">Club de Nuit Intense de Armaf es una fragancia floral chipre para mujeres.<\/span><\/p>\n<ul>\n<li><span dir=\"auto\"><strong>Notas de salida:<\/strong> rosa, azafr\u00e1n y geranio.<\/span><\/li>\n<li><span dir=\"auto\"><strong>Notas de coraz\u00f3n:<\/strong> nuez moscada, pimienta, violeta y alcaravea.<\/span><\/li>\n<li><span dir=\"auto\"><strong>Notas de fondo:<\/strong> pachul\u00ed, madera de agar (oud), vainilla y \u00e1mbar.<\/span><\/li>\n<\/ul>\n<\/div>\n","protected":false},"excerpt":{"rendered":"<p>CLUB DE NUIT INTENSE WOMAN La combinaci\u00f3n del oro y la magia de una noche oscura atrae, seduce e intriga.<\/p>\n","protected":false},"featured_media":91051,"comment_status":"open","ping_status":"closed","template":"","meta":{"nf_dc_page":""},"product_brand":[106],"product_cat":[84],"product_tag":[2130],"class_list":{"0":"post-91050","1":"product","2":"type-product","3":"status-publish","4":"has-post-thumbnail","6":"product_brand-armaf","7":"product_cat-perfumeria","8":"product_tag-2130","10":"first","11":"instock","12":"shipping-taxable","13":"purchasable","14":"product-type-simple"},"_links":{"self":[{"href":"https:\/\/brandss.com.py\/index\/wp-json\/wp\/v2\/product\/91050","targetHints":{"allow":["GET"]}}],"collection":[{"href":"https:\/\/brandss.com.py\/index\/wp-json\/wp\/v2\/product"}],"about":[{"href":"https:\/\/brandss.com.py\/index\/wp-json\/wp\/v2\/types\/product"}],"replies":[{"embeddable":true,"href":"https:\/\/brandss.com.py\/index\/wp-json\/wp\/v2\/comments?post=91050"}],"version-history":[{"count":1,"href":"https:\/\/brandss.com.py\/index\/wp-json\/wp\/v2\/product\/91050\/revisions"}],"predecessor-version":[{"id":91052,"href":"https:\/\/brandss.com.py\/index\/wp-json\/wp\/v2\/product\/91050\/revisions\/91052"}],"wp:featuredmedia":[{"embeddable":true,"href":"https:\/\/brandss.com.py\/index\/wp-json\/wp\/v2\/media\/91051"}],"wp:attachment":[{"href":"https:\/\/brandss.com.py\/index\/wp-json\/wp\/v2\/media?parent=91050"}],"wp:term":[{"taxonomy":"product_brand","embeddable":true,"href":"https:\/\/brandss.com.py\/index\/wp-json\/wp\/v2\/product_brand?post=91050"},{"taxonomy":"product_cat","embeddable":true,"href":"https:\/\/brandss.com.py\/index\/wp-json\/wp\/v2\/product_cat?post=91050"},{"taxonomy":"product_tag","embeddable":true,"href":"https:\/\/brandss.com.py\/index\/wp-json\/wp\/v2\/product_tag?post=91050"}],"curies":[{"name":"wp","href":"https:\/\/api.w.org\/{rel}","templated":true}]}}