{"id":91053,"date":"2025-09-23T11:34:45","date_gmt":"2025-09-23T11:34:45","guid":{"rendered":"https:\/\/brandss.com.py\/index\/?post_type=product&#038;p=91053"},"modified":"2026-03-16T17:54:58","modified_gmt":"2026-03-16T17:54:58","slug":"perfume-femenino-al-wataniah-tibyan-edp-100ml","status":"publish","type":"product","link":"https:\/\/brandss.com.py\/index\/producto\/perfume-femenino-al-wataniah-tibyan-edp-100ml\/","title":{"rendered":"PERFUME FEMENINO AL WATANIAH TIBYAN EDP 100ML"},"content":{"rendered":"<p><img loading=\"lazy\" decoding=\"async\" class=\"\" src=\"https:\/\/encrypted-tbn0.gstatic.com\/images?q=tbn:ANd9GcTZxf4M7TAbnjGvlsN_ihYlAJt7l3yucNv8ig&amp;s\" alt=\"Al Wataniah \u00b7 Trending Corporate\" width=\"81\" height=\"78\" \/><\/p>\n<h1>TIBYAN<\/h1>\n<div id=\"description\" class=\"collapse in product\">\n<p>Descubra el encanto de Tibyan, una fragancia cautivadora que teje una historia de sensualidad. Experimente su encantador encanto.<\/p>\n<blockquote><p>\u00a1Teje un cuento de sensualidad!<img loading=\"lazy\" decoding=\"async\" class=\"alignleft\" src=\"https:\/\/cdn.sistemawbuy.com.br\/arquivos\/76f18532ed6cbee3a4f3c773ef424967\/produtos\/66bf6f74b0306\/ecrtvbyn7t-66bf6f7886c4f.png\" width=\"602\" height=\"752\" \/><\/p><\/blockquote>\n<p>Sum\u00e9rjase en el encanto de Tibyan, una fragancia dise\u00f1ada para encantar y cautivar. Perfecta para quienes buscan expresar su sensualidad a trav\u00e9s de un aroma refinado e inolvidable. Deje que este perfume eleve su presencia y deje una impresi\u00f3n duradera.<\/p>\n<ul>\n<li>Fragancia duradera para una elegancia perdurable.<\/li>\n<li>Frasco de bello dise\u00f1o que refleja su lujosa esencia.<\/li>\n<li>Elaborado con ingredientes de alta calidad para una experiencia de primera.<\/li>\n<li>Ideal para llevar tanto de d\u00eda como de noche.<\/li>\n<\/ul>\n<h3><\/h3>\n<h3><strong>Notas Olfativas<\/strong><\/h3>\n<p>&nbsp;<\/p>\n<p>La fragancia se abre con las encantadoras notas de la\u00a0orqu\u00eddea, el\u00a0heliotropo\u00a0y\u00a0la mandarina, que crean una introducci\u00f3n floral y c\u00edtrica. El coraz\u00f3n revela una deliciosa mezcla de\u00a0Gourmand\u00a0y\u00a0Frutas Tropicales, a\u00f1adiendo un toque dulce y ex\u00f3tico. Por \u00faltimo, las notas de fondo de\u00a0Vainilla,\u00a0Almizcle\u00a0y\u00a0S\u00e1ndalo\u00a0proporcionan una base c\u00e1lida y reconfortante, dejando una impresi\u00f3n duradera de sensualidad y sofisticaci\u00f3n.<\/p>\n<\/div>\n<div id=\"howTo\" class=\"collapse in product\">\n<p><strong>Notas de salida<\/strong>: Orqu\u00eddea, Heliotropo, Mandarina.<\/p>\n<p><strong>Notas\u00a0de coraz\u00f3n:<\/strong> Gourmand, Frutas tropicales.<\/p>\n<p><strong>Notas<\/strong>\u00a0<strong>de fondo:<\/strong> Vainilla, Almizcle, S\u00e1ndalo.<\/p>\n<\/div>\n","protected":false},"excerpt":{"rendered":"<p>TIBYAN Descubra el encanto de Tibyan, una fragancia cautivadora que teje una historia de sensualidad. Experimente su encantador encanto. \u00a1Teje<\/p>\n","protected":false},"featured_media":91054,"comment_status":"open","ping_status":"closed","template":"","meta":{"nf_dc_page":""},"product_brand":[105],"product_cat":[84],"product_tag":[574],"class_list":{"0":"post-91053","1":"product","2":"type-product","3":"status-publish","4":"has-post-thumbnail","6":"product_brand-al-wataniah","7":"product_cat-perfumeria","8":"product_tag-574","10":"first","11":"instock","12":"shipping-taxable","13":"purchasable","14":"product-type-simple"},"_links":{"self":[{"href":"https:\/\/brandss.com.py\/index\/wp-json\/wp\/v2\/product\/91053","targetHints":{"allow":["GET"]}}],"collection":[{"href":"https:\/\/brandss.com.py\/index\/wp-json\/wp\/v2\/product"}],"about":[{"href":"https:\/\/brandss.com.py\/index\/wp-json\/wp\/v2\/types\/product"}],"replies":[{"embeddable":true,"href":"https:\/\/brandss.com.py\/index\/wp-json\/wp\/v2\/comments?post=91053"}],"version-history":[{"count":4,"href":"https:\/\/brandss.com.py\/index\/wp-json\/wp\/v2\/product\/91053\/revisions"}],"predecessor-version":[{"id":91060,"href":"https:\/\/brandss.com.py\/index\/wp-json\/wp\/v2\/product\/91053\/revisions\/91060"}],"wp:featuredmedia":[{"embeddable":true,"href":"https:\/\/brandss.com.py\/index\/wp-json\/wp\/v2\/media\/91054"}],"wp:attachment":[{"href":"https:\/\/brandss.com.py\/index\/wp-json\/wp\/v2\/media?parent=91053"}],"wp:term":[{"taxonomy":"product_brand","embeddable":true,"href":"https:\/\/brandss.com.py\/index\/wp-json\/wp\/v2\/product_brand?post=91053"},{"taxonomy":"product_cat","embeddable":true,"href":"https:\/\/brandss.com.py\/index\/wp-json\/wp\/v2\/product_cat?post=91053"},{"taxonomy":"product_tag","embeddable":true,"href":"https:\/\/brandss.com.py\/index\/wp-json\/wp\/v2\/product_tag?post=91053"}],"curies":[{"name":"wp","href":"https:\/\/api.w.org\/{rel}","templated":true}]}}