{"id":91063,"date":"2025-09-23T12:05:03","date_gmt":"2025-09-23T12:05:03","guid":{"rendered":"https:\/\/brandss.com.py\/index\/?post_type=product&#038;p=91063"},"modified":"2026-04-18T13:13:08","modified_gmt":"2026-04-18T13:13:08","slug":"perfume-unisex-ard-al-zaafaran-manaal-edp-100ml","status":"publish","type":"product","link":"https:\/\/brandss.com.py\/index\/producto\/perfume-unisex-ard-al-zaafaran-manaal-edp-100ml\/","title":{"rendered":"PERFUME UNISEX ARD AL ZAAFARAN MANAAL EDP 100ML"},"content":{"rendered":"<p><img loading=\"lazy\" decoding=\"async\" class=\"\" src=\"https:\/\/fimgs.net\/mdimg\/dizajneri\/o.2917.jpg\" alt=\"Ard Al Zaafaran Fragancias Y Colonias\" width=\"104\" height=\"104\" \/><\/p>\n<h1>MANAAL<\/h1>\n<p>Es una fragancia sofisticada y encantadora, dise\u00f1ada para quienes desean destacar con un aroma delicado pero inolvidable. Su mezcla de frutas vibrantes, flores blancas y su fondo c\u00e1lido de vainilla y s\u00e1ndalo crea una experiencia sensorial envolvente, perfecto para el d\u00eda a d\u00eda o para ocaciones especiales.<img loading=\"lazy\" decoding=\"async\" class=\"alignleft\" src=\"https:\/\/www.intenseoud.com\/cdn\/shop\/files\/5_634d5fe4-9f28-4ae6-a291-491f458676a3.webp?v=1749830752\" width=\"606\" height=\"606\" \/><\/p>\n<p>&nbsp;<\/p>\n<h3>Notas Olfativas<\/h3>\n<p>&nbsp;<\/p>\n<p><span dir=\"auto\">Manaal es una fragancia deliciosa y alegre que te envuelve en una cremosa dulzura desde la primera aplicaci\u00f3n. <\/span><\/p>\n<p><span dir=\"auto\">Se abre con una luminosa mezcla de flor de azahar, pl\u00e1tano y frutos rojos, creando un tono brillante y jugoso que cautiva al instante.<\/span><\/p>\n<p><span dir=\"auto\">En el coraz\u00f3n, notas de pistacho y lact\u00f3nicas (cremosas) crean una deliciosa suavidad y riqueza a frutos secos, que evoca un postre aterciopelado. <\/span><\/p>\n<p><span dir=\"auto\">A medida que la fragancia se asienta, la base de vainilla, almizcle y s\u00e1ndalo aporta un final suave, c\u00e1lido y reconfortante. Perfecta para quienes adoran los aromas gourmet con un toque femenino y cremoso: divertida, acogedora e irresistiblemente tentadora.<\/span><\/p>\n<p><strong><span dir=\"auto\">Notas de salida:<\/span><\/strong><span dir=\"auto\">\u00a0flor de naranja, frutos rojos, pl\u00e1tano.<\/span><br \/>\n<strong><span dir=\"auto\">Notas de coraz\u00f3n:<\/span><\/strong><span dir=\"auto\">\u00a0pistacho, notas cremosas (lactonas).<\/span><br \/>\n<strong><span dir=\"auto\">Notas de fondo:<\/span><\/strong><span dir=\"auto\">\u00a0vainilla, almizcle, s\u00e1ndalo.<\/span><\/p>\n","protected":false},"excerpt":{"rendered":"<p>MANAAL Es una fragancia sofisticada y encantadora, dise\u00f1ada para quienes desean destacar con un aroma delicado pero inolvidable. Su mezcla<\/p>\n","protected":false},"featured_media":91064,"comment_status":"open","ping_status":"closed","template":"","meta":{"nf_dc_page":""},"product_brand":[110],"product_cat":[84],"product_tag":[582],"class_list":{"0":"post-91063","1":"product","2":"type-product","3":"status-publish","4":"has-post-thumbnail","6":"product_brand-ard-al-zaafaran","7":"product_cat-perfumeria","8":"product_tag-582","10":"first","11":"instock","12":"sale","13":"shipping-taxable","14":"purchasable","15":"product-type-simple"},"_links":{"self":[{"href":"https:\/\/brandss.com.py\/index\/wp-json\/wp\/v2\/product\/91063","targetHints":{"allow":["GET"]}}],"collection":[{"href":"https:\/\/brandss.com.py\/index\/wp-json\/wp\/v2\/product"}],"about":[{"href":"https:\/\/brandss.com.py\/index\/wp-json\/wp\/v2\/types\/product"}],"replies":[{"embeddable":true,"href":"https:\/\/brandss.com.py\/index\/wp-json\/wp\/v2\/comments?post=91063"}],"version-history":[{"count":1,"href":"https:\/\/brandss.com.py\/index\/wp-json\/wp\/v2\/product\/91063\/revisions"}],"predecessor-version":[{"id":91068,"href":"https:\/\/brandss.com.py\/index\/wp-json\/wp\/v2\/product\/91063\/revisions\/91068"}],"wp:featuredmedia":[{"embeddable":true,"href":"https:\/\/brandss.com.py\/index\/wp-json\/wp\/v2\/media\/91064"}],"wp:attachment":[{"href":"https:\/\/brandss.com.py\/index\/wp-json\/wp\/v2\/media?parent=91063"}],"wp:term":[{"taxonomy":"product_brand","embeddable":true,"href":"https:\/\/brandss.com.py\/index\/wp-json\/wp\/v2\/product_brand?post=91063"},{"taxonomy":"product_cat","embeddable":true,"href":"https:\/\/brandss.com.py\/index\/wp-json\/wp\/v2\/product_cat?post=91063"},{"taxonomy":"product_tag","embeddable":true,"href":"https:\/\/brandss.com.py\/index\/wp-json\/wp\/v2\/product_tag?post=91063"}],"curies":[{"name":"wp","href":"https:\/\/api.w.org\/{rel}","templated":true}]}}