{"id":91069,"date":"2025-09-23T13:18:44","date_gmt":"2025-09-23T13:18:44","guid":{"rendered":"https:\/\/brandss.com.py\/index\/?post_type=product&#038;p=91069"},"modified":"2026-03-17T10:34:21","modified_gmt":"2026-03-17T10:34:21","slug":"perfume-unisex-french-avenue-cocoa-morado-edp-100ml","status":"publish","type":"product","link":"https:\/\/brandss.com.py\/index\/producto\/perfume-unisex-french-avenue-cocoa-morado-edp-100ml\/","title":{"rendered":"PERFUME UNISEX FRENCH AVENUE COCOA MORADO EDP 100ML"},"content":{"rendered":"<p><img loading=\"lazy\" decoding=\"async\" class=\"\" src=\"https:\/\/acdn-us.mitiendanube.com\/stores\/004\/407\/494\/products\/logo-french-avenue-9cf060d2d3a303a77f17393022358551-1024-1024.png\" alt=\"Liquid Brun 100ml - Fragancia Amaderada y Sofisticada\" width=\"142\" height=\"53\" \/><\/p>\n<h1>COCOA MORADO<\/h1>\n<p><em><strong><span dir=\"auto\">Libera tu encanto<\/span><\/strong><\/em><\/p>\n<p>Es una fragancia indulgente y opulenta que combina con maestr\u00eda especias c\u00e1lidas, ricos toques gourmand y maderas suntuosas, creando una experiencia olfativa decadente e inolvidable. Perfecto para quienes buscan complejidad y elegancia, este perfume es una verdadera celebraci\u00f3n de la sofisticaci\u00f3n audaz.<img loading=\"lazy\" decoding=\"async\" class=\"alignleft\" src=\"https:\/\/fragarabic.com\/cdn\/shop\/files\/Cocoa_Morado_French_Avenue_Eau_de_Parfum_Unisex_con_fondo.webp?v=1753096250&amp;width=1024\" width=\"562\" height=\"562\" \/><\/p>\n<p><span dir=\"auto\">Deja que Cocoa Morado te transporte a un mundo de lujosa indulgencia, donde los dulces acordes gourmand y las especias ex\u00f3ticas se combinan para crear un aroma verdaderamente inolvidable.<\/span><\/p>\n<p><span dir=\"auto\">Con su opulenta mezcla de notas, Cocoa Morado de French Avenue es tu fragancia preferida para llamar la atenci\u00f3n y exudar una elegancia atemporal.<\/span><\/p>\n<p>&nbsp;<\/p>\n<h3>Notas Olfativas<\/h3>\n<p>Cocoa Morado es la opci\u00f3n ideal para quienes buscan una fragancia lujosa y gourmand con un toque ahumado y especiado. Su rica composici\u00f3n la hace perfecta para la noche, ocasiones especiales o para dejar una impresi\u00f3n impactante y duradera.<\/p>\n<p><span dir=\"auto\">La fragancia se abre con una explosi\u00f3n de especias, como canela, cardamomo y pimienta rosa, equilibrada por la suntuosa intensidad del azafr\u00e1n, la nuez moscada y el jengibre. Este vigorizante comienzo crea un tono din\u00e1mico y sensual, envolviendo inmediatamente los sentidos con calidez e intriga.<\/span><\/p>\n<p><span dir=\"auto\">En el coraz\u00f3n, la fragancia adquiere un cariz rico y opulento. El caramelo dulce y almibarado y los d\u00e1tiles se combinan a la perfecci\u00f3n con el oud ahumado, el incienso y la mirra, creando un coraz\u00f3n cautivador y arom\u00e1tico. Las notas de ca\u00f1a de az\u00facar y madera de \u00e1mbar aportan una dulzura cremosa, mientras que la davana introduce una sutil elegancia afrutada, a\u00f1adiendo capas de complejidad.<\/span><\/p>\n<p><span dir=\"auto\">La base proporciona un final suntuoso y duradero. La cremosa vainilla de Madagascar y la manteca de cacao envuelven la composici\u00f3n en un abrazo aterciopelado, mientras que el pachul\u00ed terroso y el cuero suave aportan profundidad. La haba tonka, el benju\u00ed y el l\u00e1dano realzan la calidez con su dulzor resinoso, mientras que el almizcle y el mate contribuyen a un final sofisticado y persistente.<\/span><\/p>\n<ul>\n<li><strong><span dir=\"auto\">Notas de salida:<\/span><\/strong><span dir=\"auto\"> canela, cardamomo, pimienta rosa, azafr\u00e1n, nuez moscada, jengibre.<\/span><\/li>\n<li><strong><span dir=\"auto\">Notas de coraz\u00f3n:<\/span><\/strong><span dir=\"auto\"> caramelo, d\u00e1tiles, madera de oud, ca\u00f1a de az\u00facar, madera de \u00e1mbar, incienso, mirra, davana.<\/span><\/li>\n<li><strong><span dir=\"auto\">Notas de fondo:<\/span><\/strong><span dir=\"auto\">\u00a0vainilla de Madagascar, haba tonka, benju\u00ed, manteca de cacao, cuero, l\u00e1dano, pachul\u00ed, almizcle, mate.<\/span><\/li>\n<\/ul>\n","protected":false},"excerpt":{"rendered":"<p>COCOA MORADO Libera tu encanto Es una fragancia indulgente y opulenta que combina con maestr\u00eda especias c\u00e1lidas, ricos toques gourmand<\/p>\n","protected":false},"featured_media":91070,"comment_status":"open","ping_status":"closed","template":"","meta":{"nf_dc_page":""},"product_brand":[112],"product_cat":[84],"product_tag":[593],"class_list":{"0":"post-91069","1":"product","2":"type-product","3":"status-publish","4":"has-post-thumbnail","6":"product_brand-french-avenue","7":"product_cat-perfumeria","8":"product_tag-593","10":"first","11":"instock","12":"sale","13":"shipping-taxable","14":"purchasable","15":"product-type-simple"},"_links":{"self":[{"href":"https:\/\/brandss.com.py\/index\/wp-json\/wp\/v2\/product\/91069","targetHints":{"allow":["GET"]}}],"collection":[{"href":"https:\/\/brandss.com.py\/index\/wp-json\/wp\/v2\/product"}],"about":[{"href":"https:\/\/brandss.com.py\/index\/wp-json\/wp\/v2\/types\/product"}],"replies":[{"embeddable":true,"href":"https:\/\/brandss.com.py\/index\/wp-json\/wp\/v2\/comments?post=91069"}],"version-history":[{"count":1,"href":"https:\/\/brandss.com.py\/index\/wp-json\/wp\/v2\/product\/91069\/revisions"}],"predecessor-version":[{"id":91078,"href":"https:\/\/brandss.com.py\/index\/wp-json\/wp\/v2\/product\/91069\/revisions\/91078"}],"wp:featuredmedia":[{"embeddable":true,"href":"https:\/\/brandss.com.py\/index\/wp-json\/wp\/v2\/media\/91070"}],"wp:attachment":[{"href":"https:\/\/brandss.com.py\/index\/wp-json\/wp\/v2\/media?parent=91069"}],"wp:term":[{"taxonomy":"product_brand","embeddable":true,"href":"https:\/\/brandss.com.py\/index\/wp-json\/wp\/v2\/product_brand?post=91069"},{"taxonomy":"product_cat","embeddable":true,"href":"https:\/\/brandss.com.py\/index\/wp-json\/wp\/v2\/product_cat?post=91069"},{"taxonomy":"product_tag","embeddable":true,"href":"https:\/\/brandss.com.py\/index\/wp-json\/wp\/v2\/product_tag?post=91069"}],"curies":[{"name":"wp","href":"https:\/\/api.w.org\/{rel}","templated":true}]}}