{"id":91079,"date":"2025-09-23T13:47:57","date_gmt":"2025-09-23T13:47:57","guid":{"rendered":"https:\/\/brandss.com.py\/index\/?post_type=product&#038;p=91079"},"modified":"2026-03-16T14:24:38","modified_gmt":"2026-03-16T14:24:38","slug":"perfume-masculino-french-avenue-pinnace-noir-edp-100ml","status":"publish","type":"product","link":"https:\/\/brandss.com.py\/index\/producto\/perfume-masculino-french-avenue-pinnace-noir-edp-100ml\/","title":{"rendered":"PERFUME MASCULINO FRENCH AVENUE PINNACE NOIR EDP 100ML"},"content":{"rendered":"<p><img loading=\"lazy\" decoding=\"async\" class=\"\" src=\"https:\/\/acdn-us.mitiendanube.com\/stores\/004\/407\/494\/products\/logo-french-avenue-9cf060d2d3a303a77f17393022358551-1024-1024.png\" alt=\"Liquid Brun 100ml - Fragancia Amaderada y Sofisticada\" width=\"179\" height=\"67\" \/><\/p>\n<h1>PINNACE NOIR<\/h1>\n<p>Sum\u00e9rgete en la sofisticada elegancia de Pinnace Noir, una distinguida fragancia cautivadora que combina notas de salida frescas y c\u00edtricas con un coraz\u00f3n c\u00e1lido y especiado, culminando en una base rica y sensual.<\/p>\n<p><span dir=\"auto\">Pinnace Noir es una fragancia que irradia refinamiento y encanto, perfecta para quienes aprecian un aroma complejo y cautivador. Ya sea para una ocasi\u00f3n especial o para un capricho diario, este exquisito perfume promete dejar una huella imborrable, envolvi\u00e9ndote en un velo de elegancia y seducci\u00f3n.<\/span><\/p>\n<p><span dir=\"auto\">Del\u00e9itese con el sofisticado y cautivador aroma de Pinnace Noir. Deje que su armoniosa combinaci\u00f3n de notas de salida frescas y c\u00edtricas, un coraz\u00f3n c\u00e1lido y especiado, y un fondo rico y sensual le transporte a un reino de elegancia y encanto, dejando una huella imborrable dondequiera que vaya.<\/span><\/p>\n<p><img loading=\"lazy\" decoding=\"async\" class=\"alignleft\" src=\"https:\/\/fragarabic.com\/cdn\/shop\/files\/Pinnace_Noir_French_Avenue_Eau_de_Parfum_Para_Hombre_con_fondo.webp?v=1753256051&amp;width=1024\" width=\"613\" height=\"613\" \/><\/p>\n<h3>Notas Olfativas<\/h3>\n<p>&nbsp;<\/p>\n<p><span dir=\"auto\">Pinnace Noir es una fragancia de la familia olfativa Arom\u00e1tica Frutal para Hombres. Esta fragrancia es nueva. Pinnace Noir se lanz\u00f3 en 2024. La Nariz detr\u00e1s de esta fragrancia es Miroslav Petkov. En primer plano, Pinnace Noir se abre con la vibrante y vigorizante mezcla de manzana, bergamota, lim\u00f3n y flor de azahar. El aroma fresco y jugoso de la manzana se funde con la frescura c\u00edtrica de la bergamota y el lim\u00f3n, mientras que la delicada nota floral de la flor de azahar a\u00f1ade un toque de elegancia, creando una entrada estimulante y encantadora.<\/span><\/p>\n<p><span dir=\"auto\">A medida que la fragancia evoluciona, el coraz\u00f3n revela una c\u00e1lida y especiada mezcla de canela, clavo, geranio y palo de rosa. La calidez especiada de la canela y el clavo aporta profundidad y riqueza, mientras que las notas florales del geranio y el aroma amaderado del palo de rosa proporcionan un equilibrio armonioso, realzando la complejidad de la composici\u00f3n.<\/span><\/p>\n<p><span dir=\"auto\">En el fondo, Pinnace Noir deja una huella imborrable con las lujosas notas de cedro, s\u00e1ndalo y vainilla. El aroma amaderado del cedro y el s\u00e1ndalo aporta calidez y sofisticaci\u00f3n, mientras que la vainilla aporta una dulzura cremosa que envuelve los sentidos, creando un final reconfortante y sensual.<\/span><\/p>\n<p>&nbsp;<\/p>\n<ul>\n<li><strong><span dir=\"auto\">Notas de salida:<\/span><\/strong><span dir=\"auto\">\u00a0manzana, bergamota, lim\u00f3n, flor de naranja.<\/span><\/li>\n<li><strong><span dir=\"auto\">Notas de coraz\u00f3n:<\/span><\/strong><span dir=\"auto\"> Canela, clavo, geranio, palo de rosa.<\/span><\/li>\n<li><strong><span dir=\"auto\">Notas de fondo:<\/span><\/strong><span dir=\"auto\"> Cedro, S\u00e1ndalo, Vainilla.<\/span><\/li>\n<\/ul>\n","protected":false},"excerpt":{"rendered":"<p>PINNACE NOIR Sum\u00e9rgete en la sofisticada elegancia de Pinnace Noir, una distinguida fragancia cautivadora que combina notas de salida frescas<\/p>\n","protected":false},"featured_media":91080,"comment_status":"open","ping_status":"closed","template":"","meta":{"nf_dc_page":""},"product_brand":[112],"product_cat":[84],"product_tag":[596],"class_list":{"0":"post-91079","1":"product","2":"type-product","3":"status-publish","4":"has-post-thumbnail","6":"product_brand-french-avenue","7":"product_cat-perfumeria","8":"product_tag-596","10":"first","11":"instock","12":"shipping-taxable","13":"purchasable","14":"product-type-simple"},"_links":{"self":[{"href":"https:\/\/brandss.com.py\/index\/wp-json\/wp\/v2\/product\/91079","targetHints":{"allow":["GET"]}}],"collection":[{"href":"https:\/\/brandss.com.py\/index\/wp-json\/wp\/v2\/product"}],"about":[{"href":"https:\/\/brandss.com.py\/index\/wp-json\/wp\/v2\/types\/product"}],"replies":[{"embeddable":true,"href":"https:\/\/brandss.com.py\/index\/wp-json\/wp\/v2\/comments?post=91079"}],"version-history":[{"count":2,"href":"https:\/\/brandss.com.py\/index\/wp-json\/wp\/v2\/product\/91079\/revisions"}],"predecessor-version":[{"id":91086,"href":"https:\/\/brandss.com.py\/index\/wp-json\/wp\/v2\/product\/91079\/revisions\/91086"}],"wp:featuredmedia":[{"embeddable":true,"href":"https:\/\/brandss.com.py\/index\/wp-json\/wp\/v2\/media\/91080"}],"wp:attachment":[{"href":"https:\/\/brandss.com.py\/index\/wp-json\/wp\/v2\/media?parent=91079"}],"wp:term":[{"taxonomy":"product_brand","embeddable":true,"href":"https:\/\/brandss.com.py\/index\/wp-json\/wp\/v2\/product_brand?post=91079"},{"taxonomy":"product_cat","embeddable":true,"href":"https:\/\/brandss.com.py\/index\/wp-json\/wp\/v2\/product_cat?post=91079"},{"taxonomy":"product_tag","embeddable":true,"href":"https:\/\/brandss.com.py\/index\/wp-json\/wp\/v2\/product_tag?post=91079"}],"curies":[{"name":"wp","href":"https:\/\/api.w.org\/{rel}","templated":true}]}}