{"id":91087,"date":"2025-09-23T14:25:58","date_gmt":"2025-09-23T14:25:58","guid":{"rendered":"https:\/\/brandss.com.py\/index\/?post_type=product&#038;p=91087"},"modified":"2025-11-26T13:47:04","modified_gmt":"2025-11-26T13:47:04","slug":"perfume-unisex-french-avenue-pinnace-edp-100ml","status":"publish","type":"product","link":"https:\/\/brandss.com.py\/index\/producto\/perfume-unisex-french-avenue-pinnace-edp-100ml\/","title":{"rendered":"PERFUME UNISEX FRENCH AVENUE PINNACE EDP 100ML"},"content":{"rendered":"<p><img loading=\"lazy\" decoding=\"async\" class=\"\" src=\"https:\/\/acdn-us.mitiendanube.com\/stores\/004\/407\/494\/products\/logo-french-avenue-9cf060d2d3a303a77f17393022358551-1024-1024.png\" alt=\"Liquid Brun 100ml - Fragancia Amaderada y Sofisticada\" width=\"121\" height=\"45\" \/><\/p>\n<h1>PINNACE<\/h1>\n<p><em><strong>Fresco, elegante e inolvidable.<\/strong><\/em><\/p>\n<p>Es un aroma que te recuerda a una suave brisa y te invita a\u00a0aguas tranquilas. Esta fragancia unisex presenta una composici\u00f3n compleja y armoniosamente equilibrada.<\/p>\n<p><span dir=\"auto\">Pinnace es una fragancia que irradia frescura y elegancia, perfecta para quienes aprecian un aroma refinado y din\u00e1mico. Ya sea para usar durante el d\u00eda o para una noche especial, este exquisito perfume promete envolverte en un velo de sofisticaci\u00f3n y encanto, dejando una huella imborrable dondequiera que vayas.<\/span><\/p>\n<p><span dir=\"auto\">Del\u00e9itese con el vibrante y sofisticado aroma de Pinnace. Deje que su armoniosa combinaci\u00f3n de c\u00edtricos vibrantes, menta fresca y notas de fondo c\u00e1lidas y sensuales estimule sus sentidos y deje una impresi\u00f3n duradera de frescura y elegancia.<\/span><\/p>\n<p><img loading=\"lazy\" decoding=\"async\" class=\"alignleft\" src=\"https:\/\/perfun.pl\/wp-content\/uploads\/2025\/04\/fragrance-world-pinnace-white-video.jpg\" width=\"538\" height=\"538\" \/><\/p>\n<h3>Notas Olfativas<\/h3>\n<p>&nbsp;<\/p>\n<p><span dir=\"auto\">Sum\u00e9rgete en el refrescante y sofisticado aroma de Pinnace, una fragancia cautivadora que combina c\u00edtricos vibrantes, menta fresca y notas de fondo c\u00e1lidas y sensuales para crear un aroma vibrante y elegante, perfecto para cualquier ocasi\u00f3n.<\/span><\/p>\n<p><span dir=\"auto\">Al principio, Pinnace se abre con las vigorizantes y vibrantes notas de naranja y pomelo. Su aroma c\u00edtrico, fresco y \u00e1cido, crea una entrada estimulante y energizante que despierta los sentidos y crea un ambiente vibrante.<\/span><\/p>\n<p><span dir=\"auto\">A medida que la fragancia se desarrolla, el coraz\u00f3n revela una refrescante mezcla de menta y grosella negra. El fresco y fresco aroma de la menta a\u00f1ade un toque de sofisticaci\u00f3n, mientras que la grosella negra aporta una sutil dulzura afrutada, equilibrando la composici\u00f3n y aportando profundidad.<\/span><\/p>\n<p><span dir=\"auto\">En la base, Pinnace deja una huella imborrable con las c\u00e1lidas y sensuales notas de ambroxan y almizcle. El ambroxan proporciona una textura suave y aterciopelada y un toque de calidez, mientras que el almizcle aporta una cualidad suave y sensual que perdura en la piel, creando un final seductor y memorable.<\/span><\/p>\n<p>&nbsp;<\/p>\n<ul>\n<li><strong><span dir=\"auto\">Notas de salida:<\/span><\/strong><span dir=\"auto\"> naranja, pomelo.<\/span><\/li>\n<li><strong><span dir=\"auto\">Notas de coraz\u00f3n:<\/span><\/strong><span dir=\"auto\"> menta, grosella negra.<\/span><\/li>\n<li><strong><span dir=\"auto\">Notas de fondo:<\/span><\/strong><span dir=\"auto\"> Ambroxan, Almizcle.<\/span><\/li>\n<\/ul>\n","protected":false},"excerpt":{"rendered":"<p>PINNACE Fresco, elegante e inolvidable. Es un aroma que te recuerda a una suave brisa y te invita a\u00a0aguas tranquilas.<\/p>\n","protected":false},"featured_media":91088,"comment_status":"open","ping_status":"closed","template":"","meta":{"nf_dc_page":""},"product_brand":[112],"product_cat":[84],"product_tag":[597],"class_list":{"0":"post-91087","1":"product","2":"type-product","3":"status-publish","4":"has-post-thumbnail","6":"product_brand-french-avenue","7":"product_cat-perfumeria","8":"product_tag-597","10":"first","11":"instock","12":"sale","13":"shipping-taxable","14":"purchasable","15":"product-type-simple"},"_links":{"self":[{"href":"https:\/\/brandss.com.py\/index\/wp-json\/wp\/v2\/product\/91087","targetHints":{"allow":["GET"]}}],"collection":[{"href":"https:\/\/brandss.com.py\/index\/wp-json\/wp\/v2\/product"}],"about":[{"href":"https:\/\/brandss.com.py\/index\/wp-json\/wp\/v2\/types\/product"}],"replies":[{"embeddable":true,"href":"https:\/\/brandss.com.py\/index\/wp-json\/wp\/v2\/comments?post=91087"}],"version-history":[{"count":1,"href":"https:\/\/brandss.com.py\/index\/wp-json\/wp\/v2\/product\/91087\/revisions"}],"predecessor-version":[{"id":91094,"href":"https:\/\/brandss.com.py\/index\/wp-json\/wp\/v2\/product\/91087\/revisions\/91094"}],"wp:featuredmedia":[{"embeddable":true,"href":"https:\/\/brandss.com.py\/index\/wp-json\/wp\/v2\/media\/91088"}],"wp:attachment":[{"href":"https:\/\/brandss.com.py\/index\/wp-json\/wp\/v2\/media?parent=91087"}],"wp:term":[{"taxonomy":"product_brand","embeddable":true,"href":"https:\/\/brandss.com.py\/index\/wp-json\/wp\/v2\/product_brand?post=91087"},{"taxonomy":"product_cat","embeddable":true,"href":"https:\/\/brandss.com.py\/index\/wp-json\/wp\/v2\/product_cat?post=91087"},{"taxonomy":"product_tag","embeddable":true,"href":"https:\/\/brandss.com.py\/index\/wp-json\/wp\/v2\/product_tag?post=91087"}],"curies":[{"name":"wp","href":"https:\/\/api.w.org\/{rel}","templated":true}]}}