{"id":91095,"date":"2025-09-23T17:12:47","date_gmt":"2025-09-23T17:12:47","guid":{"rendered":"https:\/\/brandss.com.py\/index\/?post_type=product&#038;p=91095"},"modified":"2026-04-11T12:16:40","modified_gmt":"2026-04-11T12:16:40","slug":"perfume-unisex-lattafa-petra-edp-100ml","status":"publish","type":"product","link":"https:\/\/brandss.com.py\/index\/producto\/perfume-unisex-lattafa-petra-edp-100ml\/","title":{"rendered":"PERFUME UNISEX LATTAFA PETRA EDP 100ML"},"content":{"rendered":"<p><img loading=\"lazy\" decoding=\"async\" class=\"\" src=\"https:\/\/myscentjourney.s3.us-east-2.amazonaws.com\/2022\/02\/14\/29KIascent_j_marca_1644871114_202.png\" alt=\"MSJ::LATTAFA\" width=\"69\" height=\"82\" \/><\/p>\n<h1>PETRA<\/h1>\n<p>Es una fragancia audaz y cautivadora, que combina sensualidad y dulzura con un toque ex\u00f3tico. <span dir=\"auto\">Dado que su nombre proviene de \u00ab\u03c0\u03ad\u03c4\u03c1\u03b1\u00bb (petra),\u00a0<\/span><span dir=\"auto\">el Perfume Petra <\/span><span dir=\"auto\">es mucho m\u00e1s que una simple fragancia: te transforma a trav\u00e9s de su aroma. Inspirado en la relajante belleza del Mediterr\u00e1neo, Petra inmortaliza el significado de alcanzar el punto m\u00e1s intenso del verano. <\/span><span dir=\"auto\">As\u00ed, obtienes una fragancia que captura la calidez, las flores y los recuerdos, y los conserva para siempre. <img loading=\"lazy\" decoding=\"async\" class=\"alignleft\" src=\"https:\/\/arabicparfums.com\/cdn\/shop\/files\/51J36nbO-2L._SL1080_700x700.webp?v=1749541328\" width=\"559\" height=\"560\" \/><\/span><\/p>\n<p><em>Es una fragancia que no distingue g\u00e9nero, solo intensidad. Petra no se lleva, se conquista!!!<\/em><\/p>\n<p>&nbsp;<\/p>\n<h3>Notas Olfativas<\/h3>\n<p>&nbsp;<\/p>\n<p>El perfume Petra<span dir=\"ltr\" lang=\"es-MX\">\u00a0EDP de\u00a0<\/span><span dir=\"ltr\" lang=\"es-PY\">Lattafa<\/span><span dir=\"ltr\" lang=\"es-MX\">\u00a0<\/span>es una fragancia de la familia olfativa floral frutal gourmand<span dir=\"ltr\" lang=\"es-MX\">\u00a0<\/span>para\u00a0<span dir=\"ltr\" lang=\"es-MX\">hombres y mujeres<\/span>.\u00a0<span dir=\"ltr\" lang=\"es-PY\">Con una concentraci\u00f3n tipo Eau de Parfum, ofrece una alta intensidad y durabilidad en la piel. Esta fragancia es nueva, se lanz\u00f3 en 2025. <\/span>Petra es un elixir tallado en placer, como la ciudad de piedra que inspira su nombre: misteriosa, eterna, profundamente carnal. El ron se abre c\u00e1lido y embriagador, acariciado por la dulzura oscura de la ciruela madura. En el coraz\u00f3n, los nardos se desnudan entre acordes cremosos de coco, provocando un vaiv\u00e9n entre lo et\u00e9reo y lo pecaminoso. La vainilla y el pralin\u00e9 susurran indulgencia con una textura golosa, casi adictiva. El almizcle aparece como un velo limpio y envolvente, sellando la piel con una estela \u00edntima y provocadora.<\/p>\n<p><span dir=\"ltr\" lang=\"es-PY\">Sus notas arom\u00e1ticas se componen de los siguientes ingredientes.<\/span><\/p>\n<ul>\n<li><span dir=\"ltr\" lang=\"es-PY\"><strong>Notas de salida:\u00a0<\/strong><\/span><span dir=\"ltr\" lang=\"es-PY\">R<\/span><span dir=\"ltr\" lang=\"es-MX\">on, ciruela.<\/span><\/li>\n<li><span dir=\"ltr\" lang=\"es-PY\"><strong>Notas de coraz\u00f3n:<\/strong> Nardos, coco.<\/span><\/li>\n<li><strong>Notas de fondo:\u00a0<\/strong>Vainilla, pralin\u00e9, almizcle.<\/li>\n<\/ul>\n","protected":false},"excerpt":{"rendered":"<p>PETRA Es una fragancia audaz y cautivadora, que combina sensualidad y dulzura con un toque ex\u00f3tico. Dado que su nombre<\/p>\n","protected":false},"featured_media":91096,"comment_status":"open","ping_status":"closed","template":"","meta":{"nf_dc_page":""},"product_brand":[109],"product_cat":[84],"product_tag":[673],"class_list":{"0":"post-91095","1":"product","2":"type-product","3":"status-publish","4":"has-post-thumbnail","6":"product_brand-lattafa","7":"product_cat-perfumeria","8":"product_tag-673","10":"first","11":"instock","12":"sale","13":"shipping-taxable","14":"purchasable","15":"product-type-simple"},"_links":{"self":[{"href":"https:\/\/brandss.com.py\/index\/wp-json\/wp\/v2\/product\/91095","targetHints":{"allow":["GET"]}}],"collection":[{"href":"https:\/\/brandss.com.py\/index\/wp-json\/wp\/v2\/product"}],"about":[{"href":"https:\/\/brandss.com.py\/index\/wp-json\/wp\/v2\/types\/product"}],"replies":[{"embeddable":true,"href":"https:\/\/brandss.com.py\/index\/wp-json\/wp\/v2\/comments?post=91095"}],"version-history":[{"count":1,"href":"https:\/\/brandss.com.py\/index\/wp-json\/wp\/v2\/product\/91095\/revisions"}],"predecessor-version":[{"id":91103,"href":"https:\/\/brandss.com.py\/index\/wp-json\/wp\/v2\/product\/91095\/revisions\/91103"}],"wp:featuredmedia":[{"embeddable":true,"href":"https:\/\/brandss.com.py\/index\/wp-json\/wp\/v2\/media\/91096"}],"wp:attachment":[{"href":"https:\/\/brandss.com.py\/index\/wp-json\/wp\/v2\/media?parent=91095"}],"wp:term":[{"taxonomy":"product_brand","embeddable":true,"href":"https:\/\/brandss.com.py\/index\/wp-json\/wp\/v2\/product_brand?post=91095"},{"taxonomy":"product_cat","embeddable":true,"href":"https:\/\/brandss.com.py\/index\/wp-json\/wp\/v2\/product_cat?post=91095"},{"taxonomy":"product_tag","embeddable":true,"href":"https:\/\/brandss.com.py\/index\/wp-json\/wp\/v2\/product_tag?post=91095"}],"curies":[{"name":"wp","href":"https:\/\/api.w.org\/{rel}","templated":true}]}}