{"id":91104,"date":"2025-09-23T18:32:14","date_gmt":"2025-09-23T18:32:14","guid":{"rendered":"https:\/\/brandss.com.py\/index\/?post_type=product&#038;p=91104"},"modified":"2025-11-27T13:48:09","modified_gmt":"2025-11-27T13:48:09","slug":"perfume-unisex-lattafa-pride-dream-of-haze-edp-100ml","status":"publish","type":"product","link":"https:\/\/brandss.com.py\/index\/producto\/perfume-unisex-lattafa-pride-dream-of-haze-edp-100ml\/","title":{"rendered":"PERFUME UNISEX LATTAFA PRIDE DREAM OF HAZE EDP 100ML"},"content":{"rendered":"<p><img loading=\"lazy\" decoding=\"async\" class=\"\" src=\"https:\/\/myscentjourney.s3.us-east-2.amazonaws.com\/2022\/02\/14\/29KIascent_j_marca_1644871114_202.png\" alt=\"MSJ::LATTAFA\" width=\"78\" height=\"93\" \/><\/p>\n<h1>PRIDE DREAM OF HAZE<\/h1>\n<p><span dir=\"auto\">Descubre el equilibrio perfecto entre modernidad, tradici\u00f3n \u00e1rabe y sofisticaci\u00f3n con Dream Of Haze, una fragancia unisex dise\u00f1ada para quienes buscan una firma olfativa impactante, \u00fanica y duradera. Dream Of Haze es una fragancia cautivadora que combina una frescura refrescante, una c\u00e1lida sensualidad y una profunda sofisticaci\u00f3n en un frasco exquisito. Creado para quienes se atreven a abrazar su carisma, este Eau de Parfum es un viaje a trav\u00e9s de una frescura vigorizante, un encanto picante y una profundidad aterciopelada, perfecto tanto para el d\u00eda como para la noche.<img loading=\"lazy\" decoding=\"async\" class=\"alignleft\" src=\"https:\/\/www.intenseoud.com\/cdn\/shop\/files\/8_aad58532-a9fe-436b-bf39-6859c5937735.webp?v=1752622791\" width=\"649\" height=\"649\" \/><\/span><\/p>\n<p>Dream Of Haze es m\u00e1s que un simple perfume: es una declaraci\u00f3n de confianza, encanto y elegancia atemporal. Ya sea para una velada \u00edntima o para una salida audaz, esta fragancia deja una impresi\u00f3n tan memorable como cautivadora.<\/p>\n<p>&nbsp;<\/p>\n<h3>Notas Olfativas<\/h3>\n<p>&nbsp;<\/p>\n<p><span dir=\"auto\">Dream of Haze es una fragancia audaz y carism\u00e1tica que se abre con un giro inesperado: el acorde de menta y manzana shisha, que ofrece una entrada fresca, dulce y ligeramente ahumada que se siente moderna y alegre. A medida que se despliega el aroma, el coraz\u00f3n revela una suave mezcla especiada de canela, lavanda y artemisia, creando una complejidad en capas que se siente c\u00e1lida, arom\u00e1tica y ligeramente misteriosa.<\/span><\/p>\n<p><span dir=\"auto\">En la base, el tabaco, el pachul\u00ed y el haba tonka se envuelven en un intenso \u00e1mbar, creando una estela ahumada y dulce que perdura con una profundidad sensual. Perfecto para quienes buscan una fragancia unisex distintiva que fusiona dulzura, especias y humo en una seductora esencia.<\/span><\/p>\n<p><strong><span dir=\"auto\">Notas de salida:<\/span><\/strong><span dir=\"auto\">\u00a0menta, manzana y acorde de shisha.<\/span><br \/>\n<strong><span dir=\"auto\">Notas de coraz\u00f3n:<\/span><\/strong><span dir=\"auto\">\u00a0canela, lavanda y artemisia.<\/span><br \/>\n<strong><span dir=\"auto\">Notas de fondo:<\/span><\/strong><span dir=\"auto\">\u00a0tabaco, pachul\u00ed, haba tonka y \u00e1mbar.<\/span><\/p>\n<p data-start=\"1004\" data-end=\"1286\">\n","protected":false},"excerpt":{"rendered":"<p>PRIDE DREAM OF HAZE Descubre el equilibrio perfecto entre modernidad, tradici\u00f3n \u00e1rabe y sofisticaci\u00f3n con Dream Of Haze, una fragancia<\/p>\n","protected":false},"featured_media":91105,"comment_status":"open","ping_status":"closed","template":"","meta":{"nf_dc_page":""},"product_brand":[109],"product_cat":[84],"product_tag":[674],"class_list":{"0":"post-91104","1":"product","2":"type-product","3":"status-publish","4":"has-post-thumbnail","6":"product_brand-lattafa","7":"product_cat-perfumeria","8":"product_tag-674","10":"first","11":"outofstock","12":"sale","13":"shipping-taxable","14":"purchasable","15":"product-type-simple"},"_links":{"self":[{"href":"https:\/\/brandss.com.py\/index\/wp-json\/wp\/v2\/product\/91104","targetHints":{"allow":["GET"]}}],"collection":[{"href":"https:\/\/brandss.com.py\/index\/wp-json\/wp\/v2\/product"}],"about":[{"href":"https:\/\/brandss.com.py\/index\/wp-json\/wp\/v2\/types\/product"}],"replies":[{"embeddable":true,"href":"https:\/\/brandss.com.py\/index\/wp-json\/wp\/v2\/comments?post=91104"}],"version-history":[{"count":1,"href":"https:\/\/brandss.com.py\/index\/wp-json\/wp\/v2\/product\/91104\/revisions"}],"predecessor-version":[{"id":91112,"href":"https:\/\/brandss.com.py\/index\/wp-json\/wp\/v2\/product\/91104\/revisions\/91112"}],"wp:featuredmedia":[{"embeddable":true,"href":"https:\/\/brandss.com.py\/index\/wp-json\/wp\/v2\/media\/91105"}],"wp:attachment":[{"href":"https:\/\/brandss.com.py\/index\/wp-json\/wp\/v2\/media?parent=91104"}],"wp:term":[{"taxonomy":"product_brand","embeddable":true,"href":"https:\/\/brandss.com.py\/index\/wp-json\/wp\/v2\/product_brand?post=91104"},{"taxonomy":"product_cat","embeddable":true,"href":"https:\/\/brandss.com.py\/index\/wp-json\/wp\/v2\/product_cat?post=91104"},{"taxonomy":"product_tag","embeddable":true,"href":"https:\/\/brandss.com.py\/index\/wp-json\/wp\/v2\/product_tag?post=91104"}],"curies":[{"name":"wp","href":"https:\/\/api.w.org\/{rel}","templated":true}]}}