{"id":91113,"date":"2025-09-23T19:07:23","date_gmt":"2025-09-23T19:07:23","guid":{"rendered":"https:\/\/brandss.com.py\/index\/?post_type=product&#038;p=91113"},"modified":"2026-03-17T13:44:21","modified_gmt":"2026-03-17T13:44:21","slug":"perfume-unisex-lattafa-pride-sur-mesure-noir-edp-100ml","status":"publish","type":"product","link":"https:\/\/brandss.com.py\/index\/producto\/perfume-unisex-lattafa-pride-sur-mesure-noir-edp-100ml\/","title":{"rendered":"PERFUME UNISEX LATTAFA PRIDE SUR MESURE NOIR EDP 100ML"},"content":{"rendered":"<p><img loading=\"lazy\" decoding=\"async\" class=\"\" src=\"https:\/\/myscentjourney.s3.us-east-2.amazonaws.com\/2022\/02\/14\/29KIascent_j_marca_1644871114_202.png\" alt=\"MSJ::LATTAFA\" width=\"93\" height=\"110\" \/><\/p>\n<h1>SUR MESURE NOIR<\/h1>\n<p><span dir=\"auto\">Ad\u00e9ntrate en el mundo del lujo a medida con\u00a0<\/span><span dir=\"auto\">Sur Mesure Noir<\/span><span dir=\"auto\">, una fragancia unisex dise\u00f1ada como un traje a medida: elegante, refinada e inolvidable. Este Eau de Parfum es una declaraci\u00f3n de individualidad, que combina calidez especiada, elegancia arom\u00e1tica y profundidad amaderada en una fragancia que se siente como si estuviera hecha a tu medida.<img loading=\"lazy\" decoding=\"async\" class=\"alignleft\" src=\"https:\/\/www.intenseoud.com\/cdn\/shop\/files\/7_b05a1d7f-1bec-4b5b-b0c2-885011e4fcaa.webp?v=1749765106\" width=\"588\" height=\"588\" \/><\/span><\/p>\n<p>Sur Mesure Noir es una fragancia cautivadora creada para quienes aprecian la sofisticaci\u00f3n, la profundidad y la presencia duradera. Este eau de parfum es una irresistible mezcla de c\u00e1lidas especias, maderas refinadas y elegancia arom\u00e1tica, perfecta para dejar una estela de misterio all\u00e1 donde vayas. Dise\u00f1ada para la persona segura de s\u00ed misma, Sur Mesure Noir encarna el lujo moderno en cada gota.<\/p>\n<p>Sur Mesure Noir es m\u00e1s que un perfume: es una declaraci\u00f3n de estilo y confianza. Perfecta para la noche, ocasiones especiales o para cualquier ocasi\u00f3n en la que desees irradiar un aire de refinamiento y magnetismo, esta fragancia promete una larga duraci\u00f3n que te har\u00e1 destacar. Mejora tu colecci\u00f3n de fragancias con esta magistral creaci\u00f3n y experimenta el lujo en su forma m\u00e1s pura.<\/p>\n<p>&nbsp;<\/p>\n<h3>Notas Olfativas<\/h3>\n<p>&nbsp;<\/p>\n<p><span dir=\"auto\">Sur Mesure Noir se abre con una din\u00e1mica mezcla de bergamota, canela, nuez moscada y pimiento morr\u00f3n, ofreciendo una entrada brillante y a la vez especiada, rica, audaz y ligeramente ardiente. En el coraz\u00f3n, la lavanda y el mahonial aportan una refinada frescura arom\u00e1tica, mientras que el elem\u00ed a\u00f1ade un brillo resinoso que realza la complejidad y la elegancia de la fragancia.<\/span><\/p>\n<p><span dir=\"auto\">La base se despliega en una base profundamente masculina de pachul\u00ed, s\u00e1ndalo, cedro y vetiver, con la suave calidez del \u00e1mbar como base, creando una estela sofisticada, refinada y duradera. Perfecta para quienes aprecian una fragancia moderna, especiada y amaderada con un toque seguro y carism\u00e1tico.<\/span><\/p>\n<p><strong><span dir=\"auto\">Notas de salida:<\/span><\/strong><span dir=\"auto\">\u00a0bergamota, canela, nuez moscada, bayas de pimiento.<\/span><br \/>\n<strong><span dir=\"auto\">Notas de coraz\u00f3n:<\/span><\/strong><span dir=\"auto\">\u00a0lavanda, mahonial, elem\u00ed.<\/span><br \/>\n<strong><span dir=\"auto\">Notas de fondo:<\/span><\/strong><span dir=\"auto\">\u00a0pachul\u00ed, s\u00e1ndalo, cedro, vetiver, \u00e1mbar.<\/span><\/p>\n","protected":false},"excerpt":{"rendered":"<p>SUR MESURE NOIR Ad\u00e9ntrate en el mundo del lujo a medida con\u00a0Sur Mesure Noir, una fragancia unisex dise\u00f1ada como un<\/p>\n","protected":false},"featured_media":91114,"comment_status":"open","ping_status":"closed","template":"","meta":{"nf_dc_page":""},"product_brand":[109],"product_cat":[84],"product_tag":[391],"class_list":{"0":"post-91113","1":"product","2":"type-product","3":"status-publish","4":"has-post-thumbnail","6":"product_brand-lattafa","7":"product_cat-perfumeria","8":"product_tag-391","10":"first","11":"outofstock","12":"shipping-taxable","13":"purchasable","14":"product-type-simple"},"_links":{"self":[{"href":"https:\/\/brandss.com.py\/index\/wp-json\/wp\/v2\/product\/91113","targetHints":{"allow":["GET"]}}],"collection":[{"href":"https:\/\/brandss.com.py\/index\/wp-json\/wp\/v2\/product"}],"about":[{"href":"https:\/\/brandss.com.py\/index\/wp-json\/wp\/v2\/types\/product"}],"replies":[{"embeddable":true,"href":"https:\/\/brandss.com.py\/index\/wp-json\/wp\/v2\/comments?post=91113"}],"version-history":[{"count":1,"href":"https:\/\/brandss.com.py\/index\/wp-json\/wp\/v2\/product\/91113\/revisions"}],"predecessor-version":[{"id":91119,"href":"https:\/\/brandss.com.py\/index\/wp-json\/wp\/v2\/product\/91113\/revisions\/91119"}],"wp:featuredmedia":[{"embeddable":true,"href":"https:\/\/brandss.com.py\/index\/wp-json\/wp\/v2\/media\/91114"}],"wp:attachment":[{"href":"https:\/\/brandss.com.py\/index\/wp-json\/wp\/v2\/media?parent=91113"}],"wp:term":[{"taxonomy":"product_brand","embeddable":true,"href":"https:\/\/brandss.com.py\/index\/wp-json\/wp\/v2\/product_brand?post=91113"},{"taxonomy":"product_cat","embeddable":true,"href":"https:\/\/brandss.com.py\/index\/wp-json\/wp\/v2\/product_cat?post=91113"},{"taxonomy":"product_tag","embeddable":true,"href":"https:\/\/brandss.com.py\/index\/wp-json\/wp\/v2\/product_tag?post=91113"}],"curies":[{"name":"wp","href":"https:\/\/api.w.org\/{rel}","templated":true}]}}