{"id":91120,"date":"2025-09-24T11:32:39","date_gmt":"2025-09-24T11:32:39","guid":{"rendered":"https:\/\/brandss.com.py\/index\/?post_type=product&#038;p=91120"},"modified":"2026-03-18T10:44:59","modified_gmt":"2026-03-18T10:44:59","slug":"perfume-unisex-lattafa-pride-taureau-de-combat-edp-100ml","status":"publish","type":"product","link":"https:\/\/brandss.com.py\/index\/producto\/perfume-unisex-lattafa-pride-taureau-de-combat-edp-100ml\/","title":{"rendered":"PERFUME UNISEX LATTAFA PRIDE TAUREAU DE COMBAT EDP 100ML"},"content":{"rendered":"<p><img loading=\"lazy\" decoding=\"async\" class=\"\" src=\"https:\/\/myscentjourney.s3.us-east-2.amazonaws.com\/2022\/02\/14\/29KIascent_j_marca_1644871114_202.png\" alt=\"MSJ::LATTAFA\" width=\"91\" height=\"108\" \/><\/p>\n<h1>PRIDE TAUREAU DE COMBAT<\/h1>\n<p>Es una fragancia audaz y lujosa, creada para quienes encarnan la fuerza, la elegancia y la determinaci\u00f3n. Este Eau de Parfum captura el equilibrio perfecto entre la calidez especiada, la sofisticaci\u00f3n floral y la rica profundidad gourmand, convirti\u00e9ndolo en una fragancia impactante que deja una profunda impresi\u00f3n.<img loading=\"lazy\" decoding=\"async\" class=\"alignleft\" src=\"https:\/\/www.intenseoud.com\/cdn\/shop\/files\/6_1ea3a0c5-1c66-4595-8210-cfc22109820b.webp?v=1755554249\" width=\"546\" height=\"546\" \/><\/p>\n<p>Taureau De Combat es m\u00e1s que una simple fragancia, es un s\u00edmbolo de fuerza interior y gusto refinado. Perfecto para la noche o para ocasiones especiales, est\u00e1 dise\u00f1ado para quienes desean dejar una huella imborrable dondequiera que vayan.<\/p>\n<p>&nbsp;<\/p>\n<h3>Notas Olfativas<\/h3>\n<p>&nbsp;<\/p>\n<p><span dir=\"auto\">Taureau De Combat es una fragancia potente y sofisticada que irradia fuerza, profundidad y refinamiento. Se abre con una c\u00e1lida y especiada mezcla de \u00e1mbar, cardamomo, canela y benju\u00ed, creando una entrada rica y acogedora. El coraz\u00f3n revela una lujosa mezcla de cachemira, heliotropo, jazm\u00edn y un toque de tabaco, que aporta elegancia y sensualidad.<\/span><\/p>\n<p><span dir=\"auto\">Al asentarse, una suave base de vainilla, haba tonka y pachul\u00ed deja una estela duradera e irresistible. Perfecta para quienes aprecian un aroma intenso, c\u00e1lido y lujoso que llama la atenci\u00f3n y deja una impresi\u00f3n memorable.\u00a0<\/span><\/p>\n<p><strong><span dir=\"auto\">Notas de salida:<\/span><\/strong><span dir=\"auto\">\u00a0\u00e1mbar, cardamomo, canela, benju\u00ed.<\/span><br \/>\n<strong><span dir=\"auto\">Notas de coraz\u00f3n:<\/span><\/strong><span dir=\"auto\">\u00a0cachemira, heliotropo, jazm\u00edn, tabaco.<\/span><br \/>\n<strong><span dir=\"auto\">Notas de fondo:<\/span><\/strong><span dir=\"auto\">\u00a0vainilla, haba tonka, pachul\u00ed.<\/span><\/p>\n","protected":false},"excerpt":{"rendered":"<p>PRIDE TAUREAU DE COMBAT Es una fragancia audaz y lujosa, creada para quienes encarnan la fuerza, la elegancia y la<\/p>\n","protected":false},"featured_media":91121,"comment_status":"open","ping_status":"closed","template":"","meta":{"nf_dc_page":""},"product_brand":[109],"product_cat":[84],"product_tag":[390],"class_list":{"0":"post-91120","1":"product","2":"type-product","3":"status-publish","4":"has-post-thumbnail","6":"product_brand-lattafa","7":"product_cat-perfumeria","8":"product_tag-390","10":"first","11":"outofstock","12":"sale","13":"shipping-taxable","14":"purchasable","15":"product-type-simple"},"_links":{"self":[{"href":"https:\/\/brandss.com.py\/index\/wp-json\/wp\/v2\/product\/91120","targetHints":{"allow":["GET"]}}],"collection":[{"href":"https:\/\/brandss.com.py\/index\/wp-json\/wp\/v2\/product"}],"about":[{"href":"https:\/\/brandss.com.py\/index\/wp-json\/wp\/v2\/types\/product"}],"replies":[{"embeddable":true,"href":"https:\/\/brandss.com.py\/index\/wp-json\/wp\/v2\/comments?post=91120"}],"version-history":[{"count":1,"href":"https:\/\/brandss.com.py\/index\/wp-json\/wp\/v2\/product\/91120\/revisions"}],"predecessor-version":[{"id":91126,"href":"https:\/\/brandss.com.py\/index\/wp-json\/wp\/v2\/product\/91120\/revisions\/91126"}],"wp:featuredmedia":[{"embeddable":true,"href":"https:\/\/brandss.com.py\/index\/wp-json\/wp\/v2\/media\/91121"}],"wp:attachment":[{"href":"https:\/\/brandss.com.py\/index\/wp-json\/wp\/v2\/media?parent=91120"}],"wp:term":[{"taxonomy":"product_brand","embeddable":true,"href":"https:\/\/brandss.com.py\/index\/wp-json\/wp\/v2\/product_brand?post=91120"},{"taxonomy":"product_cat","embeddable":true,"href":"https:\/\/brandss.com.py\/index\/wp-json\/wp\/v2\/product_cat?post=91120"},{"taxonomy":"product_tag","embeddable":true,"href":"https:\/\/brandss.com.py\/index\/wp-json\/wp\/v2\/product_tag?post=91120"}],"curies":[{"name":"wp","href":"https:\/\/api.w.org\/{rel}","templated":true}]}}