{"id":91127,"date":"2025-09-24T12:58:03","date_gmt":"2025-09-24T12:58:03","guid":{"rendered":"https:\/\/brandss.com.py\/index\/?post_type=product&#038;p=91127"},"modified":"2025-09-24T12:58:43","modified_gmt":"2025-09-24T12:58:43","slug":"bruma-corporal-masculino-armaf-club-de-nuit-sillage-150ml","status":"publish","type":"product","link":"https:\/\/brandss.com.py\/index\/producto\/bruma-corporal-masculino-armaf-club-de-nuit-sillage-150ml\/","title":{"rendered":"BRUMA CORPORAL MASCULINO ARMAF CLUB DE NUIT SILLAGE 150ML"},"content":{"rendered":"<p><img loading=\"lazy\" decoding=\"async\" class=\"\" src=\"https:\/\/vectorseek.com\/wp-content\/uploads\/2023\/12\/ARMAF-Logo-Vector.svg--300x300.png\" alt=\"ARMAF logo in PNG SVG Vector format - Free Download\" width=\"107\" height=\"107\" \/><\/p>\n<h1>CLUB DE NUIT SILLAGE<\/h1>\n<p class=\"short-desc\"><span dir=\"auto\">El perfume corporal en bruma Armaf Club De Nuit Sillage ofrece una fragancia masculina que perdura todo el d\u00eda. Con su fina bruma, este espray corporal proporciona una cobertura uniforme y un aroma refrescante. Ideal para uso diario o eventos especiales, se presenta en un frasco port\u00e1til de 150 ml para mayor comodidad.<\/span><\/p>\n<p><span dir=\"auto\">La bruma corporal est\u00e1 dise\u00f1ada para proporcionar una frescura duradera. Ya sea que te dirijas al trabajo o a un evento nocturno, te mantendr\u00e1 sinti\u00e9ndote fresco y oliendo bien durante horas. L<\/span><span dir=\"auto\">a bruma Gracias a la fina pulverizaci\u00f3n, esta bruma corporal se aplica uniformemente sobre tu piel, proporcionando una cantidad perfecta de fragancia con cada uso sin ser abrumadora.<\/span><\/p>\n<p><span dir=\"auto\">La botella de 150 ml es f\u00e1cil de llevar y apta para viajes, lo que la convierte en la compa\u00f1era perfecta para quienes siempre est\u00e1n en movimiento. Puedes llevarla contigo y refrescarte cuando lo necesites.<\/span><\/p>\n<p><span dir=\"auto\">Ya sea que la uses a diario o en ocasiones especiales, esta bruma corporal mejora tu experiencia olfativa. Su aroma masculino la hace adecuada para diversos entornos, desde salidas informales hasta entornos m\u00e1s formales.<\/span><\/p>\n<p><span dir=\"auto\">La fragancia refrescante y audaz de Armaf Club De Nuit Sillage ayuda a aumentar tu confianza y energ\u00eda, asegur\u00e1ndote de que te sientas vigorizado y listo para afrontar el d\u00eda.<\/span><\/p>\n<p>&nbsp;<\/p>\n<h3>Notas Olfativas<\/h3>\n<p>&nbsp;<\/p>\n<p><span dir=\"auto\">Armaf Club De Nuit Sillage Perfume Body Mist ofrece una fragancia audaz y vigorizante dise\u00f1ada para mantenerte fresco y seguro durante todo el d\u00eda. Su aroma masculino proporciona un toque sofisticado, dejando una impresi\u00f3n duradera dondequiera que vayas.<\/span><\/p>\n<p><strong>Notas de salida:<\/strong> Bergamota, grosella negra, lim\u00f3n, lima, hojas de violeta y jengibre.<\/p>\n<p><strong>Notas de coraz\u00f3n:<\/strong> Rosa, iris y jazm\u00edn.<\/p>\n<p><strong>Notas de fondo:<\/strong> Ambroxan, almizcle, s\u00e1ndalo y cedro.<\/p>\n","protected":false},"excerpt":{"rendered":"<p>CLUB DE NUIT SILLAGE El perfume corporal en bruma Armaf Club De Nuit Sillage ofrece una fragancia masculina que perdura<\/p>\n","protected":false},"featured_media":91128,"comment_status":"open","ping_status":"closed","template":"","meta":{"nf_dc_page":""},"product_brand":[106],"product_cat":[84],"product_tag":[163],"class_list":{"0":"post-91127","1":"product","2":"type-product","3":"status-publish","4":"has-post-thumbnail","6":"product_brand-armaf","7":"product_cat-perfumeria","8":"product_tag-163","10":"first","11":"instock","12":"shipping-taxable","13":"purchasable","14":"product-type-simple"},"_links":{"self":[{"href":"https:\/\/brandss.com.py\/index\/wp-json\/wp\/v2\/product\/91127","targetHints":{"allow":["GET"]}}],"collection":[{"href":"https:\/\/brandss.com.py\/index\/wp-json\/wp\/v2\/product"}],"about":[{"href":"https:\/\/brandss.com.py\/index\/wp-json\/wp\/v2\/types\/product"}],"replies":[{"embeddable":true,"href":"https:\/\/brandss.com.py\/index\/wp-json\/wp\/v2\/comments?post=91127"}],"version-history":[{"count":2,"href":"https:\/\/brandss.com.py\/index\/wp-json\/wp\/v2\/product\/91127\/revisions"}],"predecessor-version":[{"id":91130,"href":"https:\/\/brandss.com.py\/index\/wp-json\/wp\/v2\/product\/91127\/revisions\/91130"}],"wp:featuredmedia":[{"embeddable":true,"href":"https:\/\/brandss.com.py\/index\/wp-json\/wp\/v2\/media\/91128"}],"wp:attachment":[{"href":"https:\/\/brandss.com.py\/index\/wp-json\/wp\/v2\/media?parent=91127"}],"wp:term":[{"taxonomy":"product_brand","embeddable":true,"href":"https:\/\/brandss.com.py\/index\/wp-json\/wp\/v2\/product_brand?post=91127"},{"taxonomy":"product_cat","embeddable":true,"href":"https:\/\/brandss.com.py\/index\/wp-json\/wp\/v2\/product_cat?post=91127"},{"taxonomy":"product_tag","embeddable":true,"href":"https:\/\/brandss.com.py\/index\/wp-json\/wp\/v2\/product_tag?post=91127"}],"curies":[{"name":"wp","href":"https:\/\/api.w.org\/{rel}","templated":true}]}}