{"id":91162,"date":"2025-09-25T18:31:46","date_gmt":"2025-09-25T18:31:46","guid":{"rendered":"https:\/\/brandss.com.py\/index\/?post_type=product&#038;p=91162"},"modified":"2026-03-06T13:17:19","modified_gmt":"2026-03-06T13:17:19","slug":"auricular-jbl-tune-770nc-black","status":"publish","type":"product","link":"https:\/\/brandss.com.py\/index\/producto\/auricular-jbl-tune-770nc-black\/","title":{"rendered":"AURICULAR JBL TUNE 770NC BLACK"},"content":{"rendered":"<p><img loading=\"lazy\" decoding=\"async\" class=\"\" src=\"https:\/\/cdn.freebiesupply.com\/logos\/thumbs\/2x\/jbl-2-logo.png\" alt=\"JBL Logo PNG Transparent &amp; SVG Vector - Freebie Supply\" width=\"127\" height=\"95\" \/><\/p>\n<h1>TUNE 770NC<\/h1>\n<p><strong>Disfruta de tu m\u00fasica sin ruidos.<\/strong><\/p>\n<p>Cuando tu m\u00fasica est\u00e1 encendida, nada m\u00e1s importa. Los auriculares inal\u00e1mbricos JBL Tune 770NC con cancelaci\u00f3n de ruido adaptativa cumplen esa promesa durante todo el d\u00eda y m\u00e1s, al tiempo que te evitan los ruidos no deseados. Con una bater\u00eda de 70 horas de duraci\u00f3n, pasar\u00e1s f\u00e1cilmente una semana ajetreada utiliz\u00e1ndolos y a\u00fan tendr\u00e1s suficiente sonido JBL Pure Bass para pasar el fin de semana. Y si necesitas una carga r\u00e1pida, 5 minutos te proporcionan 3 horas adicionales de m\u00fasica. Ligeros y plegables, los JBL Tune 770NC tambi\u00e9n pueden conectarse con dos dispositivos Bluetooth\u00ae simult\u00e1neamente, para que nunca pierdas una llamada mientras ves un v\u00eddeo en tu tableta. Descarga la aplicaci\u00f3n gratuita JBL\u00a0Headphones para adaptar el sonido a tus gustos. Las indicaciones de voz te guiar\u00e1n en tu idioma a trav\u00e9s de las funciones. Gestiona tus llamadas y tu asistente de voz sin problemas desde tu tel\u00e9fono y utiliza VoiceAware para o\u00edrte cuando hables. Simplemente elige el color que mejor se adapte a tu esencia y comienza a divertirte.<\/p>\n<div class=\"lifestyle-feature\">\n<div class=\"feature-text\">\n<h3>Cancelaci\u00f3n de ruido adaptativa con Smart Ambient<\/h3>\n<p>La cancelaci\u00f3n de ruido adaptativa elimina las distracciones y permite centrarse en los estudios o la m\u00fasica. Si quieres escuchar lo que te rodea sin quitarte los auriculares, Smart Ambient y TalkThru realzan el sonido del entorno o las voces. Activa f\u00e1cilmente estos modos de control de sonido ambiental a trav\u00e9s de la aplicaci\u00f3n JBL Headphones.<\/p>\n<\/div>\n<\/div>\n<div class=\"lifestyle-feature\">\n<p><img loading=\"lazy\" decoding=\"async\" class=\"alignright\" src=\"https:\/\/www.jbl.com.co\/dw\/image\/v2\/BFND_PRD\/on\/demandware.static\/-\/Sites-masterCatalog_Harman\/default\/dw4358dd46\/pdp\/JBL_Tune_770NC_Lifestyle_Image_02_904x560.png?sw=904&amp;sh=560\" alt=\"JBL Tune 770NC Bluetooth 5.3 con audio LE * - Image\" width=\"505\" height=\"313\" \/><\/p>\n<div class=\"feature-text\">\n<h3>Bluetooth 5.3 con audio LE *<\/h3>\n<p>Transmite de forma inal\u00e1mbrica sonido JBL Pure Bass de alta calidad desde tu smartphone con la ayuda de la \u00faltima tecnolog\u00eda Bluetooth. Optimiza el rendimiento de Bluetooth con la funci\u00f3n Smart Audio &amp; Video en la aplicaci\u00f3n JBL Headphones seleccionando los modos Audio (para la mejor calidad de sonido) o V\u00eddeo (para una salida de v\u00eddeo y juego \u00f3ptima). * Disponible mediante actualizaci\u00f3n OTA m\u00e1s adelante.<\/p>\n<\/div>\n<\/div>\n<div class=\"lifestyle-feature\">\n<p><img loading=\"lazy\" decoding=\"async\" class=\"alignleft\" src=\"https:\/\/www.jbl.com.co\/dw\/image\/v2\/BFND_PRD\/on\/demandware.static\/-\/Sites-masterCatalog_Harman\/default\/dwaab66180\/pdp\/JBL_Tune_770NC_Lifestyle_Image_03_904x560.png?sw=904&amp;sh=560\" alt=\"JBL Tune 770NC Sonido JBL Pure Bass - Image\" width=\"437\" height=\"271\" \/><\/p>\n<div class=\"feature-text\">\n<h3>Sonido JBL Pure Bass<\/h3>\n<p>&nbsp;<\/p>\n<p>&nbsp;<\/p>\n<p>El modelo JBL Tune 770NC cuenta con el famoso sonido JBL Pure Bass, el mismo que usan las salas de conciertos m\u00e1s famosas del mundo.<\/p>\n<\/div>\n<\/div>\n<p>&nbsp;<\/p>\n<h3><label class=\"ds-accordion-label\" role=\"button\" for=\"pdp-specs--specifications\" aria-controls=\"pdp-specs--specifications-content\">Especificaciones<\/label><\/h3>\n<h3><\/h3>\n<h3><\/h3>\n<h5>Caracter\u00edsticas generales<\/h5>\n<dl class=\"ds-specs\"><\/dl>\n<dl class=\"ds-specs\">\n<dt>\n<dl class=\"ds-specs\">\n<dt>Driver (mm): 40<br \/>\nNumber of Microphones: 4<\/dt>\n<dt><\/dt>\n<dt><strong>Caracter\u00edsticas Audio<\/strong><\/dt>\n<dt><\/dt>\n<dt>Sensibilidad del driver a 1kHz1mW (dB): 100<br \/>\nRespuesta de frecuencia din\u00e1mica: 20 Hz \u2013 20 kHz<br \/>\nImpedancia de entrada (ohms): 32<\/dt>\n<dt><\/dt>\n<dt><strong>Medidas<\/strong><\/dt>\n<dt><\/dt>\n<dt>Audio Cable Length (ft): 3.9<br \/>\nAudio Cable Length (m): 1.2<br \/>\nProfundidad (cm): 4.8<br \/>\nProfundidad (in): 1.9<br \/>\nAltura (cm): 9.2<br \/>\nAltura (in): 3.6<br \/>\nAncho (cm): 7.6<br \/>\nAncho (in): 2.99<br \/>\nAncho Interno (cm): 5.4<br \/>\nAncho Interno (in): 2.12<br \/>\nAlto Interno (cm): 3.7<br \/>\nAlto Interno (in): 1.45<br \/>\nLongitud del cable de los auriculares (m): 1.2<br \/>\nLongitud del cable del auricular (pies): 3.9<br \/>\nPeso (g): 232<br \/>\nPeso (oz): 8.2<\/dt>\n<dt><\/dt>\n<dt><strong>Caracter\u00edsticas de control y conexi\u00f3n<\/strong><\/dt>\n<dt><\/dt>\n<dt>Perfiles Bluetooth: A2DP v1.4, AVRCP v1.6.2, HFP v1.8<br \/>\nRango de frecuencia de transmisi\u00f3n Bluetooth: 2.4 GHz \u2013 2.4835 GHz<br \/>\nTransmisi\u00f3n de modulaci\u00f3n GFSK v\u00eda Bluetooth: GFSK, \u03c0\/4-DQPSK, 8DPSK<br \/>\nPotencia de transmisi\u00f3n Bluetooth: &lt; 10 dBm (E.I.R.P)<br \/>\nVersi\u00f3n Bluetooth: 5.3<\/dt>\n<dt><\/dt>\n<dt><strong>Bater\u00eda<\/strong><\/dt>\n<dt><\/dt>\n<dt>Tiempo de carga (horas): 2<br \/>\nTiempo m\u00e1ximo de reproducci\u00f3n de m\u00fasica con ANC (cancelaci\u00f3n activa de ruido) desactivado (horas): 70<br \/>\nTiempo m\u00e1ximo de reproducci\u00f3n de m\u00fasica con ANC (cancelaci\u00f3n activa de ruido) activado (horas): 44<br \/>\nTiempo de juego m\u00e1ximo (horas): 70<br \/>\nTiempo de conversaci\u00f3n (horas): 39<\/dt>\n<dt><\/dt>\n<dt><\/dt>\n<dt><strong>Caracter\u00edsticas<\/strong><\/dt>\n<dt><\/dt>\n<dt>Audio cable: S\u00ed<br \/>\nBluetooth: S\u00ed<br \/>\nCable de carga: S\u00ed<br \/>\nPlegable: S\u00ed<br \/>\nIntegraci\u00f3n con asistente de voz: S\u00ed<br \/>\nCancelaci\u00f3n adaptativa de ruido: S\u00ed<br \/>\nSonido ambiente: S\u00ed<br \/>\nMicr\u00f3fono integrado: S\u00ed<br \/>\nCable desmontable: S\u00ed<br \/>\nDise\u00f1o plegable compacto: S\u00ed<br \/>\nLlamadas con manos libres: S\u00ed<br \/>\nJBL Headphone App: S\u00ed<br \/>\nSonido JBL Pure Bass: S\u00ed<br \/>\nConexi\u00f3n Multipunto: S\u00ed<br \/>\nOver-ear: S\u00ed<br \/>\nBater\u00eda recargable: S\u00ed<br \/>\nControl remoto en orejeras: S\u00ed<br \/>\nCarga r\u00e1pida: S\u00ed<br \/>\nTalkThru: S\u00ed<br \/>\nVoice Aware: S\u00ed<br \/>\nInal\u00e1mbrico: S\u00ed<br \/>\nWireless Charging: S\u00ed<\/dt>\n<dt><\/dt>\n<dt><strong>Contenido de la caja<\/strong><\/dt>\n<dt><\/dt>\n<dt>1 auriculares JBL Tune 770NC<br \/>\n1 cable de carga USB-C<br \/>\n1 cable de audio extra\u00edble<br \/>\n1 garant\u00eda\/advertencia<br \/>\n1 gu\u00eda de inicio r\u00e1pido<\/dt>\n<\/dl>\n<\/dt>\n<\/dl>\n","protected":false},"excerpt":{"rendered":"<p>TUNE 770NC Disfruta de tu m\u00fasica sin ruidos. Cuando tu m\u00fasica est\u00e1 encendida, nada m\u00e1s importa. Los auriculares inal\u00e1mbricos JBL<\/p>\n","protected":false},"featured_media":91163,"comment_status":"open","ping_status":"closed","template":"","meta":{"nf_dc_page":""},"product_brand":[541],"product_cat":[89],"product_tag":[547],"class_list":{"0":"post-91162","1":"product","2":"type-product","3":"status-publish","4":"has-post-thumbnail","6":"product_brand-jbl","7":"product_cat-electronicos","8":"product_tag-547","10":"first","11":"outofstock","12":"shipping-taxable","13":"purchasable","14":"product-type-simple"},"_links":{"self":[{"href":"https:\/\/brandss.com.py\/index\/wp-json\/wp\/v2\/product\/91162","targetHints":{"allow":["GET"]}}],"collection":[{"href":"https:\/\/brandss.com.py\/index\/wp-json\/wp\/v2\/product"}],"about":[{"href":"https:\/\/brandss.com.py\/index\/wp-json\/wp\/v2\/types\/product"}],"replies":[{"embeddable":true,"href":"https:\/\/brandss.com.py\/index\/wp-json\/wp\/v2\/comments?post=91162"}],"version-history":[{"count":2,"href":"https:\/\/brandss.com.py\/index\/wp-json\/wp\/v2\/product\/91162\/revisions"}],"predecessor-version":[{"id":91176,"href":"https:\/\/brandss.com.py\/index\/wp-json\/wp\/v2\/product\/91162\/revisions\/91176"}],"wp:featuredmedia":[{"embeddable":true,"href":"https:\/\/brandss.com.py\/index\/wp-json\/wp\/v2\/media\/91163"}],"wp:attachment":[{"href":"https:\/\/brandss.com.py\/index\/wp-json\/wp\/v2\/media?parent=91162"}],"wp:term":[{"taxonomy":"product_brand","embeddable":true,"href":"https:\/\/brandss.com.py\/index\/wp-json\/wp\/v2\/product_brand?post=91162"},{"taxonomy":"product_cat","embeddable":true,"href":"https:\/\/brandss.com.py\/index\/wp-json\/wp\/v2\/product_cat?post=91162"},{"taxonomy":"product_tag","embeddable":true,"href":"https:\/\/brandss.com.py\/index\/wp-json\/wp\/v2\/product_tag?post=91162"}],"curies":[{"name":"wp","href":"https:\/\/api.w.org\/{rel}","templated":true}]}}