{"id":91177,"date":"2025-09-25T18:58:27","date_gmt":"2025-09-25T18:58:27","guid":{"rendered":"https:\/\/brandss.com.py\/index\/?post_type=product&#038;p=91177"},"modified":"2026-03-06T13:12:36","modified_gmt":"2026-03-06T13:12:36","slug":"auricular-jbl-tune-500-white","status":"publish","type":"product","link":"https:\/\/brandss.com.py\/index\/producto\/auricular-jbl-tune-500-white\/","title":{"rendered":"AURICULAR JBL TUNE T500 WHITE"},"content":{"rendered":"<p><img loading=\"lazy\" decoding=\"async\" class=\"\" src=\"https:\/\/cdn.freebiesupply.com\/logos\/thumbs\/2x\/jbl-2-logo.png\" alt=\"JBL Logo PNG Transparent &amp; SVG Vector - Freebie Supply\" width=\"137\" height=\"103\" \/><\/p>\n<h1>TUNE 500<\/h1>\n<p><strong>P\u00f3ntelos. Con\u00e9ctalos. Dale al Play.<\/strong><\/p>\n<p>Los JBL TUNE500 ofrecen un sonido potente y de calidad para darle vida a tu d\u00eda a d\u00eda. Equipados con sonido JBL Pure Bass, amplificadores JBL de 32 mm y un control remoto universal de un solo bot\u00f3n, compatible con la mayor\u00eda de tel\u00e9fonos inteligentes, estos auriculares te permiten disfrutar de un sonido de alta calidad en cualquier momento. Adem\u00e1s de ser ligeros y c\u00f3modos gracias a sus suaves almohadillas y a su banda de sujeci\u00f3n acolchada, los auriculares JBL TUNE500 tambi\u00e9n te permitir\u00e1n conectarte a Siri o Google Now sin tener que recurrir a tu dispositivo m\u00f3vil. Disponibles en 3 colores originales con un cable antinudos plano y plegable para facilitar la portabilidad, los auriculares JBL TUNE500 con un sistema Plug &amp; Go (Enchufar y listo) te permiten incorporar m\u00fasica a cualquier aspecto de tu ajetreada vida.<\/p>\n<div class=\"lifestyle-feature\"><img loading=\"lazy\" decoding=\"async\" class=\"alignleft\" src=\"https:\/\/www.jbl.com.co\/dw\/image\/v2\/BFND_PRD\/on\/demandware.static\/-\/Sites-masterCatalog_Harman\/default\/dwe5467ed0\/pdp\/JBL_Tune500_Black_Feature01.png?sw=904&amp;sh=560\" alt=\"JBL Tune 500 Sonido JBL Pure Bass - Image\" width=\"420\" height=\"260\" \/><\/p>\n<div class=\"feature-text\">\n<h3>Sonido JBL Pure Bass<\/h3>\n<p>Cuentan con el famoso sonido JBL Pure Bass, que se puede apreciar en los eventos m\u00e1s famosos del mundo.<\/p>\n<\/div>\n<\/div>\n<div class=\"lifestyle-feature\">\n<div class=\"feature-text\">\n<h3>Control remoto\/micr\u00f3fono de 1 bot\u00f3n<\/h3>\n<p>Ahora puedes controlar f\u00e1cilmente tu m\u00fasica y llamadas, as\u00ed como acceder a Siri\/Google Now, con tan solo un toque.<\/p>\n<\/div>\n<\/div>\n<div class=\"lifestyle-feature\"><img loading=\"lazy\" decoding=\"async\" class=\"alignright\" src=\"https:\/\/www.jbl.com.co\/dw\/image\/v2\/BFND_PRD\/on\/demandware.static\/-\/Sites-masterCatalog_Harman\/default\/dw39b0a261\/pdp\/JBL_Tune500_White_Feature03.png?sw=904&amp;sh=560\" alt=\"JBL Tune 500 Dise\u00f1o ligero y plegable - Image\" width=\"355\" height=\"220\" \/><\/p>\n<div class=\"feature-text\">\n<h3>Dise\u00f1o ligero y plegable<\/h3>\n<p>Sus materiales ligeros y su dise\u00f1o plegable hacen que llevar estos auriculares sea la mar de f\u00e1cil, permiti\u00e9ndote disfrutar de tu m\u00fasica favorita d\u00f3nde y cu\u00e1ndo quieras.<\/p>\n<p><label class=\"ds-accordion-label\" role=\"button\" for=\"pdp-specs--specifications\" aria-controls=\"pdp-specs--specifications-content\">Especificaciones<\/label><\/p>\n<div id=\"pdp-specs--specifications-content\" class=\"ds-accordion-content\">\n<h3>Caracter\u00edsticas generales<\/h3>\n<dl class=\"ds-specs\">\n<dt>Driver (mm): 32.0<\/dt>\n<dt>Number of Microphones: 1<\/dt>\n<\/dl>\n<h3>Caracter\u00edsticas Audio<\/h3>\n<dl class=\"ds-specs\">\n<dt>Sensibilidad del driver a 1kHz1mW (dB): 1kHz &#8211; 24dBV\/Pa<\/dt>\n<dt>Respuesta de frecuencia din\u00e1mica: 20 Hz &#8211; 20 kHz<\/dt>\n<dt>Impedancia de entrada (ohms): 32.0<\/dt>\n<dt>N\u00famero de drivers por auricular: 1.0<\/dt>\n<\/dl>\n<h3>Medidas<\/h3>\n<dl class=\"ds-specs\">\n<dt>Headphone cable length (cm): 118.7<\/dt>\n<dt>Longitud del cable del auricular (pies): 3.89<\/dt>\n<dt>Peso (g): 148<\/dt>\n<dt>Peso (oz): 5.44<\/dt>\n<\/dl>\n<h3>Caracter\u00edsticas<\/h3>\n<dl class=\"ds-specs\">\n<dt>Plegable: S\u00ed<\/dt>\n<dt>Integraci\u00f3n con asistente de voz: S\u00ed<\/dt>\n<dt>Micr\u00f3fono integrado: S\u00ed<\/dt>\n<dt>Dise\u00f1o plegable compacto: S\u00ed<\/dt>\n<dt>Llamadas con manos libres: S\u00ed<\/dt>\n<dt>Sonido JBL Pure Bass: S\u00ed<\/dt>\n<dt>On-ear: S\u00ed<\/dt>\n<\/dl>\n<\/div>\n<\/div>\n<\/div>\n","protected":false},"excerpt":{"rendered":"<p>TUNE 500 P\u00f3ntelos. Con\u00e9ctalos. Dale al Play. Los JBL TUNE500 ofrecen un sonido potente y de calidad para darle vida<\/p>\n","protected":false},"featured_media":91178,"comment_status":"open","ping_status":"closed","template":"","meta":{"nf_dc_page":""},"product_brand":[541],"product_cat":[89],"product_tag":[548],"class_list":{"0":"post-91177","1":"product","2":"type-product","3":"status-publish","4":"has-post-thumbnail","6":"product_brand-jbl","7":"product_cat-electronicos","8":"product_tag-548","10":"first","11":"outofstock","12":"shipping-taxable","13":"purchasable","14":"product-type-simple"},"_links":{"self":[{"href":"https:\/\/brandss.com.py\/index\/wp-json\/wp\/v2\/product\/91177","targetHints":{"allow":["GET"]}}],"collection":[{"href":"https:\/\/brandss.com.py\/index\/wp-json\/wp\/v2\/product"}],"about":[{"href":"https:\/\/brandss.com.py\/index\/wp-json\/wp\/v2\/types\/product"}],"replies":[{"embeddable":true,"href":"https:\/\/brandss.com.py\/index\/wp-json\/wp\/v2\/comments?post=91177"}],"version-history":[{"count":2,"href":"https:\/\/brandss.com.py\/index\/wp-json\/wp\/v2\/product\/91177\/revisions"}],"predecessor-version":[{"id":92094,"href":"https:\/\/brandss.com.py\/index\/wp-json\/wp\/v2\/product\/91177\/revisions\/92094"}],"wp:featuredmedia":[{"embeddable":true,"href":"https:\/\/brandss.com.py\/index\/wp-json\/wp\/v2\/media\/91178"}],"wp:attachment":[{"href":"https:\/\/brandss.com.py\/index\/wp-json\/wp\/v2\/media?parent=91177"}],"wp:term":[{"taxonomy":"product_brand","embeddable":true,"href":"https:\/\/brandss.com.py\/index\/wp-json\/wp\/v2\/product_brand?post=91177"},{"taxonomy":"product_cat","embeddable":true,"href":"https:\/\/brandss.com.py\/index\/wp-json\/wp\/v2\/product_cat?post=91177"},{"taxonomy":"product_tag","embeddable":true,"href":"https:\/\/brandss.com.py\/index\/wp-json\/wp\/v2\/product_tag?post=91177"}],"curies":[{"name":"wp","href":"https:\/\/api.w.org\/{rel}","templated":true}]}}