{"id":91246,"date":"2025-09-27T18:58:32","date_gmt":"2025-09-27T18:58:32","guid":{"rendered":"https:\/\/brandss.com.py\/index\/?post_type=product&#038;p=91246"},"modified":"2025-11-26T11:04:01","modified_gmt":"2025-11-26T11:04:01","slug":"aceite-capilar-ecolchi-moisture-collagen-argan-oil-60ml","status":"publish","type":"product","link":"https:\/\/brandss.com.py\/index\/producto\/aceite-capilar-ecolchi-moisture-collagen-argan-oil-60ml\/","title":{"rendered":"ACEITE CAPILAR ECOLCHI MOISTURE COLLAGEN ARGAN OIL 60ML"},"content":{"rendered":"<p><img loading=\"lazy\" decoding=\"async\" class=\"\" src=\"https:\/\/ecolchifactory.com\/wp-content\/uploads\/2025\/04\/cropped-Ecolchi-logo-700x200-1.png\" alt=\"F\u00e1brica de cuidado capilar Karseell Ecolchi\" width=\"133\" height=\"38\" \/><\/p>\n<h1>MOISTURE COLLAGEN ARGAN OI<\/h1>\n<p>Tratamiento capilar profesional formulado para hidratar, reparar y proteger profundamente tu cabello. Infundido con lo esencial aceites para el cabello y las propiedades reconstituyentes de maca, este aceite fortalece el cabello, reduce el frizz y aporta un brillo natural y saludable.<img loading=\"lazy\" decoding=\"async\" class=\"alignleft\" src=\"https:\/\/sc04.alicdn.com\/kf\/H6c733dd72e904fcb899eb4e0304689a3s\/225118187\/H6c733dd72e904fcb899eb4e0304689a3s.jpg\" width=\"476\" height=\"378\" \/><\/p>\n<p>Ya sea que tengas el cabello seco, da\u00f1ado o te\u00f1ido, este aceite proporciona la humedad y los nutrientes que tu cabello necesita para mantenerse suave, terso y manejable.<\/p>\n<h4>Beneficios:<\/h4>\n<p>\u2022 Hidrataci\u00f3n y nutrici\u00f3n profunda<br \/>\n\u2022 Control del encrespamiento<br \/>\n\u2022 Fortalece el cabello<br \/>\n\u2022 Adecuado para todo tipo de cabello<\/p>\n<p><strong>DETALLE:<\/strong><br \/>\n1 frasco de 60ml<\/p>\n<p><strong>MODO DE USO:<\/strong><br \/>\nAplique una peque\u00f1a cantidad sobre cabello h\u00famedo o seco, centr\u00e1ndose en medios y puntas. No necesita enjuagar.<\/p>\n","protected":false},"excerpt":{"rendered":"<p>MOISTURE COLLAGEN ARGAN OI Tratamiento capilar profesional formulado para hidratar, reparar y proteger profundamente tu cabello. Infundido con lo esencial<\/p>\n","protected":false},"featured_media":91247,"comment_status":"open","ping_status":"closed","template":"","meta":{"nf_dc_page":""},"product_brand":[756],"product_cat":[85],"product_tag":[761],"class_list":{"0":"post-91246","1":"product","2":"type-product","3":"status-publish","4":"has-post-thumbnail","6":"product_brand-ecolchi-pro","7":"product_cat-cosmeticos","8":"product_tag-761","10":"first","11":"instock","12":"shipping-taxable","13":"purchasable","14":"product-type-simple"},"_links":{"self":[{"href":"https:\/\/brandss.com.py\/index\/wp-json\/wp\/v2\/product\/91246","targetHints":{"allow":["GET"]}}],"collection":[{"href":"https:\/\/brandss.com.py\/index\/wp-json\/wp\/v2\/product"}],"about":[{"href":"https:\/\/brandss.com.py\/index\/wp-json\/wp\/v2\/types\/product"}],"replies":[{"embeddable":true,"href":"https:\/\/brandss.com.py\/index\/wp-json\/wp\/v2\/comments?post=91246"}],"version-history":[{"count":1,"href":"https:\/\/brandss.com.py\/index\/wp-json\/wp\/v2\/product\/91246\/revisions"}],"predecessor-version":[{"id":91254,"href":"https:\/\/brandss.com.py\/index\/wp-json\/wp\/v2\/product\/91246\/revisions\/91254"}],"wp:featuredmedia":[{"embeddable":true,"href":"https:\/\/brandss.com.py\/index\/wp-json\/wp\/v2\/media\/91247"}],"wp:attachment":[{"href":"https:\/\/brandss.com.py\/index\/wp-json\/wp\/v2\/media?parent=91246"}],"wp:term":[{"taxonomy":"product_brand","embeddable":true,"href":"https:\/\/brandss.com.py\/index\/wp-json\/wp\/v2\/product_brand?post=91246"},{"taxonomy":"product_cat","embeddable":true,"href":"https:\/\/brandss.com.py\/index\/wp-json\/wp\/v2\/product_cat?post=91246"},{"taxonomy":"product_tag","embeddable":true,"href":"https:\/\/brandss.com.py\/index\/wp-json\/wp\/v2\/product_tag?post=91246"}],"curies":[{"name":"wp","href":"https:\/\/api.w.org\/{rel}","templated":true}]}}