{"id":91267,"date":"2025-09-29T11:46:02","date_gmt":"2025-09-29T11:46:02","guid":{"rendered":"https:\/\/brandss.com.py\/index\/?post_type=product&#038;p=91267"},"modified":"2026-03-16T17:08:42","modified_gmt":"2026-03-16T17:08:42","slug":"shampoo-capilar-lusstaly-vitamin-collagen-800ml","status":"publish","type":"product","link":"https:\/\/brandss.com.py\/index\/producto\/shampoo-capilar-lusstaly-vitamin-collagen-800ml\/","title":{"rendered":"SHAMPOO CAPILAR LUSSTALY VITAMIN COLLAGEN 800ML"},"content":{"rendered":"<h1>VITAMIN COLLAGEN<\/h1>\n<div class=\"paragraph\">El champ\u00fa natural Luststaly est\u00e1 dise\u00f1ado para abordar las necesidades de las personas con cabello seco y da\u00f1ado. Este innovador champ\u00fa combina las propiedades reparadoras del col\u00e1geno con los efectos nutritivos de las vitaminas A, D, E y F para reparar e hidratar profundamente el cabello. Dile adi\u00f3s al cabello da\u00f1ado, al cabello graso, a las puntas abiertas y a los nudos con la f\u00f3rmula avanzada de cuidado capilar de Luststaly.<\/div>\n<div><img loading=\"lazy\" decoding=\"async\" class=\"alignleft\" src=\"https:\/\/karseellfactory.com\/uploadfile\/202410\/e544a00909a1bb0.jpg\" width=\"557\" height=\"557\" \/><\/div>\n<h3 class=\"paragraph\"><strong>Caracter\u00edsticas Clave:<\/strong><\/h3>\n<ul>\n<li>\n<div class=\"paragraph\"><strong class=\"\">Reparaci\u00f3n profunda:<\/strong>\u00a0El champ\u00fa natural Luststaly act\u00faa para reparar suavemente el cabello da\u00f1ado tratado qu\u00edmicamente, promoviendo hebras m\u00e1s saludables y fuertes.<\/div>\n<\/li>\n<li>\n<div class=\"paragraph\"><strong class=\"\">Hidratante:<\/strong>\u00a0Infunde cada hebra con un rico y alto valor nutricional, dejando tu cabello suave, liso e hidratado.<\/div>\n<\/li>\n<li>\n<div class=\"paragraph\"><strong class=\"\">Mejorar el brillo del cabello:<\/strong>\u00a0Los ingredientes especiales de col\u00e1geno y vitaminas mejoran el brillo natural de tu cabello, haci\u00e9ndolo lucir vibrante y vivo.<\/div>\n<\/li>\n<li>\n<div class=\"paragraph\"><strong class=\"\">Adecuado para todo tipo de cabello:<\/strong>\u00a0Ya sea que tengas cabello rizado, liso u ondulado, el champ\u00fa natural Luststaly est\u00e1 formulado para funcionar en todo tipo de cabello, brindando una soluci\u00f3n personalizada para tus necesidades de cuidado del cabello.<\/div>\n<\/li>\n<\/ul>\n<h3 class=\"paragraph\"><strong>Ingredientes:<\/strong><\/h3>\n<ul>\n<li>\n<div class=\"paragraph\"><strong class=\"\">Col\u00e1geno:<\/strong>\u00a0Agrega brillo, elasticidad y resistencia a tu cabello, haci\u00e9ndolo lucir m\u00e1s saludable y vibrante.<\/div>\n<\/li>\n<li>\n<div class=\"paragraph\"><strong>Vitaminas A, D, E y F:<\/strong>\u00a0Estas multivitaminas nutren y protegen profundamente el cabello da\u00f1ado y seco, promoviendo la salud general del cabello.<\/div>\n<\/li>\n<\/ul>\n<h3 class=\"paragraph\"><strong>C\u00f3mo Utilizar:<\/strong><\/h3>\n<ul>\n<li>\n<div class=\"paragraph\">Moja bien tu cabello.<\/div>\n<\/li>\n<li>\n<div class=\"paragraph\">Aplique una cantidad generosa de champ\u00fa natural Luststaly en la palma de su mano.<\/div>\n<\/li>\n<li>\n<div class=\"paragraph\">Masajea el champ\u00fa en el cuero cabelludo y el cabello, forma espuma y enjuaga bien.<\/div>\n<\/li>\n<li>\n<div class=\"paragraph\">Para obtener mejores resultados, \u00faselo junto con el acondicionador de Luststaly.<\/div>\n<\/li>\n<\/ul>\n<h3 class=\"paragraph\"><strong>Beneficios despu\u00e9s del uso a largo plazo:<\/strong><\/h3>\n<ul>\n<li>\n<div class=\"paragraph\"><strong class=\"\">Reparar el cabello da\u00f1ado:<\/strong>\u00a0Mejora notable en la salud y fuerza de tu cabello.<\/div>\n<\/li>\n<li>\n<div class=\"paragraph\"><strong class=\"\">Hidrataci\u00f3n del cabello:<\/strong>\u00a0El cabello se siente m\u00e1s suave, m\u00e1s liso y m\u00e1s manejable.<\/div>\n<\/li>\n<li>\n<div class=\"paragraph\"><strong class=\"\">Mejorar el brillo del cabello:<\/strong>\u00a0El cabello luce m\u00e1s brillante y vibrante.<\/div>\n<\/li>\n<\/ul>\n","protected":false},"excerpt":{"rendered":"<p>VITAMIN COLLAGEN El champ\u00fa natural Luststaly est\u00e1 dise\u00f1ado para abordar las necesidades de las personas con cabello seco y da\u00f1ado.<\/p>\n","protected":false},"featured_media":91268,"comment_status":"open","ping_status":"closed","template":"","meta":{"nf_dc_page":""},"product_brand":[752],"product_cat":[85],"product_tag":[764],"class_list":{"0":"post-91267","1":"product","2":"type-product","3":"status-publish","4":"has-post-thumbnail","6":"product_brand-lusstaly","7":"product_cat-cosmeticos","8":"product_tag-764","10":"first","11":"instock","12":"shipping-taxable","13":"purchasable","14":"product-type-simple"},"_links":{"self":[{"href":"https:\/\/brandss.com.py\/index\/wp-json\/wp\/v2\/product\/91267","targetHints":{"allow":["GET"]}}],"collection":[{"href":"https:\/\/brandss.com.py\/index\/wp-json\/wp\/v2\/product"}],"about":[{"href":"https:\/\/brandss.com.py\/index\/wp-json\/wp\/v2\/types\/product"}],"replies":[{"embeddable":true,"href":"https:\/\/brandss.com.py\/index\/wp-json\/wp\/v2\/comments?post=91267"}],"version-history":[{"count":1,"href":"https:\/\/brandss.com.py\/index\/wp-json\/wp\/v2\/product\/91267\/revisions"}],"predecessor-version":[{"id":91272,"href":"https:\/\/brandss.com.py\/index\/wp-json\/wp\/v2\/product\/91267\/revisions\/91272"}],"wp:featuredmedia":[{"embeddable":true,"href":"https:\/\/brandss.com.py\/index\/wp-json\/wp\/v2\/media\/91268"}],"wp:attachment":[{"href":"https:\/\/brandss.com.py\/index\/wp-json\/wp\/v2\/media?parent=91267"}],"wp:term":[{"taxonomy":"product_brand","embeddable":true,"href":"https:\/\/brandss.com.py\/index\/wp-json\/wp\/v2\/product_brand?post=91267"},{"taxonomy":"product_cat","embeddable":true,"href":"https:\/\/brandss.com.py\/index\/wp-json\/wp\/v2\/product_cat?post=91267"},{"taxonomy":"product_tag","embeddable":true,"href":"https:\/\/brandss.com.py\/index\/wp-json\/wp\/v2\/product_tag?post=91267"}],"curies":[{"name":"wp","href":"https:\/\/api.w.org\/{rel}","templated":true}]}}