{"id":91273,"date":"2025-09-29T12:28:41","date_gmt":"2025-09-29T12:28:41","guid":{"rendered":"https:\/\/brandss.com.py\/index\/?post_type=product&#038;p=91273"},"modified":"2026-03-16T17:09:23","modified_gmt":"2026-03-16T17:09:23","slug":"shampoo-capilar-pallamina-collagen-keratin-1000ml","status":"publish","type":"product","link":"https:\/\/brandss.com.py\/index\/producto\/shampoo-capilar-pallamina-collagen-keratin-1000ml\/","title":{"rendered":"SHAMPOO CAPILAR PALLAMINA COLLAGEN KERATIN 1000ML"},"content":{"rendered":"<p><img loading=\"lazy\" decoding=\"async\" class=\"\" src=\"https:\/\/krvietnam.vn\/wp-content\/uploads\/2022\/01\/Palamina.jpg\" alt=\"Trang ch\u1ee7 - K&amp;R Vi\u1ec7t Nam - Pallamina\" width=\"120\" height=\"90\" \/><\/p>\n<h1>COLLAGEN KERATIN<\/h1>\n<p><span dir=\"auto\">El champ\u00fa Pallamina<\/span><span dir=\"auto\"> aporta los nutrientes esenciales que se pierden durante el rizado, alisado y te\u00f1ido. <\/span><span dir=\"auto\">El champ\u00fa Pallamina Professional, con ingredientes completamente naturales, suaviza y relaja el cabello, devolvi\u00e9ndole un aspecto ligero y saludable en poco tiempo. Gracias a la potente provitamina B7 y biotina, que nutre cada hebra capilar, el col\u00e1geno ayuda a engrosar y aumentar el volumen del cabello, y la prote\u00edna de trigo hidrolizada lo fortalece y lo hace m\u00e1s grueso y saludable. <img loading=\"lazy\" decoding=\"async\" class=\"alignleft\" src=\"https:\/\/sc04.alicdn.com\/kf\/Hed9da64dbddf4c23b3a39db23fd190bfW\/225118187\/Hed9da64dbddf4c23b3a39db23fd190bfW.jpg\" width=\"493\" height=\"493\" \/><\/span><\/p>\n<div><\/div>\n<div class=\"fo\"><strong><span dir=\"auto\">Caracter\u00edsticas destacadas<\/span><\/strong><\/div>\n<div><\/div>\n<div class=\"news-detail\"><span dir=\"auto\">Con una mezcla de alto rendimiento de potente provitamina B7 biotina que infunde nutrientes en cada hebra, col\u00e1geno para grosor y dimensi\u00f3n, y prote\u00edna de trigo hidrolizada que fortifica para un cabello grueso y saludable.<\/span><\/div>\n<div><\/div>\n<p><strong><span dir=\"auto\">Modo de empleo:<\/span><\/strong><\/p>\n<p>&nbsp;<\/p>\n<p><span dir=\"auto\">Aplique una peque\u00f1a cantidad de\u00a0\u00a0<\/span><span dir=\"auto\">champ\u00fa Pallamina<\/span><span dir=\"auto\">\u00a0\u00a0sobre el cabello mojado, masajee de 1 a 3 minutos y enjuague con agua. A continuaci\u00f3n, use\u00a0\u00a0<\/span><span dir=\"auto\">el acondicionador Pallamina.<\/span><\/p>\n","protected":false},"excerpt":{"rendered":"<p>COLLAGEN KERATIN El champ\u00fa Pallamina aporta los nutrientes esenciales que se pierden durante el rizado, alisado y te\u00f1ido. El champ\u00fa<\/p>\n","protected":false},"featured_media":91274,"comment_status":"open","ping_status":"closed","template":"","meta":{"nf_dc_page":""},"product_brand":[765],"product_cat":[85],"product_tag":[766],"class_list":{"0":"post-91273","1":"product","2":"type-product","3":"status-publish","4":"has-post-thumbnail","6":"product_brand-pallamina","7":"product_cat-cosmeticos","8":"product_tag-766","10":"first","11":"instock","12":"shipping-taxable","13":"purchasable","14":"product-type-simple"},"_links":{"self":[{"href":"https:\/\/brandss.com.py\/index\/wp-json\/wp\/v2\/product\/91273","targetHints":{"allow":["GET"]}}],"collection":[{"href":"https:\/\/brandss.com.py\/index\/wp-json\/wp\/v2\/product"}],"about":[{"href":"https:\/\/brandss.com.py\/index\/wp-json\/wp\/v2\/types\/product"}],"replies":[{"embeddable":true,"href":"https:\/\/brandss.com.py\/index\/wp-json\/wp\/v2\/comments?post=91273"}],"version-history":[{"count":1,"href":"https:\/\/brandss.com.py\/index\/wp-json\/wp\/v2\/product\/91273\/revisions"}],"predecessor-version":[{"id":91281,"href":"https:\/\/brandss.com.py\/index\/wp-json\/wp\/v2\/product\/91273\/revisions\/91281"}],"wp:featuredmedia":[{"embeddable":true,"href":"https:\/\/brandss.com.py\/index\/wp-json\/wp\/v2\/media\/91274"}],"wp:attachment":[{"href":"https:\/\/brandss.com.py\/index\/wp-json\/wp\/v2\/media?parent=91273"}],"wp:term":[{"taxonomy":"product_brand","embeddable":true,"href":"https:\/\/brandss.com.py\/index\/wp-json\/wp\/v2\/product_brand?post=91273"},{"taxonomy":"product_cat","embeddable":true,"href":"https:\/\/brandss.com.py\/index\/wp-json\/wp\/v2\/product_cat?post=91273"},{"taxonomy":"product_tag","embeddable":true,"href":"https:\/\/brandss.com.py\/index\/wp-json\/wp\/v2\/product_tag?post=91273"}],"curies":[{"name":"wp","href":"https:\/\/api.w.org\/{rel}","templated":true}]}}