{"id":91282,"date":"2025-09-29T13:04:13","date_gmt":"2025-09-29T13:04:13","guid":{"rendered":"https:\/\/brandss.com.py\/index\/?post_type=product&#038;p=91282"},"modified":"2026-03-16T17:09:39","modified_gmt":"2026-03-16T17:09:39","slug":"acondicionador-capilar-pallamina-collagen-keratin-1000ml","status":"publish","type":"product","link":"https:\/\/brandss.com.py\/index\/producto\/acondicionador-capilar-pallamina-collagen-keratin-1000ml\/","title":{"rendered":"ACONDICIONADOR CAPILAR PALLAMINA COLLAGEN KERATIN 1000ML"},"content":{"rendered":"<p><img loading=\"lazy\" decoding=\"async\" class=\"\" src=\"https:\/\/krvietnam.vn\/wp-content\/uploads\/2022\/01\/Palamina.jpg\" alt=\"Trang ch\u1ee7 - K&amp;R Vi\u1ec7t Nam - Pallamina\" width=\"147\" height=\"111\" \/><\/p>\n<h1>COLLAGEN KERATIN<\/h1>\n<p>El acondicionador de col\u00e1geno Pallamina, rico en prote\u00ednas vegetales que contienen amino\u00e1cidos: col\u00e1geno, queratina, metionina y oligoelementos, complementa la nutrici\u00f3n capilar. El col\u00e1geno hidrolizado penetra profundamente en el cabello y soluciona problemas capilares (cabello seco, da\u00f1ado, puntas abiertas, rotura, etc.), hidrata el cabello para suavizarlo, crear brillo y mantenerlo saludable.<img loading=\"lazy\" decoding=\"async\" class=\"alignleft\" src=\"https:\/\/s.alicdn.com\/@sc04\/kf\/H0f9fbe9e69fb46e983ba1be8b399c116F.jpg?avif=close&amp;webp=close\" width=\"440\" height=\"440\" \/><\/p>\n<h3>Caracter\u00edsticas:<\/h3>\n<ul>\n<li><span dir=\"auto\">El Acondicionador Pallamina es rico en prote\u00ednas vegetales que contienen amino\u00e1cidos: col\u00e1geno, queratina, metionina y oligoelementos. <\/span><\/li>\n<li><span dir=\"auto\">Complementa la nutrici\u00f3n capilar. <\/span><\/li>\n<li><span dir=\"auto\">El col\u00e1geno hidrolizado penetra profundamente en el cabello y soluciona problemas capilares (sequedad, da\u00f1o, puntas abiertas, rotura, etc.). <\/span><\/li>\n<li><span dir=\"auto\">Hidrata el cabello para dejarlo suave, brillante y sano.<\/span><\/li>\n<li><span dir=\"auto\">El acondicionador Pallamina aporta nutrientes, hidrataci\u00f3n, equilibra el pH, restaura la suavidad natural, nutre el cabello da\u00f1ado y reduce la rotura del cabello.<\/span><\/li>\n<\/ul>\n<h2><span dir=\"auto\">C\u00f3mo utilizar<\/span><\/h2>\n<ul>\n<li><span dir=\"auto\">\u00a0Moje bien el cabello.<\/span><\/li>\n<li><span dir=\"auto\">\u00a0Vierta una cantidad moderada de champ\u00fa y fr\u00f3telo uniformemente en la palma de la mano. Apl\u00edquelo en las ra\u00edces del cabello y masajee uniformemente. Conc\u00e9ntrese principalmente en las ra\u00edces para eliminar los residuos y la suciedad causados \u200b\u200bpor los productos qu\u00edmicos capilares.<\/span><\/li>\n<li><span dir=\"auto\">\u00a0Enjuague el aceite del cabello con agua tibia.<\/span><\/li>\n<li><span dir=\"auto\">\u00a0Aplicar acondicionador, concentr\u00e1ndose principalmente en las puntas.<\/span><\/li>\n<li><span dir=\"auto\">\u00a0Espere unos 2-3 minutos y luego enjuague con agua fr\u00eda.<\/span><\/li>\n<\/ul>\n","protected":false},"excerpt":{"rendered":"<p>COLLAGEN KERATIN El acondicionador de col\u00e1geno Pallamina, rico en prote\u00ednas vegetales que contienen amino\u00e1cidos: col\u00e1geno, queratina, metionina y oligoelementos, complementa<\/p>\n","protected":false},"featured_media":91288,"comment_status":"open","ping_status":"closed","template":"","meta":{"nf_dc_page":""},"product_brand":[765],"product_cat":[85],"product_tag":[767],"class_list":{"0":"post-91282","1":"product","2":"type-product","3":"status-publish","4":"has-post-thumbnail","6":"product_brand-pallamina","7":"product_cat-cosmeticos","8":"product_tag-767","10":"first","11":"instock","12":"shipping-taxable","13":"purchasable","14":"product-type-simple"},"_links":{"self":[{"href":"https:\/\/brandss.com.py\/index\/wp-json\/wp\/v2\/product\/91282","targetHints":{"allow":["GET"]}}],"collection":[{"href":"https:\/\/brandss.com.py\/index\/wp-json\/wp\/v2\/product"}],"about":[{"href":"https:\/\/brandss.com.py\/index\/wp-json\/wp\/v2\/types\/product"}],"replies":[{"embeddable":true,"href":"https:\/\/brandss.com.py\/index\/wp-json\/wp\/v2\/comments?post=91282"}],"version-history":[{"count":1,"href":"https:\/\/brandss.com.py\/index\/wp-json\/wp\/v2\/product\/91282\/revisions"}],"predecessor-version":[{"id":91289,"href":"https:\/\/brandss.com.py\/index\/wp-json\/wp\/v2\/product\/91282\/revisions\/91289"}],"wp:featuredmedia":[{"embeddable":true,"href":"https:\/\/brandss.com.py\/index\/wp-json\/wp\/v2\/media\/91288"}],"wp:attachment":[{"href":"https:\/\/brandss.com.py\/index\/wp-json\/wp\/v2\/media?parent=91282"}],"wp:term":[{"taxonomy":"product_brand","embeddable":true,"href":"https:\/\/brandss.com.py\/index\/wp-json\/wp\/v2\/product_brand?post=91282"},{"taxonomy":"product_cat","embeddable":true,"href":"https:\/\/brandss.com.py\/index\/wp-json\/wp\/v2\/product_cat?post=91282"},{"taxonomy":"product_tag","embeddable":true,"href":"https:\/\/brandss.com.py\/index\/wp-json\/wp\/v2\/product_tag?post=91282"}],"curies":[{"name":"wp","href":"https:\/\/api.w.org\/{rel}","templated":true}]}}