{"id":91303,"date":"2025-09-29T17:46:38","date_gmt":"2025-09-29T17:46:38","guid":{"rendered":"https:\/\/brandss.com.py\/index\/?post_type=product&#038;p=91303"},"modified":"2025-11-26T13:51:07","modified_gmt":"2025-11-26T13:51:07","slug":"perfume-unisex-french-avenue-vulcan-sable-edp-100ml","status":"publish","type":"product","link":"https:\/\/brandss.com.py\/index\/producto\/perfume-unisex-french-avenue-vulcan-sable-edp-100ml\/","title":{"rendered":"PERFUME UNISEX FRENCH AVENUE VULCAN SABLE EDP 100ML"},"content":{"rendered":"<p><img loading=\"lazy\" decoding=\"async\" class=\"\" src=\"https:\/\/acdn-us.mitiendanube.com\/stores\/004\/407\/494\/products\/logo-french-avenue-9cf060d2d3a303a77f17393022358551-1024-1024.png\" alt=\"Liquid Brun 100ml - Fragancia Amaderada y Sofisticada\" width=\"182\" height=\"68\" \/><\/p>\n<h1>VULCAN SABLE<\/h1>\n<h5><em>Un espejismo des\u00e9rtico de calidez y especias.<\/em><\/h5>\n<p>Es un Eau de Parfum audaz y embriagador, creado para quienes imponen presencia y destilan un magnetismo puro. Esta lujosa fragancia logra un delicado equilibrio entre fuego y delicadeza, evocando misterio, calidez y masculinidad refinada en cada aplicaci\u00f3n. Dise\u00f1ado para el conocedor moderno, Vulcan Sable no es solo un aroma: es una declaraci\u00f3n de intenciones.<img loading=\"lazy\" decoding=\"async\" class=\"alignleft\" src=\"https:\/\/http2.mlstatic.com\/D_NQ_NP_2X_623122-MLA87719970972_072025-F.webp\" width=\"575\" height=\"774\" \/><\/p>\n<p>Vulcan Sable es la fragancia emblem\u00e1tica definitiva para quienes se atreven a desafiar lo convencional. Compleja, seductora y atemporalmente elegante, es una fragancia que deja una huella imborrable, ya sea de d\u00eda o de noche, en una sala de juntas o en una velada. D\u00e9jate seducir por la magia de Vulcan Sable y deja que tu presencia hable por s\u00ed sola.<\/p>\n<p>&nbsp;<\/p>\n<h3>Notas Olfativas<\/h3>\n<p>&nbsp;<\/p>\n<p>Vulcan Sable es una fragancia unisex lanzado en 2025, esta fragancia es descrita como una creaci\u00f3n lujosa y magn\u00e9tica que fusiona notas especiadas, dulces, ahumadas y amaderadas en una sinfon\u00eda compleja y envolvente. Evoca la fuerza de los elementos y viste la piel con una elegancia atemporal y un misterio cautivador, ideal para quienes no temen destacar.<\/p>\n<p data-start=\"597\" data-end=\"869\"><span dir=\"auto\">La apertura es una explosi\u00f3n inesperada e inolvidable de whisky tibio, con un toque de cilantro arom\u00e1tico y la frescura c\u00edtrica de la mandarina. El s\u00e9samo terroso y un toque de an\u00eds picante crean una primera impresi\u00f3n cautivadora, audaz y sofisticada a la vez.<\/span><\/p>\n<p data-start=\"871\" data-end=\"1137\"><span dir=\"auto\">A medida que se despliega el coraz\u00f3n, el rico cacao se funde con el cremoso s\u00e1ndalo y la aterciopelada almizcle del cachemir, otorgando a la fragancia una suntuosa profundidad. Este seductor n\u00facleo irradia sensualidad y fuerza, aportando una calidez gourmand suave e irresistiblemente adictiva.<\/span><\/p>\n<p data-start=\"1139\" data-end=\"1450\"><span dir=\"auto\">En el fondo, Vulcan Sable envuelve la piel en un poderoso abrazo de haba tonka y benju\u00ed resinoso, equilibrado por el ahumado styrax y el suave extracto de cedro blanco. La mezcla de pachul\u00ed y vainilla aporta un encanto terroso y dulce, mientras que la madera de cachemira proporciona un final duradero y reconfortante que perdura durante horas.<\/span><\/p>\n<ul>\n<li data-start=\"376\" data-end=\"443\"><strong data-start=\"376\" data-end=\"390\"><span dir=\"auto\">Notas de salida:<\/span><\/strong><span dir=\"auto\">\u00a0Whisky, cilantro, mandarina, s\u00e9samo, an\u00eds.<\/span><\/li>\n<li data-start=\"446\" data-end=\"493\"><strong data-start=\"446\" data-end=\"462\"><span dir=\"auto\">Notas de coraz\u00f3n:<\/span><\/strong><span dir=\"auto\"> cacao, s\u00e1ndalo, cachemira.<\/span><\/li>\n<li data-start=\"496\" data-end=\"595\"><strong data-start=\"496\" data-end=\"511\"><span dir=\"auto\">Notas de fondo:<\/span><\/strong><span dir=\"auto\">\u00a0haba tonka, benju\u00ed, styrax, extracto de cedro blanco, pachul\u00ed, vainilla, madera de cachemira.<\/span><\/li>\n<\/ul>\n","protected":false},"excerpt":{"rendered":"<p>VULCAN SABLE Un espejismo des\u00e9rtico de calidez y especias. Es un Eau de Parfum audaz y embriagador, creado para quienes<\/p>\n","protected":false},"featured_media":91304,"comment_status":"open","ping_status":"closed","template":"","meta":{"nf_dc_page":""},"product_brand":[112],"product_cat":[84],"product_tag":[776],"class_list":{"0":"post-91303","1":"product","2":"type-product","3":"status-publish","4":"has-post-thumbnail","6":"product_brand-french-avenue","7":"product_cat-perfumeria","8":"product_tag-776","10":"first","11":"instock","12":"sale","13":"shipping-taxable","14":"purchasable","15":"product-type-simple"},"_links":{"self":[{"href":"https:\/\/brandss.com.py\/index\/wp-json\/wp\/v2\/product\/91303","targetHints":{"allow":["GET"]}}],"collection":[{"href":"https:\/\/brandss.com.py\/index\/wp-json\/wp\/v2\/product"}],"about":[{"href":"https:\/\/brandss.com.py\/index\/wp-json\/wp\/v2\/types\/product"}],"replies":[{"embeddable":true,"href":"https:\/\/brandss.com.py\/index\/wp-json\/wp\/v2\/comments?post=91303"}],"version-history":[{"count":1,"href":"https:\/\/brandss.com.py\/index\/wp-json\/wp\/v2\/product\/91303\/revisions"}],"predecessor-version":[{"id":91312,"href":"https:\/\/brandss.com.py\/index\/wp-json\/wp\/v2\/product\/91303\/revisions\/91312"}],"wp:featuredmedia":[{"embeddable":true,"href":"https:\/\/brandss.com.py\/index\/wp-json\/wp\/v2\/media\/91304"}],"wp:attachment":[{"href":"https:\/\/brandss.com.py\/index\/wp-json\/wp\/v2\/media?parent=91303"}],"wp:term":[{"taxonomy":"product_brand","embeddable":true,"href":"https:\/\/brandss.com.py\/index\/wp-json\/wp\/v2\/product_brand?post=91303"},{"taxonomy":"product_cat","embeddable":true,"href":"https:\/\/brandss.com.py\/index\/wp-json\/wp\/v2\/product_cat?post=91303"},{"taxonomy":"product_tag","embeddable":true,"href":"https:\/\/brandss.com.py\/index\/wp-json\/wp\/v2\/product_tag?post=91303"}],"curies":[{"name":"wp","href":"https:\/\/api.w.org\/{rel}","templated":true}]}}