{"id":91313,"date":"2025-09-29T18:13:21","date_gmt":"2025-09-29T18:13:21","guid":{"rendered":"https:\/\/brandss.com.py\/index\/?post_type=product&#038;p=91313"},"modified":"2025-09-29T18:14:03","modified_gmt":"2025-09-29T18:14:03","slug":"spray-corporal-unisex-lattafa-ameer-al-oudh-intense-oud-200ml","status":"publish","type":"product","link":"https:\/\/brandss.com.py\/index\/producto\/spray-corporal-unisex-lattafa-ameer-al-oudh-intense-oud-200ml\/","title":{"rendered":"SPRAY CORPORAL UNISEX LATTAFA AMEER AL OUDH INTENSE OUD 200ML"},"content":{"rendered":"<p><img loading=\"lazy\" decoding=\"async\" class=\"\" src=\"https:\/\/myscentjourney.s3.us-east-2.amazonaws.com\/2022\/02\/14\/29KIascent_j_marca_1644871114_202.png\" alt=\"MSJ::LATTAFA\" width=\"103\" height=\"122\" \/><\/p>\n<h1>AMEER AL OUDH INTENSE OUD<\/h1>\n<p>Descubre Ameer Al Oud, un espray corporal que transforma tu rutina de belleza en una experiencia de lujo. Este perfume, de la reconocida marca Lattafa, es una celebraci\u00f3n de notas orientales que evocan el glamour \u00e1rabe, brindando una sensaci\u00f3n de elegancia y sofisticaci\u00f3n con cada aplicaci\u00f3n. Aunque no es vegano ni est\u00e1 testado en animales, su f\u00f3rmula \u00fanica promete una fragancia envolvente que realza tu presencia con un toque de misterio y seducci\u00f3n. Ideal para quienes buscan un aroma impactante, este nuevo producto no es recargable, pero su l\u00ednea Oud garantiza una experiencia olfativa duradera.<\/p>\n<h3>Notas Olfativas<\/h3>\n<p>Sum\u00e9rgete en esta irresistible mezcla y si\u00e9ntete segura y atractiva en cualquier ocasi\u00f3n. Ameer Al Oud es m\u00e1s que un perfume; es una declaraci\u00f3n de estilo y personalidad.<\/p>\n<p><strong>Notas de salida:<\/strong> notas amaderadas y madera de agar (oud)<br \/>\n<strong>Notas de coraz\u00f3n:<\/strong> az\u00facar y vainilla<br \/>\n<strong>Notas de fondo:<\/strong> s\u00e1ndalo y notas herb\u00e1ceas.<\/p>\n","protected":false},"excerpt":{"rendered":"<p>AMEER AL OUDH INTENSE OUD Descubre Ameer Al Oud, un espray corporal que transforma tu rutina de belleza en una<\/p>\n","protected":false},"featured_media":91314,"comment_status":"open","ping_status":"closed","template":"","meta":{"nf_dc_page":""},"product_brand":[109],"product_cat":[94],"product_tag":[777],"class_list":{"0":"post-91313","1":"product","2":"type-product","3":"status-publish","4":"has-post-thumbnail","6":"product_brand-lattafa","7":"product_cat-higiene-personal","8":"product_tag-777","10":"first","11":"instock","12":"shipping-taxable","13":"purchasable","14":"product-type-simple"},"_links":{"self":[{"href":"https:\/\/brandss.com.py\/index\/wp-json\/wp\/v2\/product\/91313","targetHints":{"allow":["GET"]}}],"collection":[{"href":"https:\/\/brandss.com.py\/index\/wp-json\/wp\/v2\/product"}],"about":[{"href":"https:\/\/brandss.com.py\/index\/wp-json\/wp\/v2\/types\/product"}],"replies":[{"embeddable":true,"href":"https:\/\/brandss.com.py\/index\/wp-json\/wp\/v2\/comments?post=91313"}],"version-history":[{"count":1,"href":"https:\/\/brandss.com.py\/index\/wp-json\/wp\/v2\/product\/91313\/revisions"}],"predecessor-version":[{"id":91317,"href":"https:\/\/brandss.com.py\/index\/wp-json\/wp\/v2\/product\/91313\/revisions\/91317"}],"wp:featuredmedia":[{"embeddable":true,"href":"https:\/\/brandss.com.py\/index\/wp-json\/wp\/v2\/media\/91314"}],"wp:attachment":[{"href":"https:\/\/brandss.com.py\/index\/wp-json\/wp\/v2\/media?parent=91313"}],"wp:term":[{"taxonomy":"product_brand","embeddable":true,"href":"https:\/\/brandss.com.py\/index\/wp-json\/wp\/v2\/product_brand?post=91313"},{"taxonomy":"product_cat","embeddable":true,"href":"https:\/\/brandss.com.py\/index\/wp-json\/wp\/v2\/product_cat?post=91313"},{"taxonomy":"product_tag","embeddable":true,"href":"https:\/\/brandss.com.py\/index\/wp-json\/wp\/v2\/product_tag?post=91313"}],"curies":[{"name":"wp","href":"https:\/\/api.w.org\/{rel}","templated":true}]}}