{"id":91318,"date":"2025-09-29T19:08:31","date_gmt":"2025-09-29T19:08:31","guid":{"rendered":"https:\/\/brandss.com.py\/index\/?post_type=product&#038;p=91318"},"modified":"2025-11-26T14:11:32","modified_gmt":"2025-11-26T14:11:32","slug":"perfume-unisex-lattafa-pride-art-of-nature-i-edp-100ml","status":"publish","type":"product","link":"https:\/\/brandss.com.py\/index\/producto\/perfume-unisex-lattafa-pride-art-of-nature-i-edp-100ml\/","title":{"rendered":"PERFUME UNISEX LATTAFA PRIDE ART OF NATURE I EDP 100ML"},"content":{"rendered":"<p><img loading=\"lazy\" decoding=\"async\" class=\"\" src=\"https:\/\/myscentjourney.s3.us-east-2.amazonaws.com\/2022\/02\/14\/29KIascent_j_marca_1644871114_202.png\" alt=\"MSJ::LATTAFA\" width=\"89\" height=\"106\" \/><\/p>\n<h1>ART OF NATURE I<\/h1>\n<p>Es una fragancia lujosa e intrincada que equilibra a la perfecci\u00f3n la dulzura afrutada, la sofisticaci\u00f3n floral y los profundos matices terrosos. Creada para capturar la esencia de la belleza y la complejidad de la naturaleza, este Eau de Parfum ofrece una experiencia rica y sensual con notas audaces y evocadoras que destilan elegancia y profundidad.<\/p>\n<p>Art Of Nature I es una fusi\u00f3n magistral de notas frutales, florales y terrosas, lo que la convierte en la fragancia perfecta para quienes aprecian la complejidad y la profundidad. Ya sea para ocasiones especiales o como aroma exclusivo, Art Of Nature I te envuelve en un aura lujosa y sensual, dejando una impresi\u00f3n duradera de sofisticaci\u00f3n y belleza natural.<\/p>\n<p><img decoding=\"async\" class=\"alignleft\" src=\"https:\/\/i5.walmartimages.com\/asr\/7122f04c-df69-4def-be95-8e5012b58e38.e42af7d15b2939b2a5bd91544adb011e.jpeg?odnHeight=573&amp;odnWidth=573&amp;odnBg=FFFFFF\" \/><\/p>\n<h3>Notas Olfativas<\/h3>\n<p><span dir=\"auto\">Art of Nature<\/span><span dir=\"auto\"> es una fragancia unisex vers\u00e1til que combina a la perfecci\u00f3n elementos audaces y refinados. <\/span><span dir=\"auto\">La fragancia se abre con una exquisita mezcla de ciruela, grosella negra e higo, creando una entrada jugosa y dulce. La riqueza de la ciruela y la grosella negra ofrece una profunda dulzura afrutada, mientras que el higo aporta un toque terroso, evocando la exuberante abundancia de la naturaleza.<\/span><\/p>\n<p><span dir=\"auto\">A medida que la fragancia se despliega, el coraz\u00f3n revela una intrigante mezcla de rosa, ruibarbo y cuero. La elegancia atemporal de la rosa contrasta con el aroma \u00e1cido y ligeramente verde del ruibarbo, que aporta complejidad y frescura a la composici\u00f3n. La presencia del cuero introduce una profundidad c\u00e1lida y ligeramente ahumada, evocando una sensaci\u00f3n de fuerza y \u200b\u200bsofisticaci\u00f3n.<\/span><\/p>\n<p><span dir=\"auto\">En la base, el oud, el \u00e1mbar gris y la vainilla crean un final rico y duradero. El oud aporta una calidez profunda, amaderada y resinosa, mientras que el \u00e1mbar gris a\u00f1ade una nota sutil, terrosa y ligeramente marina que realza la riqueza general. La vainilla suaviza la composici\u00f3n con su cremosa dulzura, dejando una estela suave y atractiva que perdura en la piel.<\/span><\/p>\n<p><span dir=\"auto\">Esta sofisticada fragancia ofrece un equilibrio armonioso de notas frutales, florales y terrosas, lo que la convierte en una opci\u00f3n distintiva para cualquier ocasi\u00f3n.<\/span><\/p>\n<ul>\n<li><strong><span dir=\"auto\">Notas de salida: <\/span><\/strong><span dir=\"auto\">ciruela, grosella negra, higo.<\/span><\/li>\n<li><strong><span dir=\"auto\">Notas de coraz\u00f3n:<\/span><\/strong><span dir=\"auto\"> rosa, ruibarbo, cuero.<\/span><\/li>\n<li><strong><span dir=\"auto\">Notas de fondo:<\/span><\/strong><span dir=\"auto\"> Oud, \u00e1mbar gris, vainilla.<\/span><\/li>\n<\/ul>\n","protected":false},"excerpt":{"rendered":"<p>ART OF NATURE I Es una fragancia lujosa e intrincada que equilibra a la perfecci\u00f3n la dulzura afrutada, la sofisticaci\u00f3n<\/p>\n","protected":false},"featured_media":91319,"comment_status":"open","ping_status":"closed","template":"","meta":{"nf_dc_page":""},"product_brand":[109],"product_cat":[84],"product_tag":[779],"class_list":{"0":"post-91318","1":"product","2":"type-product","3":"status-publish","4":"has-post-thumbnail","6":"product_brand-lattafa","7":"product_cat-perfumeria","8":"product_tag-779","10":"first","11":"instock","12":"sale","13":"shipping-taxable","14":"purchasable","15":"product-type-simple"},"_links":{"self":[{"href":"https:\/\/brandss.com.py\/index\/wp-json\/wp\/v2\/product\/91318","targetHints":{"allow":["GET"]}}],"collection":[{"href":"https:\/\/brandss.com.py\/index\/wp-json\/wp\/v2\/product"}],"about":[{"href":"https:\/\/brandss.com.py\/index\/wp-json\/wp\/v2\/types\/product"}],"replies":[{"embeddable":true,"href":"https:\/\/brandss.com.py\/index\/wp-json\/wp\/v2\/comments?post=91318"}],"version-history":[{"count":1,"href":"https:\/\/brandss.com.py\/index\/wp-json\/wp\/v2\/product\/91318\/revisions"}],"predecessor-version":[{"id":91324,"href":"https:\/\/brandss.com.py\/index\/wp-json\/wp\/v2\/product\/91318\/revisions\/91324"}],"wp:featuredmedia":[{"embeddable":true,"href":"https:\/\/brandss.com.py\/index\/wp-json\/wp\/v2\/media\/91319"}],"wp:attachment":[{"href":"https:\/\/brandss.com.py\/index\/wp-json\/wp\/v2\/media?parent=91318"}],"wp:term":[{"taxonomy":"product_brand","embeddable":true,"href":"https:\/\/brandss.com.py\/index\/wp-json\/wp\/v2\/product_brand?post=91318"},{"taxonomy":"product_cat","embeddable":true,"href":"https:\/\/brandss.com.py\/index\/wp-json\/wp\/v2\/product_cat?post=91318"},{"taxonomy":"product_tag","embeddable":true,"href":"https:\/\/brandss.com.py\/index\/wp-json\/wp\/v2\/product_tag?post=91318"}],"curies":[{"name":"wp","href":"https:\/\/api.w.org\/{rel}","templated":true}]}}