{"id":91325,"date":"2025-09-30T11:57:09","date_gmt":"2025-09-30T11:57:09","guid":{"rendered":"https:\/\/brandss.com.py\/index\/?post_type=product&#038;p=91325"},"modified":"2025-11-26T14:42:10","modified_gmt":"2025-11-26T14:42:10","slug":"spray-corporal-unisex-lattafa-ana-abiyedh-rouge-200ml","status":"publish","type":"product","link":"https:\/\/brandss.com.py\/index\/producto\/spray-corporal-unisex-lattafa-ana-abiyedh-rouge-200ml\/","title":{"rendered":"SPRAY CORPORAL UNISEX LATTAFA ANA ABIYEDH ROUGE 200ML"},"content":{"rendered":"<p><img loading=\"lazy\" decoding=\"async\" class=\"\" src=\"https:\/\/myscentjourney.s3.us-east-2.amazonaws.com\/2022\/02\/14\/29KIascent_j_marca_1644871114_202.png\" alt=\"MSJ::LATTAFA\" width=\"68\" height=\"81\" \/><\/p>\n<h1>ANA ABIYEDH ROUGE<\/h1>\n<p><span dir=\"auto\">Es una sofisticada fragancia inspirada en Rouge 540, con un toque \u00fanico de almizcle y azafr\u00e1n. Esta lujosa fragancia ofrece una armoniosa mezcla de \u00e1mbar, azafr\u00e1n y \u00e1mbar gris, lo que la convierte en una opci\u00f3n exquisita para quienes aprecian la elegancia refinada y la dulzura sutil.<\/span><\/p>\n<p><span dir=\"auto\">Ana Abiyedh Rouge es la fragancia perfecta para quienes buscan un aroma \u00fanico y lujoso que destaque. Su mezcla de notas especiadas, amaderadas y almizcladas la hace ideal tanto para el d\u00eda a d\u00eda como para ocasiones especiales, dejando una huella imborrable. Su elegante frasco a\u00f1ade un toque de sofisticaci\u00f3n a tu colecci\u00f3n de perfumes.<\/span><\/p>\n<h4><strong><span dir=\"auto\">Beneficios clave:<\/span><\/strong><\/h4>\n<ul>\n<li><strong><span dir=\"auto\">Uso vers\u00e1til:<\/span><\/strong><span dir=\"auto\">\u00a0Spray corporal de 200 ml perfecto tanto para el d\u00eda como para la noche.<\/span><\/li>\n<li><strong><span dir=\"auto\">Spray corporal:<\/span><\/strong><span dir=\"auto\">\u00a0Realza la nota del perfume EDP a\u00f1adiendo un spray corporal cuando uses perfume EDP<\/span><\/li>\n<li><strong><span dir=\"auto\">Aroma \u00fanico:<\/span><\/strong><span dir=\"auto\">\u00a0una mezcla armoniosa de almizcle, azafr\u00e1n y \u00e1mbar gris para una fragancia distintiva.<\/span><\/li>\n<li><strong><span dir=\"auto\">Aroma duradero:<\/span><\/strong><span dir=\"auto\">\u00a0garantiza que disfrutes de un aroma cautivador que perdura durante todo el d\u00eda.<\/span><\/li>\n<li><strong><span dir=\"auto\">Presentaci\u00f3n lujosa:<\/span><\/strong><span dir=\"auto\">\u00a0la botella bellamente dise\u00f1ada refleja la elegancia de la fragancia que contiene.<\/span><\/li>\n<\/ul>\n<h2><strong><span dir=\"auto\">Notas Olfativas<\/span><\/strong><\/h2>\n<p><span dir=\"auto\">Ana Abiyedh Rouge comienza con una c\u00e1lida y especiada entrada de almendras amargas y azafr\u00e1n, creando el marco perfecto para una experiencia cautivadora. El coraz\u00f3n de la fragancia florece con delicado jazm\u00edn y rico cedro, aportando profundidad y car\u00e1cter. La experiencia concluye con una sensual base de almizcle, madera y \u00e1mbar gris, creando un final persistente y elegante, a la vez intrigante y memorable.<\/span><\/p>\n<ul>\n<li><strong><span dir=\"auto\">Notas de salida:<\/span><\/strong><span dir=\"auto\"> azafr\u00e1n, almendras amargas.<\/span><\/li>\n<li><strong><span dir=\"auto\">Notas de coraz\u00f3n:<\/span><\/strong><span dir=\"auto\"> cedro, jazm\u00edn.<\/span><\/li>\n<li><strong><span dir=\"auto\">Notas de fondo:<\/span><\/strong><span dir=\"auto\"> almizcle, madera, \u00e1mbar gris.<\/span><\/li>\n<\/ul>\n","protected":false},"excerpt":{"rendered":"<p>ANA ABIYEDH ROUGE Es una sofisticada fragancia inspirada en Rouge 540, con un toque \u00fanico de almizcle y azafr\u00e1n. Esta<\/p>\n","protected":false},"featured_media":91326,"comment_status":"open","ping_status":"closed","template":"","meta":{"nf_dc_page":""},"product_brand":[109],"product_cat":[94],"product_tag":[781],"class_list":{"0":"post-91325","1":"product","2":"type-product","3":"status-publish","4":"has-post-thumbnail","6":"product_brand-lattafa","7":"product_cat-higiene-personal","8":"product_tag-781","10":"first","11":"outofstock","12":"shipping-taxable","13":"purchasable","14":"product-type-simple"},"_links":{"self":[{"href":"https:\/\/brandss.com.py\/index\/wp-json\/wp\/v2\/product\/91325","targetHints":{"allow":["GET"]}}],"collection":[{"href":"https:\/\/brandss.com.py\/index\/wp-json\/wp\/v2\/product"}],"about":[{"href":"https:\/\/brandss.com.py\/index\/wp-json\/wp\/v2\/types\/product"}],"replies":[{"embeddable":true,"href":"https:\/\/brandss.com.py\/index\/wp-json\/wp\/v2\/comments?post=91325"}],"version-history":[{"count":1,"href":"https:\/\/brandss.com.py\/index\/wp-json\/wp\/v2\/product\/91325\/revisions"}],"predecessor-version":[{"id":91330,"href":"https:\/\/brandss.com.py\/index\/wp-json\/wp\/v2\/product\/91325\/revisions\/91330"}],"wp:featuredmedia":[{"embeddable":true,"href":"https:\/\/brandss.com.py\/index\/wp-json\/wp\/v2\/media\/91326"}],"wp:attachment":[{"href":"https:\/\/brandss.com.py\/index\/wp-json\/wp\/v2\/media?parent=91325"}],"wp:term":[{"taxonomy":"product_brand","embeddable":true,"href":"https:\/\/brandss.com.py\/index\/wp-json\/wp\/v2\/product_brand?post=91325"},{"taxonomy":"product_cat","embeddable":true,"href":"https:\/\/brandss.com.py\/index\/wp-json\/wp\/v2\/product_cat?post=91325"},{"taxonomy":"product_tag","embeddable":true,"href":"https:\/\/brandss.com.py\/index\/wp-json\/wp\/v2\/product_tag?post=91325"}],"curies":[{"name":"wp","href":"https:\/\/api.w.org\/{rel}","templated":true}]}}