{"id":91361,"date":"2025-10-01T12:13:09","date_gmt":"2025-10-01T12:13:09","guid":{"rendered":"https:\/\/brandss.com.py\/index\/?post_type=product&#038;p=91361"},"modified":"2025-11-26T18:47:44","modified_gmt":"2025-11-26T18:47:44","slug":"perfume-masculino-maison-alhambra-your-touch-intense-edp-100ml","status":"publish","type":"product","link":"https:\/\/brandss.com.py\/index\/producto\/perfume-masculino-maison-alhambra-your-touch-intense-edp-100ml\/","title":{"rendered":"PERFUME MASCULINO MAISON ALHAMBRA YOUR TOUCH INTENSE EDP 100ML"},"content":{"rendered":"<p><img loading=\"lazy\" decoding=\"async\" class=\"\" src=\"https:\/\/acdn-us.mitiendanube.com\/stores\/004\/407\/494\/products\/logo-maison-alhambra-db7561de631013985217517459712261-1024-1024.webp\" alt=\"Maison Alhambra Leonie: Perfume Floral Femenino Sofisticado\" width=\"119\" height=\"130\" \/><\/p>\n<h1>YOUR TOUCH INTENSE<\/h1>\n<p><span dir=\"auto\"> Descubre Your Touch Intense una fragancia masculina, atrevida y sofisticada, con una din\u00e1mica mezcla de notas amaderadas, especiadas y ambaradas. Ideal para hombres seguros de s\u00ed mismos, ofrece un aroma intenso y duradero, ideal para cualquier ocasi\u00f3n<\/span>. Realza tu estilo con esta fragancia duradera y sofisticada para cualquier ocasi\u00f3n.<\/p>\n<p>Your Touch Intense: una marca que queda\u2026 y no se olvida!!<img loading=\"lazy\" decoding=\"async\" class=\"alignleft\" src=\"https:\/\/acdn-us.mitiendanube.com\/stores\/005\/137\/375\/products\/3-82-eecbec76560cb1229417490608926540-1024-1024.webp\" width=\"593\" height=\"593\" \/><\/p>\n<p>&nbsp;<\/p>\n<h3>Notas Olfativas<\/h3>\n<p>Your Touch Intense de Maison Alhambra es una fragancia de la familia olfativa Oriental Fougere para hombres. Tu toque es puro fuego. Una caricia ardiente de pimienta rosa y enebro abre el juego, vibrante y provocativa. La violeta y la lavanda seducen con elegancia, mientras la canela despierta el deseo con su calidez especiada. El caramelo y la vainilla se derriten sobre la piel, dulces y adictivos, dejando un rastro irresistible. El \u00e1mbar y el haba tonka envuelven todo en un abrazo intenso, profundo, inolvidable. Maderas ahumadas firman el final, como la huella imborrable de una noche que pide repetirse.<\/p>\n<p><strong>Notas de salida:<\/strong> Pimienta Rosa, Enebro, Violeta.<\/p>\n<p><strong>Notas de coraz\u00f3n:<\/strong> Canela, Lavanda, Caramelo.<\/p>\n<p><strong>Notas de fondo:<\/strong> Haba Tonka, Vainilla, \u00c1mbar, Maderas.<\/p>\n","protected":false},"excerpt":{"rendered":"<p>YOUR TOUCH INTENSE Descubre Your Touch Intense una fragancia masculina, atrevida y sofisticada, con una din\u00e1mica mezcla de notas amaderadas,<\/p>\n","protected":false},"featured_media":91362,"comment_status":"open","ping_status":"closed","template":"","meta":{"nf_dc_page":""},"product_brand":[107],"product_cat":[84],"product_tag":[796],"class_list":{"0":"post-91361","1":"product","2":"type-product","3":"status-publish","4":"has-post-thumbnail","6":"product_brand-maison-alhambra","7":"product_cat-perfumeria","8":"product_tag-796","10":"first","11":"outofstock","12":"shipping-taxable","13":"purchasable","14":"product-type-simple"},"_links":{"self":[{"href":"https:\/\/brandss.com.py\/index\/wp-json\/wp\/v2\/product\/91361","targetHints":{"allow":["GET"]}}],"collection":[{"href":"https:\/\/brandss.com.py\/index\/wp-json\/wp\/v2\/product"}],"about":[{"href":"https:\/\/brandss.com.py\/index\/wp-json\/wp\/v2\/types\/product"}],"replies":[{"embeddable":true,"href":"https:\/\/brandss.com.py\/index\/wp-json\/wp\/v2\/comments?post=91361"}],"version-history":[{"count":1,"href":"https:\/\/brandss.com.py\/index\/wp-json\/wp\/v2\/product\/91361\/revisions"}],"predecessor-version":[{"id":91369,"href":"https:\/\/brandss.com.py\/index\/wp-json\/wp\/v2\/product\/91361\/revisions\/91369"}],"wp:featuredmedia":[{"embeddable":true,"href":"https:\/\/brandss.com.py\/index\/wp-json\/wp\/v2\/media\/91362"}],"wp:attachment":[{"href":"https:\/\/brandss.com.py\/index\/wp-json\/wp\/v2\/media?parent=91361"}],"wp:term":[{"taxonomy":"product_brand","embeddable":true,"href":"https:\/\/brandss.com.py\/index\/wp-json\/wp\/v2\/product_brand?post=91361"},{"taxonomy":"product_cat","embeddable":true,"href":"https:\/\/brandss.com.py\/index\/wp-json\/wp\/v2\/product_cat?post=91361"},{"taxonomy":"product_tag","embeddable":true,"href":"https:\/\/brandss.com.py\/index\/wp-json\/wp\/v2\/product_tag?post=91361"}],"curies":[{"name":"wp","href":"https:\/\/api.w.org\/{rel}","templated":true}]}}