{"id":91370,"date":"2025-10-01T13:25:27","date_gmt":"2025-10-01T13:25:27","guid":{"rendered":"https:\/\/brandss.com.py\/index\/?post_type=product&#038;p=91370"},"modified":"2026-02-13T10:58:42","modified_gmt":"2026-02-13T10:58:42","slug":"perfume-femenino-vurv-legacy-pour-femme-edp-100ml","status":"publish","type":"product","link":"https:\/\/brandss.com.py\/index\/producto\/perfume-femenino-vurv-legacy-pour-femme-edp-100ml\/","title":{"rendered":"PERFUME FEMENINO VURV LEGACY POUR FEMME EDP 100ML"},"content":{"rendered":"<p><img loading=\"lazy\" decoding=\"async\" class=\"\" src=\"https:\/\/www.parfumonline.ch\/media\/brand\/brand\/vurv.png\" alt=\"Vurv\" width=\"177\" height=\"95\" \/><\/p>\n<h1>LEGACY POUR FEMME<\/h1>\n<p>Una fragancia de libertad, para mujeres seguras de s\u00ed mismas, con personalidad propia, seguras y audaces. Consi\u00e9ntete con esta fragancia floral que combina lavanda francesa con flor de azahar, especialmente extra\u00edda de Marruecos, con audaces notas almizcladas que te aportan luminosidad y elegancia.<\/p>\n<p>&nbsp;<\/p>\n<h3>Notas Olfativas<\/h3>\n<p>Vurv Legacy es una fragancia sofisticada y vers\u00e1til que se abre con la frescura c\u00edtrica y chispeante de la mandarina, suavemente equilibrada por la elegancia arom\u00e1tica de la lavanda y el matiz frutal de la grosella negra, realzados con el toque verde del petitgrain. En su coraz\u00f3n, un delicado acorde floral de jazm\u00edn y flor de azahar aporta luminosidad, elegancia y un aire refinado, mientras que en el fondo se despliega una estela c\u00e1lida y seductora, donde la vainilla cremosa se mezcla con la intensidad del cedro, el misterio del \u00e1mbar gris y la suavidad del almizcle, creando una huella duradera, envolvente y cautivadora.<\/p>\n<p><strong>Notas de salida:<\/strong> mandarina, lavanda, grosella negra, petitgrain.<\/p>\n<p><strong>Notas de coraz\u00f3n:<\/strong> jazm\u00edn, flor de azahar.<\/p>\n<p><strong>Notas de fondo:<\/strong> vainilla, madera de cedro, \u00e1mbar gris, almizcle.<\/p>\n","protected":false},"excerpt":{"rendered":"<p>LEGACY POUR FEMME Una fragancia de libertad, para mujeres seguras de s\u00ed mismas, con personalidad propia, seguras y audaces. Consi\u00e9ntete<\/p>\n","protected":false},"featured_media":91371,"comment_status":"open","ping_status":"closed","template":"","meta":{"nf_dc_page":""},"product_brand":[785],"product_cat":[84],"product_tag":[798],"class_list":{"0":"post-91370","1":"product","2":"type-product","3":"status-publish","4":"has-post-thumbnail","6":"product_brand-vurv","7":"product_cat-perfumeria","8":"product_tag-798","10":"first","11":"outofstock","12":"shipping-taxable","13":"purchasable","14":"product-type-simple"},"_links":{"self":[{"href":"https:\/\/brandss.com.py\/index\/wp-json\/wp\/v2\/product\/91370","targetHints":{"allow":["GET"]}}],"collection":[{"href":"https:\/\/brandss.com.py\/index\/wp-json\/wp\/v2\/product"}],"about":[{"href":"https:\/\/brandss.com.py\/index\/wp-json\/wp\/v2\/types\/product"}],"replies":[{"embeddable":true,"href":"https:\/\/brandss.com.py\/index\/wp-json\/wp\/v2\/comments?post=91370"}],"version-history":[{"count":1,"href":"https:\/\/brandss.com.py\/index\/wp-json\/wp\/v2\/product\/91370\/revisions"}],"predecessor-version":[{"id":91374,"href":"https:\/\/brandss.com.py\/index\/wp-json\/wp\/v2\/product\/91370\/revisions\/91374"}],"wp:featuredmedia":[{"embeddable":true,"href":"https:\/\/brandss.com.py\/index\/wp-json\/wp\/v2\/media\/91371"}],"wp:attachment":[{"href":"https:\/\/brandss.com.py\/index\/wp-json\/wp\/v2\/media?parent=91370"}],"wp:term":[{"taxonomy":"product_brand","embeddable":true,"href":"https:\/\/brandss.com.py\/index\/wp-json\/wp\/v2\/product_brand?post=91370"},{"taxonomy":"product_cat","embeddable":true,"href":"https:\/\/brandss.com.py\/index\/wp-json\/wp\/v2\/product_cat?post=91370"},{"taxonomy":"product_tag","embeddable":true,"href":"https:\/\/brandss.com.py\/index\/wp-json\/wp\/v2\/product_tag?post=91370"}],"curies":[{"name":"wp","href":"https:\/\/api.w.org\/{rel}","templated":true}]}}