{"id":91388,"date":"2025-10-01T18:33:53","date_gmt":"2025-10-01T18:33:53","guid":{"rendered":"https:\/\/brandss.com.py\/index\/?post_type=product&#038;p=91388"},"modified":"2026-03-17T12:43:57","modified_gmt":"2026-03-17T12:43:57","slug":"perfume-femenino-vurv-la-belleza-edp-85ml","status":"publish","type":"product","link":"https:\/\/brandss.com.py\/index\/producto\/perfume-femenino-vurv-la-belleza-edp-85ml\/","title":{"rendered":"PERFUME FEMENINO VURV LA BELLEZA EDP 85ML"},"content":{"rendered":"<p><img loading=\"lazy\" decoding=\"async\" class=\"\" src=\"https:\/\/www.parfumonline.ch\/media\/brand\/brand\/vurv.png\" alt=\"Vurv\" width=\"183\" height=\"98\" \/><\/p>\n<h1>LA BELLEZA<\/h1>\n<div class=\"price\">\n<p><span dir=\"auto\">\u00a0\u00a0\u00a0<\/span><\/p>\n<\/div>\n<p class=\"p-2\"><span dir=\"auto\">Una fragancia floral, afrutada y gourmand para mujer. <\/span><span dir=\"auto\">La Bellezza invita a explorar un mundo de vitalidad y energ\u00eda. <\/span><span dir=\"auto\">Combina notas frescas y vibrantes con toques c\u00e1lidos, creando una experiencia arom\u00e1tica equilibrada y alegre. Esta fragancia es ideal para mujeres que buscan a\u00f1adir un toque de vitalidad y renovaci\u00f3n a su d\u00eda a d\u00eda. <\/span><span dir=\"auto\">Disfruta de la sensaci\u00f3n de frescura de La Bellezza en todo momento.<\/span><\/p>\n<ul>\n<li><strong><span dir=\"auto\">Perfil de fragancia:\u00a0<\/span><\/strong><span class=\"relative -mx-px my-[-0.2rem] rounded px-px py-[0.2rem] transition-colors duration-100 ease-in-out\"><span dir=\"auto\">Una composici\u00f3n armoniosa que evoluciona con gracia, dejando una impresi\u00f3n de lujo discreto.<\/span><\/span><\/li>\n<li><strong><span dir=\"auto\">Longevidad:\u00a0<\/span><\/strong><span class=\"relative -mx-px my-[-0.2rem] rounded px-px py-[0.2rem] transition-colors duration-100 ease-in-out\"><span dir=\"auto\">Dise\u00f1ado para proporcionar un aroma duradero que evoluciona a lo largo del d\u00eda.<\/span><\/span><\/li>\n<li><strong><span dir=\"auto\">Versatilidad:\u00a0<\/span><\/strong><span class=\"relative -mx-px my-[-0.2rem] rounded px-px py-[0.2rem] transition-colors duration-100 ease-in-out\"><span dir=\"auto\">Perfecto tanto para ocasiones casuales como formales.<\/span><\/span><\/li>\n<li><strong><span dir=\"auto\">Presentaci\u00f3n:\u00a0<\/span><\/strong><span class=\"relative -mx-px my-[-0.2rem] rounded px-px py-[0.2rem] transition-colors duration-100 ease-in-out\"><span dir=\"auto\">Presentado en una exquisita botella de 100ml, que refleja la elegancia de la fragancia\u00a0<\/span><\/span><span dir=\"auto\">.<\/span><\/li>\n<\/ul>\n<h3 class=\"p-2\">\nNotas Olfativas<\/h3>\n<p>&nbsp;<\/p>\n<p class=\"p-2\">Descubre La Belleza, una fragancia que despierta tus sentidos con su vibrante mezcla de c\u00edtricos frescos y frutas jugosas. Su coraz\u00f3n floral aporta una delicada elegancia femenina, mientras que las notas de \u00e1mbar c\u00e1lido, vainilla cremosa y almizcle suave dejan un rastro duradero y seductor. Perfecta para quien busca un aroma que combine frescura y sofisticaci\u00f3n en cada momento.<\/p>\n<p class=\"p-2\">\n<span dir=\"auto\"><strong>Notas de salida:<\/strong> grosella negra, pera.<\/span><\/p>\n<p><span dir=\"auto\"><strong>Notas de coraz\u00f3n:<\/strong> iris, jazm\u00edn, flor de azahar.<\/span><\/p>\n<p><span dir=\"auto\"><strong>Notas de fondo:<\/strong> pralin\u00e9, vainilla, pachul\u00ed, haba tonka.<\/span><\/p>\n","protected":false},"excerpt":{"rendered":"<p>LA BELLEZA \u00a0\u00a0\u00a0 Una fragancia floral, afrutada y gourmand para mujer. La Bellezza invita a explorar un mundo de vitalidad<\/p>\n","protected":false},"featured_media":91389,"comment_status":"open","ping_status":"closed","template":"","meta":{"nf_dc_page":""},"product_brand":[785],"product_cat":[84],"product_tag":[804],"class_list":{"0":"post-91388","1":"product","2":"type-product","3":"status-publish","4":"has-post-thumbnail","6":"product_brand-vurv","7":"product_cat-perfumeria","8":"product_tag-804","10":"first","11":"instock","12":"shipping-taxable","13":"purchasable","14":"product-type-simple"},"_links":{"self":[{"href":"https:\/\/brandss.com.py\/index\/wp-json\/wp\/v2\/product\/91388","targetHints":{"allow":["GET"]}}],"collection":[{"href":"https:\/\/brandss.com.py\/index\/wp-json\/wp\/v2\/product"}],"about":[{"href":"https:\/\/brandss.com.py\/index\/wp-json\/wp\/v2\/types\/product"}],"replies":[{"embeddable":true,"href":"https:\/\/brandss.com.py\/index\/wp-json\/wp\/v2\/comments?post=91388"}],"version-history":[{"count":1,"href":"https:\/\/brandss.com.py\/index\/wp-json\/wp\/v2\/product\/91388\/revisions"}],"predecessor-version":[{"id":91392,"href":"https:\/\/brandss.com.py\/index\/wp-json\/wp\/v2\/product\/91388\/revisions\/91392"}],"wp:featuredmedia":[{"embeddable":true,"href":"https:\/\/brandss.com.py\/index\/wp-json\/wp\/v2\/media\/91389"}],"wp:attachment":[{"href":"https:\/\/brandss.com.py\/index\/wp-json\/wp\/v2\/media?parent=91388"}],"wp:term":[{"taxonomy":"product_brand","embeddable":true,"href":"https:\/\/brandss.com.py\/index\/wp-json\/wp\/v2\/product_brand?post=91388"},{"taxonomy":"product_cat","embeddable":true,"href":"https:\/\/brandss.com.py\/index\/wp-json\/wp\/v2\/product_cat?post=91388"},{"taxonomy":"product_tag","embeddable":true,"href":"https:\/\/brandss.com.py\/index\/wp-json\/wp\/v2\/product_tag?post=91388"}],"curies":[{"name":"wp","href":"https:\/\/api.w.org\/{rel}","templated":true}]}}