{"id":91393,"date":"2025-10-01T18:55:53","date_gmt":"2025-10-01T18:55:53","guid":{"rendered":"https:\/\/brandss.com.py\/index\/?post_type=product&#038;p=91393"},"modified":"2026-03-17T12:45:04","modified_gmt":"2026-03-17T12:45:04","slug":"perfume-femenino-vurv-la-belleza-intense-edp-85ml","status":"publish","type":"product","link":"https:\/\/brandss.com.py\/index\/producto\/perfume-femenino-vurv-la-belleza-intense-edp-85ml\/","title":{"rendered":"PERFUME FEMENINO VURV LA BELLEZA INTENSE EDP 85ML"},"content":{"rendered":"<p><img loading=\"lazy\" decoding=\"async\" class=\"\" src=\"https:\/\/www.parfumonline.ch\/media\/brand\/brand\/vurv.png\" alt=\"Vurv\" width=\"171\" height=\"92\" \/><\/p>\n<h1>LA BELLEZA INTENSE<\/h1>\n<p><span dir=\"auto\">Es una encantadora oda a la belleza atemporal, que captura la esencia de un oasis floral en el desierto bajo un cielo estrellado. Esta fragancia de Compatibilidad garantiza intensidad y presencia, combinando vibrantes florales con c\u00e1lidas maderas resinosas. La Bellezza evoca la sensaci\u00f3n de una noche de lujo en Dub\u00e1i, donde la elegancia se funde con el misterio.<\/span><\/p>\n<h3>Notas Olfativas<\/h3>\n<p>La Bellezza Intense es una fragancia opulenta y magn\u00e9tica que se abre con la intensidad especiada del azafr\u00e1n, la frescura c\u00edtrica de la bergamota y el toque vibrante de la pimienta rosa, creando una entrada sofisticada y cautivadora. En el coraz\u00f3n, el absoluto de jazm\u00edn se entrelaza con la rosa de Damasco y la ra\u00edz de lirio, aportando un bouquet floral rico y elegante que exalta feminidad y car\u00e1cter. Finalmente, el fondo revela la profundidad del oud y el \u00e1mbar gris, suavizados por la calidez de la vainilla y el s\u00e1ndalo, dejando una estela duradera, envolvente y llena de distinci\u00f3n.<\/p>\n<p><span dir=\"auto\"><strong>Notas de salida:<\/strong> azafr\u00e1n, bergamota, pimienta rosa.<\/span><br \/>\n<span dir=\"auto\"><strong>Notas de coraz\u00f3n:<\/strong> absoluto de jazm\u00edn, rosa de Damasco, ra\u00edz de lirio florentino.<\/span><br \/>\n<span dir=\"auto\"><strong>Notas de fondo:<\/strong> oud, \u00e1mbar gris, vainilla, s\u00e1ndalo.<\/span><\/p>\n","protected":false},"excerpt":{"rendered":"<p>LA BELLEZA INTENSE Es una encantadora oda a la belleza atemporal, que captura la esencia de un oasis floral en<\/p>\n","protected":false},"featured_media":91394,"comment_status":"open","ping_status":"closed","template":"","meta":{"nf_dc_page":""},"product_brand":[785],"product_cat":[84],"product_tag":[805],"class_list":{"0":"post-91393","1":"product","2":"type-product","3":"status-publish","4":"has-post-thumbnail","6":"product_brand-vurv","7":"product_cat-perfumeria","8":"product_tag-805","10":"first","11":"instock","12":"shipping-taxable","13":"purchasable","14":"product-type-simple"},"_links":{"self":[{"href":"https:\/\/brandss.com.py\/index\/wp-json\/wp\/v2\/product\/91393","targetHints":{"allow":["GET"]}}],"collection":[{"href":"https:\/\/brandss.com.py\/index\/wp-json\/wp\/v2\/product"}],"about":[{"href":"https:\/\/brandss.com.py\/index\/wp-json\/wp\/v2\/types\/product"}],"replies":[{"embeddable":true,"href":"https:\/\/brandss.com.py\/index\/wp-json\/wp\/v2\/comments?post=91393"}],"version-history":[{"count":1,"href":"https:\/\/brandss.com.py\/index\/wp-json\/wp\/v2\/product\/91393\/revisions"}],"predecessor-version":[{"id":91397,"href":"https:\/\/brandss.com.py\/index\/wp-json\/wp\/v2\/product\/91393\/revisions\/91397"}],"wp:featuredmedia":[{"embeddable":true,"href":"https:\/\/brandss.com.py\/index\/wp-json\/wp\/v2\/media\/91394"}],"wp:attachment":[{"href":"https:\/\/brandss.com.py\/index\/wp-json\/wp\/v2\/media?parent=91393"}],"wp:term":[{"taxonomy":"product_brand","embeddable":true,"href":"https:\/\/brandss.com.py\/index\/wp-json\/wp\/v2\/product_brand?post=91393"},{"taxonomy":"product_cat","embeddable":true,"href":"https:\/\/brandss.com.py\/index\/wp-json\/wp\/v2\/product_cat?post=91393"},{"taxonomy":"product_tag","embeddable":true,"href":"https:\/\/brandss.com.py\/index\/wp-json\/wp\/v2\/product_tag?post=91393"}],"curies":[{"name":"wp","href":"https:\/\/api.w.org\/{rel}","templated":true}]}}