{"id":91398,"date":"2025-10-01T19:18:21","date_gmt":"2025-10-01T19:18:21","guid":{"rendered":"https:\/\/brandss.com.py\/index\/?post_type=product&#038;p=91398"},"modified":"2026-03-17T12:45:44","modified_gmt":"2026-03-17T12:45:44","slug":"perfume-masculino-vurv-avenge-pour-homme-edp-100ml","status":"publish","type":"product","link":"https:\/\/brandss.com.py\/index\/producto\/perfume-masculino-vurv-avenge-pour-homme-edp-100ml\/","title":{"rendered":"PERFUME MASCULINO VURV AVENGE POUR HOMME EDP 100ML"},"content":{"rendered":"<p><img loading=\"lazy\" decoding=\"async\" class=\"\" src=\"https:\/\/www.parfumonline.ch\/media\/brand\/brand\/vurv.png\" alt=\"Vurv\" width=\"99\" height=\"53\" \/><\/p>\n<h1>AVENGE POUR HOMME<\/h1>\n<p>Es una fragancia masculina que irradia fuerza, elegancia y modernidad. Con una composici\u00f3n inspirada en el esp\u00edritu aventurero y decidido del hombre contempor\u00e1neo, esta esencia ofrece un equilibrio perfecto entre frescura, especias vibrantes y una base amaderada que transmite car\u00e1cter y sofisticaci\u00f3n.<\/p>\n<p>Ideal para el d\u00eda a d\u00eda, pero con la presencia suficiente para destacar en ocasiones especiales, su aroma deja una estela limpia, segura y varonil.<\/p>\n<h3>Notas Olfativas<\/h3>\n<p><span dir=\"auto\">Su composici\u00f3n olfativa combina una frescura impactante, elegancia amaderada e intensidad oriental, creando un aroma sofisticado con una presencia inconfundible. <\/span><span dir=\"auto\">La salida es vibrante y refrescante, con notas c\u00edtricas y arom\u00e1ticas que despiertan los sentidos y transmiten una sensaci\u00f3n de energ\u00eda y vitalidad. En el coraz\u00f3n, las especias y los matices herbales cobran protagonismo, reforzando el car\u00e1cter elegante y seductor de la fragancia. El fondo se compone de maderas nobles, \u00e1mbar y acordes orientales que aportan profundidad, calidez y sensualidad, dejando una estela duradera y memorable.<\/span><\/p>\n<ul>\n<li><strong><span dir=\"auto\">Notas de salida:\u00a0<\/span><\/strong><span class=\"relative -mx-px my-[-0.2rem] rounded px-px py-[0.2rem] transition-colors duration-100 ease-in-out\"><span dir=\"auto\">pomelo, bergamota, tomillo rojo, manzana, pimienta rosa, aceite de naranja.<\/span><\/span><\/li>\n<li><strong><span dir=\"auto\">Notas de coraz\u00f3n:\u00a0<\/span><\/strong><span class=\"relative -mx-px my-[-0.2rem] rounded px-px py-[0.2rem] transition-colors duration-100 ease-in-out\"><span dir=\"auto\">lirio de los valles, rosa, jazm\u00edn, grosella negra, artemisia.<\/span><\/span><\/li>\n<li><strong><span dir=\"auto\">Notas de fondo:\u00a0<\/span><\/strong><span class=\"relative -mx-px my-[-0.2rem] rounded px-px py-[0.2rem] transition-colors duration-100 ease-in-out\"><span dir=\"auto\">vetiver, cuero, vainilla, l\u00e1dano,\u00a0<\/span><\/span><span dir=\"auto\">cedro.<\/span><\/li>\n<\/ul>\n","protected":false},"excerpt":{"rendered":"<p>AVENGE POUR HOMME Es una fragancia masculina que irradia fuerza, elegancia y modernidad. Con una composici\u00f3n inspirada en el esp\u00edritu<\/p>\n","protected":false},"featured_media":91399,"comment_status":"open","ping_status":"closed","template":"","meta":{"nf_dc_page":""},"product_brand":[785],"product_cat":[84],"product_tag":[806],"class_list":{"0":"post-91398","1":"product","2":"type-product","3":"status-publish","4":"has-post-thumbnail","6":"product_brand-vurv","7":"product_cat-perfumeria","8":"product_tag-806","10":"first","11":"instock","12":"shipping-taxable","13":"purchasable","14":"product-type-simple"},"_links":{"self":[{"href":"https:\/\/brandss.com.py\/index\/wp-json\/wp\/v2\/product\/91398","targetHints":{"allow":["GET"]}}],"collection":[{"href":"https:\/\/brandss.com.py\/index\/wp-json\/wp\/v2\/product"}],"about":[{"href":"https:\/\/brandss.com.py\/index\/wp-json\/wp\/v2\/types\/product"}],"replies":[{"embeddable":true,"href":"https:\/\/brandss.com.py\/index\/wp-json\/wp\/v2\/comments?post=91398"}],"version-history":[{"count":1,"href":"https:\/\/brandss.com.py\/index\/wp-json\/wp\/v2\/product\/91398\/revisions"}],"predecessor-version":[{"id":91402,"href":"https:\/\/brandss.com.py\/index\/wp-json\/wp\/v2\/product\/91398\/revisions\/91402"}],"wp:featuredmedia":[{"embeddable":true,"href":"https:\/\/brandss.com.py\/index\/wp-json\/wp\/v2\/media\/91399"}],"wp:attachment":[{"href":"https:\/\/brandss.com.py\/index\/wp-json\/wp\/v2\/media?parent=91398"}],"wp:term":[{"taxonomy":"product_brand","embeddable":true,"href":"https:\/\/brandss.com.py\/index\/wp-json\/wp\/v2\/product_brand?post=91398"},{"taxonomy":"product_cat","embeddable":true,"href":"https:\/\/brandss.com.py\/index\/wp-json\/wp\/v2\/product_cat?post=91398"},{"taxonomy":"product_tag","embeddable":true,"href":"https:\/\/brandss.com.py\/index\/wp-json\/wp\/v2\/product_tag?post=91398"}],"curies":[{"name":"wp","href":"https:\/\/api.w.org\/{rel}","templated":true}]}}