{"id":91407,"date":"2025-10-02T14:32:47","date_gmt":"2025-10-02T14:32:47","guid":{"rendered":"https:\/\/brandss.com.py\/index\/?post_type=product&#038;p=91407"},"modified":"2026-03-17T12:47:27","modified_gmt":"2026-03-17T12:47:27","slug":"perfume-masculino-vurv-grace-di-profumo-edp-100ml","status":"publish","type":"product","link":"https:\/\/brandss.com.py\/index\/producto\/perfume-masculino-vurv-grace-di-profumo-edp-100ml\/","title":{"rendered":"PERFUME MASCULINO VURV GRACE DI PROFUMO EDP 100ML"},"content":{"rendered":"<p><img loading=\"lazy\" decoding=\"async\" class=\"\" src=\"https:\/\/www.parfumonline.ch\/media\/brand\/brand\/vurv.png\" alt=\"Vurv\" width=\"157\" height=\"84\" \/><\/p>\n<h1>GRACE DI PROFUMO<\/h1>\n<p><span dir=\"auto\">Es una fragancia masculina que irradia elegancia, modernidad y sofisticaci\u00f3n. Creado para hombres seguros que valoran el estilo y la presencia, este perfume combina armoniosamente frescura, intensidad y profundidad, brindando una experiencia olfativa impactante e inolvidable. Es perfecto para quienes buscan destacar en cualquier entorno, ya sea en el trabajo, en reuniones sociales o en veladas especiales. <\/span><span dir=\"auto\">Grace Di Profumo Men es una fragancia vers\u00e1til, adaptable a diferentes momentos del d\u00eda. Su aroma transmite seguridad, refinamiento y modernidad, reflejando la personalidad de los hombres que aprecian los perfumes intensos y cautivadores sin sacrificar la sofisticaci\u00f3n. La evoluci\u00f3n olfativa est\u00e1 cuidadosamente equilibrada, comenzando con una frescura vigorizante, evolucionando hacia un elegante coraz\u00f3n arom\u00e1tico y terminando con una esencia duradera y reconfortante.<\/span><\/p>\n<p><span dir=\"auto\">Recomendada para hombres urbanos y contempor\u00e1neos, esta fragancia es perfecta para el d\u00eda a d\u00eda, reuniones de trabajo, eventos sociales, cenas o encuentros rom\u00e1nticos. Es una opci\u00f3n que transmite presencia, confianza y encanto natural, ideal para quienes buscan causar una impresi\u00f3n memorable sin exagerar.<\/span><\/p>\n<h3>Notas Olfativas<\/h3>\n<p>Este perfume sofisticado se abre con frescas notas marinas combinadas con el vibrante aroma de la bergamota, creando una salida elegante y refrescante que evoca la brisa del mar y la energ\u00eda c\u00edtrica, ideal para quienes buscan una fragancia exclusiva y con car\u00e1cter distintivo.<\/p>\n<p><strong>Notas de salida:<\/strong> Acordes c\u00edtricos, notas marinas, bergamota, brisa marina.<\/p>\n<p><strong>Notas de coraz\u00f3n:<\/strong> Especias arom\u00e1ticas, hierbas, romero, lavanda.<\/p>\n<p><strong>Notas de fondo:<\/strong> Maderas, almizcle.<\/p>\n<p>&nbsp;<\/p>\n","protected":false},"excerpt":{"rendered":"<p>GRACE DI PROFUMO Es una fragancia masculina que irradia elegancia, modernidad y sofisticaci\u00f3n. Creado para hombres seguros que valoran el<\/p>\n","protected":false},"featured_media":91408,"comment_status":"open","ping_status":"closed","template":"","meta":{"nf_dc_page":""},"product_brand":[785],"product_cat":[84],"product_tag":[808],"class_list":{"0":"post-91407","1":"product","2":"type-product","3":"status-publish","4":"has-post-thumbnail","6":"product_brand-vurv","7":"product_cat-perfumeria","8":"product_tag-808","10":"first","11":"instock","12":"shipping-taxable","13":"purchasable","14":"product-type-simple"},"_links":{"self":[{"href":"https:\/\/brandss.com.py\/index\/wp-json\/wp\/v2\/product\/91407","targetHints":{"allow":["GET"]}}],"collection":[{"href":"https:\/\/brandss.com.py\/index\/wp-json\/wp\/v2\/product"}],"about":[{"href":"https:\/\/brandss.com.py\/index\/wp-json\/wp\/v2\/types\/product"}],"replies":[{"embeddable":true,"href":"https:\/\/brandss.com.py\/index\/wp-json\/wp\/v2\/comments?post=91407"}],"version-history":[{"count":1,"href":"https:\/\/brandss.com.py\/index\/wp-json\/wp\/v2\/product\/91407\/revisions"}],"predecessor-version":[{"id":91410,"href":"https:\/\/brandss.com.py\/index\/wp-json\/wp\/v2\/product\/91407\/revisions\/91410"}],"wp:featuredmedia":[{"embeddable":true,"href":"https:\/\/brandss.com.py\/index\/wp-json\/wp\/v2\/media\/91408"}],"wp:attachment":[{"href":"https:\/\/brandss.com.py\/index\/wp-json\/wp\/v2\/media?parent=91407"}],"wp:term":[{"taxonomy":"product_brand","embeddable":true,"href":"https:\/\/brandss.com.py\/index\/wp-json\/wp\/v2\/product_brand?post=91407"},{"taxonomy":"product_cat","embeddable":true,"href":"https:\/\/brandss.com.py\/index\/wp-json\/wp\/v2\/product_cat?post=91407"},{"taxonomy":"product_tag","embeddable":true,"href":"https:\/\/brandss.com.py\/index\/wp-json\/wp\/v2\/product_tag?post=91407"}],"curies":[{"name":"wp","href":"https:\/\/api.w.org\/{rel}","templated":true}]}}