{"id":91438,"date":"2025-10-03T11:28:53","date_gmt":"2025-10-03T11:28:53","guid":{"rendered":"https:\/\/brandss.com.py\/index\/?post_type=product&#038;p=91438"},"modified":"2026-03-17T13:09:44","modified_gmt":"2026-03-17T13:09:44","slug":"perfume-femenino-vurv-opal-noir-edp-100ml","status":"publish","type":"product","link":"https:\/\/brandss.com.py\/index\/producto\/perfume-femenino-vurv-opal-noir-edp-100ml\/","title":{"rendered":"PERFUME FEMENINO VURV OPAL NOIR EDP 100ML"},"content":{"rendered":"<p><img loading=\"lazy\" decoding=\"async\" class=\"\" src=\"https:\/\/www.parfumonline.ch\/media\/brand\/brand\/vurv.png\" alt=\"Vurv\" width=\"125\" height=\"67\" \/><\/p>\n<h1>OPAL NOIR<\/h1>\n<p>Es una cautivadora fragancia femenina que cautiva con su composici\u00f3n oriental.<\/p>\n<h3>Notas Olfativas<\/h3>\n<p>Opal Noir es una fragancia intensa y envolvente que se abre con la frescura afrutada de la pera, la delicadeza de la flor de naranjo y el toque especiado de la pimienta rosa, creando una entrada cautivadora y vibrante. Su coraz\u00f3n combina la elegancia floral del jazm\u00edn con la intensidad arom\u00e1tica del caf\u00e9, aportando profundidad y sofisticaci\u00f3n. En el fondo, la vainilla, el cedro y el pachul\u00ed se entrelazan, dejando una estela c\u00e1lida, amaderada y seductora que envuelve la piel con un car\u00e1cter refinado y moderno.<\/p>\n<ul>\n<li><strong><span dir=\"auto\">Notas de salida:\u00a0<\/span><\/strong><span class=\"relative -mx-px my-[-0.2rem] rounded px-px py-[0.2rem] transition-colors duration-100 ease-in-out\"><span dir=\"auto\">flor de naranja, pera, pimienta rosa.<\/span><\/span><\/li>\n<li><strong><span dir=\"auto\">Notas de coraz\u00f3n:\u00a0<\/span><\/strong><span class=\"relative -mx-px my-[-0.2rem] rounded px-px py-[0.2rem] transition-colors duration-100 ease-in-out\"><span dir=\"auto\">jazm\u00edn, caf\u00e9.<\/span><\/span><\/li>\n<li><strong><span dir=\"auto\">Notas de fondo:\u00a0<\/span><\/strong><span class=\"relative -mx-px my-[-0.2rem] rounded px-px py-[0.2rem] transition-colors duration-100 ease-in-out\"><span dir=\"auto\">vainilla, cedro, pachul\u00ed.<\/span><\/span><\/li>\n<\/ul>\n","protected":false},"excerpt":{"rendered":"<p>OPAL NOIR Es una cautivadora fragancia femenina que cautiva con su composici\u00f3n oriental. Notas Olfativas Opal Noir es una fragancia<\/p>\n","protected":false},"featured_media":91439,"comment_status":"open","ping_status":"closed","template":"","meta":{"nf_dc_page":""},"product_brand":[785],"product_cat":[84],"product_tag":[827],"class_list":{"0":"post-91438","1":"product","2":"type-product","3":"status-publish","4":"has-post-thumbnail","6":"product_brand-vurv","7":"product_cat-perfumeria","8":"product_tag-827","10":"first","11":"outofstock","12":"shipping-taxable","13":"purchasable","14":"product-type-simple"},"_links":{"self":[{"href":"https:\/\/brandss.com.py\/index\/wp-json\/wp\/v2\/product\/91438","targetHints":{"allow":["GET"]}}],"collection":[{"href":"https:\/\/brandss.com.py\/index\/wp-json\/wp\/v2\/product"}],"about":[{"href":"https:\/\/brandss.com.py\/index\/wp-json\/wp\/v2\/types\/product"}],"replies":[{"embeddable":true,"href":"https:\/\/brandss.com.py\/index\/wp-json\/wp\/v2\/comments?post=91438"}],"version-history":[{"count":1,"href":"https:\/\/brandss.com.py\/index\/wp-json\/wp\/v2\/product\/91438\/revisions"}],"predecessor-version":[{"id":91443,"href":"https:\/\/brandss.com.py\/index\/wp-json\/wp\/v2\/product\/91438\/revisions\/91443"}],"wp:featuredmedia":[{"embeddable":true,"href":"https:\/\/brandss.com.py\/index\/wp-json\/wp\/v2\/media\/91439"}],"wp:attachment":[{"href":"https:\/\/brandss.com.py\/index\/wp-json\/wp\/v2\/media?parent=91438"}],"wp:term":[{"taxonomy":"product_brand","embeddable":true,"href":"https:\/\/brandss.com.py\/index\/wp-json\/wp\/v2\/product_brand?post=91438"},{"taxonomy":"product_cat","embeddable":true,"href":"https:\/\/brandss.com.py\/index\/wp-json\/wp\/v2\/product_cat?post=91438"},{"taxonomy":"product_tag","embeddable":true,"href":"https:\/\/brandss.com.py\/index\/wp-json\/wp\/v2\/product_tag?post=91438"}],"curies":[{"name":"wp","href":"https:\/\/api.w.org\/{rel}","templated":true}]}}