{"id":91449,"date":"2025-10-03T12:39:41","date_gmt":"2025-10-03T12:39:41","guid":{"rendered":"https:\/\/brandss.com.py\/index\/?post_type=product&#038;p=91449"},"modified":"2026-03-17T13:11:24","modified_gmt":"2026-03-17T13:11:24","slug":"perfume-unisex-vurv-ombrage-mirage-edp-80ml","status":"publish","type":"product","link":"https:\/\/brandss.com.py\/index\/producto\/perfume-unisex-vurv-ombrage-mirage-edp-80ml\/","title":{"rendered":"PERFUME UNISEX VURV OMBRAGE MIRAGE EDP 80ML"},"content":{"rendered":"<p><img loading=\"lazy\" decoding=\"async\" class=\"\" src=\"https:\/\/www.parfumonline.ch\/media\/brand\/brand\/vurv.png\" alt=\"Vurv\" width=\"153\" height=\"82\" \/><\/p>\n<h1>OMBRAGE MIRAGE<\/h1>\n<p>Es una fragancia elegante y envolvente, creada para quienes buscan sofisticaci\u00f3n y un aire enigm\u00e1tico en su aroma. Es un perfume unisex, ideal para uso de d\u00eda o de noche, con proyecci\u00f3n moderada pero muy elegante, pensado para transmitir distinci\u00f3n y ese toque de misterio que lo hace inolvidable.<\/p>\n<h3>Notas Olfativas<\/h3>\n<ul>\n<li data-start=\"256\" data-end=\"386\">\n<p data-start=\"258\" data-end=\"386\"><strong data-start=\"258\" data-end=\"269\">Notas de salida:<\/strong> fresia, pi\u00f1a, granada, ruibarbo.<\/p>\n<\/li>\n<li data-start=\"387\" data-end=\"535\">\n<p data-start=\"389\" data-end=\"535\"><strong data-start=\"389\" data-end=\"401\">Notas de coraz\u00f3n:<\/strong> vainilla, acorde de caramelo, miel, melocot\u00f3n, rosa.<\/p>\n<\/li>\n<li data-start=\"536\" data-end=\"677\">\n<p data-start=\"538\" data-end=\"677\"><strong data-start=\"538\" data-end=\"548\">Notas de fondo:<\/strong> pachul\u00ed, \u00e1mbar, almizcle, s\u00e1ndalo.<\/p>\n<\/li>\n<\/ul>\n<p data-start=\"258\" data-end=\"386\">\n","protected":false},"excerpt":{"rendered":"<p>OMBRAGE MIRAGE Es una fragancia elegante y envolvente, creada para quienes buscan sofisticaci\u00f3n y un aire enigm\u00e1tico en su aroma.<\/p>\n","protected":false},"featured_media":91450,"comment_status":"open","ping_status":"closed","template":"","meta":{"nf_dc_page":""},"product_brand":[785],"product_cat":[84],"product_tag":[829],"class_list":{"0":"post-91449","1":"product","2":"type-product","3":"status-publish","4":"has-post-thumbnail","6":"product_brand-vurv","7":"product_cat-perfumeria","8":"product_tag-829","10":"first","11":"instock","12":"shipping-taxable","13":"purchasable","14":"product-type-simple"},"_links":{"self":[{"href":"https:\/\/brandss.com.py\/index\/wp-json\/wp\/v2\/product\/91449","targetHints":{"allow":["GET"]}}],"collection":[{"href":"https:\/\/brandss.com.py\/index\/wp-json\/wp\/v2\/product"}],"about":[{"href":"https:\/\/brandss.com.py\/index\/wp-json\/wp\/v2\/types\/product"}],"replies":[{"embeddable":true,"href":"https:\/\/brandss.com.py\/index\/wp-json\/wp\/v2\/comments?post=91449"}],"version-history":[{"count":3,"href":"https:\/\/brandss.com.py\/index\/wp-json\/wp\/v2\/product\/91449\/revisions"}],"predecessor-version":[{"id":91455,"href":"https:\/\/brandss.com.py\/index\/wp-json\/wp\/v2\/product\/91449\/revisions\/91455"}],"wp:featuredmedia":[{"embeddable":true,"href":"https:\/\/brandss.com.py\/index\/wp-json\/wp\/v2\/media\/91450"}],"wp:attachment":[{"href":"https:\/\/brandss.com.py\/index\/wp-json\/wp\/v2\/media?parent=91449"}],"wp:term":[{"taxonomy":"product_brand","embeddable":true,"href":"https:\/\/brandss.com.py\/index\/wp-json\/wp\/v2\/product_brand?post=91449"},{"taxonomy":"product_cat","embeddable":true,"href":"https:\/\/brandss.com.py\/index\/wp-json\/wp\/v2\/product_cat?post=91449"},{"taxonomy":"product_tag","embeddable":true,"href":"https:\/\/brandss.com.py\/index\/wp-json\/wp\/v2\/product_tag?post=91449"}],"curies":[{"name":"wp","href":"https:\/\/api.w.org\/{rel}","templated":true}]}}