{"id":91461,"date":"2025-10-03T14:44:39","date_gmt":"2025-10-03T14:44:39","guid":{"rendered":"https:\/\/brandss.com.py\/index\/?post_type=product&#038;p=91461"},"modified":"2026-03-17T13:13:38","modified_gmt":"2026-03-17T13:13:38","slug":"perfume-unisex-vurv-ombrage-tropical-edp-80ml","status":"publish","type":"product","link":"https:\/\/brandss.com.py\/index\/producto\/perfume-unisex-vurv-ombrage-tropical-edp-80ml\/","title":{"rendered":"PERFUME UNISEX VURV OMBRAG\u00c9 TROPICAL EDP 80ML"},"content":{"rendered":"<p><img loading=\"lazy\" decoding=\"async\" class=\"\" src=\"https:\/\/www.parfumonline.ch\/media\/brand\/brand\/vurv.png\" alt=\"Vurv\" width=\"153\" height=\"82\" \/><\/p>\n<h1>OMBRAG\u00c9 TROPICAL<\/h1>\n<p>Es una fragancia unisex que captura la vitalidad y el esp\u00edritu ex\u00f3tico de los tr\u00f3picos, fusionando la frescura y energ\u00eda juvenil que distingue a la colecci\u00f3n con un car\u00e1cter elegante y moderno.<\/p>\n<p>Su frasco, de dise\u00f1o creativo y llamativo, refleja la personalidad vibrante de la fragancia, mientras que su aroma combina notas frutales y acu\u00e1ticas con toques sutiles orientales, ofreciendo una experiencia olfativa ligera, envolvente y duradera.<\/p>\n<p>Ombrage Tropical representa la faceta m\u00e1s din\u00e1mica y accesible de VURV, ideal para quienes buscan una fragancia vers\u00e1til que transmita frescura, alegr\u00eda y presencia en cualquier ocasi\u00f3n.<\/p>\n<h3>Notas Olfativas<\/h3>\n<p data-start=\"71\" data-end=\"210\">Ombrag\u00e9 Tropical es una fragancia vibrante y ex\u00f3tica que transporta directamente a un para\u00edso caribe\u00f1o lleno de color y alegr\u00eda. Es un perfume unisex, alegre y refrescante, perfecto para climas c\u00e1lidos, vacaciones o para quienes quieren llevar consigo la energ\u00eda del verano todo el a\u00f1o. Esta fragancia se abre con una explosi\u00f3n jugosa de frutas tropicales, envueltas en un frescor c\u00edtrico luminoso, evoluciona con un coraz\u00f3n con un bouquet floral tropical con notas de hibisco, tiar\u00e9 y jazm\u00edn que aportan dulzura y sensualidad. y en el fondo tenemos una base cremosa y c\u00e1lida de coco, almizcle blanco y maderas suaves, que dejan una estela adictiva y veraniega.<\/p>\n<ul data-start=\"211\" data-end=\"583\">\n<li data-start=\"211\" data-end=\"344\">\n<p data-start=\"213\" data-end=\"344\"><strong data-start=\"213\" data-end=\"233\">Notas de salida:<\/strong> pi\u00f1a, mango y maracuy\u00e1.<\/p>\n<\/li>\n<li data-start=\"345\" data-end=\"460\">\n<p data-start=\"347\" data-end=\"460\"><strong data-start=\"347\" data-end=\"359\">Notas de coraz\u00f3n: <\/strong>hibisco, tiar\u00e9, jazm\u00edn.<\/p>\n<\/li>\n<li data-start=\"461\" data-end=\"583\">\n<p data-start=\"463\" data-end=\"583\"><strong data-start=\"463\" data-end=\"473\">Notas de fondo:<\/strong> coco, almizcle blanco, maderas suaves.<\/p>\n<\/li>\n<\/ul>\n","protected":false},"excerpt":{"rendered":"<p>OMBRAG\u00c9 TROPICAL Es una fragancia unisex que captura la vitalidad y el esp\u00edritu ex\u00f3tico de los tr\u00f3picos, fusionando la frescura<\/p>\n","protected":false},"featured_media":91462,"comment_status":"open","ping_status":"closed","template":"","meta":{"nf_dc_page":""},"product_brand":[785],"product_cat":[84],"product_tag":[831],"class_list":{"0":"post-91461","1":"product","2":"type-product","3":"status-publish","4":"has-post-thumbnail","6":"product_brand-vurv","7":"product_cat-perfumeria","8":"product_tag-831","10":"first","11":"instock","12":"shipping-taxable","13":"purchasable","14":"product-type-simple"},"_links":{"self":[{"href":"https:\/\/brandss.com.py\/index\/wp-json\/wp\/v2\/product\/91461","targetHints":{"allow":["GET"]}}],"collection":[{"href":"https:\/\/brandss.com.py\/index\/wp-json\/wp\/v2\/product"}],"about":[{"href":"https:\/\/brandss.com.py\/index\/wp-json\/wp\/v2\/types\/product"}],"replies":[{"embeddable":true,"href":"https:\/\/brandss.com.py\/index\/wp-json\/wp\/v2\/comments?post=91461"}],"version-history":[{"count":1,"href":"https:\/\/brandss.com.py\/index\/wp-json\/wp\/v2\/product\/91461\/revisions"}],"predecessor-version":[{"id":91465,"href":"https:\/\/brandss.com.py\/index\/wp-json\/wp\/v2\/product\/91461\/revisions\/91465"}],"wp:featuredmedia":[{"embeddable":true,"href":"https:\/\/brandss.com.py\/index\/wp-json\/wp\/v2\/media\/91462"}],"wp:attachment":[{"href":"https:\/\/brandss.com.py\/index\/wp-json\/wp\/v2\/media?parent=91461"}],"wp:term":[{"taxonomy":"product_brand","embeddable":true,"href":"https:\/\/brandss.com.py\/index\/wp-json\/wp\/v2\/product_brand?post=91461"},{"taxonomy":"product_cat","embeddable":true,"href":"https:\/\/brandss.com.py\/index\/wp-json\/wp\/v2\/product_cat?post=91461"},{"taxonomy":"product_tag","embeddable":true,"href":"https:\/\/brandss.com.py\/index\/wp-json\/wp\/v2\/product_tag?post=91461"}],"curies":[{"name":"wp","href":"https:\/\/api.w.org\/{rel}","templated":true}]}}