{"id":91469,"date":"2025-10-03T18:01:02","date_gmt":"2025-10-03T18:01:02","guid":{"rendered":"https:\/\/brandss.com.py\/index\/?post_type=product&#038;p=91469"},"modified":"2025-11-27T11:02:56","modified_gmt":"2025-11-27T11:02:56","slug":"perfume-femenino-vurv-fortune-man-edp-100ml","status":"publish","type":"product","link":"https:\/\/brandss.com.py\/index\/producto\/perfume-femenino-vurv-fortune-man-edp-100ml\/","title":{"rendered":"PERFUME FEMENINO VURV FORTUNE MAN EDP 100ML"},"content":{"rendered":"<p><img loading=\"lazy\" decoding=\"async\" class=\"\" src=\"https:\/\/www.parfumonline.ch\/media\/brand\/brand\/vurv.png\" alt=\"Vurv\" width=\"125\" height=\"67\" \/><\/p>\n<h1>FORTUNE MAN<\/h1>\n<p>Es una fragancia amaderada creada para el hombre exigente. Sus ricas notas amaderadas ofrecen un aroma refinado y duradero, perfecto para causar una impresi\u00f3n de seguridad durante el d\u00eda o la noche. Este elegante eau de parfum combina sofisticaci\u00f3n y masculinidad, realzando tu presencia con cada uso.<\/p>\n<h3>Notas Olfativas<\/h3>\n<p data-start=\"158\" data-end=\"277\">\u00a0Fortune man es un eau de parfum masculino con una orientaci\u00f3n claramente amaderada. Pensado para quienes quieren proyectar seguridad, car\u00e1cter moderno, masculinidad con un toque elegante.<\/p>\n<ul data-start=\"499\" data-end=\"1012\">\n<li data-start=\"499\" data-end=\"714\">\n<p data-start=\"501\" data-end=\"714\"><strong data-start=\"501\" data-end=\"520\">Notas de salida:<\/strong> notas c\u00edtricas, avellana,\u00a0ciruela verde.<\/p>\n<\/li>\n<li data-start=\"715\" data-end=\"837\">\n<p data-start=\"717\" data-end=\"837\"><strong data-start=\"717\" data-end=\"737\">Notas de coraz\u00f3n:<\/strong> cedro.<\/p>\n<\/li>\n<li data-start=\"838\" data-end=\"1012\">\n<p data-start=\"840\" data-end=\"1012\"><strong data-start=\"840\" data-end=\"858\">Notas de fondo:<\/strong> amber wood, patchouli.<\/p>\n<\/li>\n<\/ul>\n","protected":false},"excerpt":{"rendered":"<p>FORTUNE MAN Es una fragancia amaderada creada para el hombre exigente. Sus ricas notas amaderadas ofrecen un aroma refinado y<\/p>\n","protected":false},"featured_media":91470,"comment_status":"open","ping_status":"closed","template":"","meta":{"nf_dc_page":""},"product_brand":[785],"product_cat":[84],"product_tag":[838],"class_list":{"0":"post-91469","1":"product","2":"type-product","3":"status-publish","4":"has-post-thumbnail","6":"product_brand-vurv","7":"product_cat-perfumeria","8":"product_tag-838","10":"first","11":"instock","12":"shipping-taxable","13":"purchasable","14":"product-type-simple"},"_links":{"self":[{"href":"https:\/\/brandss.com.py\/index\/wp-json\/wp\/v2\/product\/91469","targetHints":{"allow":["GET"]}}],"collection":[{"href":"https:\/\/brandss.com.py\/index\/wp-json\/wp\/v2\/product"}],"about":[{"href":"https:\/\/brandss.com.py\/index\/wp-json\/wp\/v2\/types\/product"}],"replies":[{"embeddable":true,"href":"https:\/\/brandss.com.py\/index\/wp-json\/wp\/v2\/comments?post=91469"}],"version-history":[{"count":1,"href":"https:\/\/brandss.com.py\/index\/wp-json\/wp\/v2\/product\/91469\/revisions"}],"predecessor-version":[{"id":91473,"href":"https:\/\/brandss.com.py\/index\/wp-json\/wp\/v2\/product\/91469\/revisions\/91473"}],"wp:featuredmedia":[{"embeddable":true,"href":"https:\/\/brandss.com.py\/index\/wp-json\/wp\/v2\/media\/91470"}],"wp:attachment":[{"href":"https:\/\/brandss.com.py\/index\/wp-json\/wp\/v2\/media?parent=91469"}],"wp:term":[{"taxonomy":"product_brand","embeddable":true,"href":"https:\/\/brandss.com.py\/index\/wp-json\/wp\/v2\/product_brand?post=91469"},{"taxonomy":"product_cat","embeddable":true,"href":"https:\/\/brandss.com.py\/index\/wp-json\/wp\/v2\/product_cat?post=91469"},{"taxonomy":"product_tag","embeddable":true,"href":"https:\/\/brandss.com.py\/index\/wp-json\/wp\/v2\/product_tag?post=91469"}],"curies":[{"name":"wp","href":"https:\/\/api.w.org\/{rel}","templated":true}]}}