{"id":91479,"date":"2025-10-04T11:06:29","date_gmt":"2025-10-04T11:06:29","guid":{"rendered":"https:\/\/brandss.com.py\/index\/?post_type=product&#038;p=91479"},"modified":"2026-04-11T10:46:16","modified_gmt":"2026-04-11T10:46:16","slug":"perfume-masculino-azzaro-wanted-edt-100ml","status":"publish","type":"product","link":"https:\/\/brandss.com.py\/index\/producto\/perfume-masculino-azzaro-wanted-edt-100ml\/","title":{"rendered":"PERFUME MASCULINO AZZARO WANTED EDT 100ML"},"content":{"rendered":"<p><img loading=\"lazy\" decoding=\"async\" class=\"\" src=\"https:\/\/1000marcas.net\/wp-content\/uploads\/2021\/05\/Azzaro-logo.png\" alt=\"Azzaro logo - s\u00edmbolo, significado logotipo, historia, PNG\" width=\"111\" height=\"74\" \/><\/p>\n<h1>WANTED<\/h1>\n<p>Es la fragancia para el hombre de \u00e9xito para el que todo es posible. A pesar de todo, vive la vida seg\u00fan sus reglas, siguiendo su instinto. Un eau de toilette amaderado, c\u00edtrico y especiado con un trazo cautivador y elegante. La fragancia que despierta la envidia de los hombres y el deseo de las mujeres.<\/p>\n<blockquote>\n<p class=\"text-center\"><strong><em>Un homenaje a una nueva forma de masculinidad, \u00a1libre y resplandeciente!<\/em><\/strong><\/p>\n<\/blockquote>\n<h3><img loading=\"lazy\" decoding=\"async\" class=\"alignleft\" src=\"https:\/\/cosmetic.cl\/cdn\/shop\/products\/PlantillaProductoNuevo_23_700x.png?v=1661809354\" width=\"572\" height=\"572\" \/><\/h3>\n<h3>Notas Olfativas<\/h3>\n<p>&nbsp;<\/p>\n<p>Presentamos Wanted, una fragancia masculina audaz y extravagante. Wanted es una fragancia de la familia olfativa amaderada especiada para Hombres. Esta fragrancia es nueva. Wanted se lanz\u00f3 en 2016.<\/p>\n<p>La Nariz detr\u00e1s de esta fragrancia es Fabrice Pellegrin. Un aroma amaderado, c\u00edtrico y especiado, combinado con una embriagadora mezcla de lim\u00f3n, jengibre, cardamomo, cade, vetiver y haba tonka, representativa de una masculinidad elegante y cautivadora.<\/p>\n<p>Una fragancia de frescura vibrante y explosiva que se despliega en un audaz acorde especiado, revelando una personalidad radiante y llena de energ\u00eda. Sus sensuales notas amaderadas establecen una nueva masculinidad elegante y cautivadora. Una fragancia le\u00f1osa audaz y extravagante que renueva las notas especiadas.<\/p>\n<p>Un nuevo vibrante, sensual y afirmado masculinidad. Un d\u00fao de jengibre y lim\u00f3n para una energ\u00eda explosiva y vibrante. Este d\u00fao transmite una frescura potente e intensa para resaltar el temperamento vigoroso de este h\u00e9roe. Un d\u00fao moderno y fuerte. Una firma contrastada tanto picante y fresca.Una masculinidad vibrante. Amaderado con el vetiver y sensual gracias a las notas ricas de haba tonka. Un sendero muy carism\u00e1tico.<\/p>\n<p><strong>Notas de salida:<\/strong> lim\u00f3n y jengibre, lavanda, menta.<br \/>\n<strong>Notas de coraz\u00f3n:<\/strong> cardamomo guatemalteco, enebro de Virginia, manzana, geranio.<br \/>\n<strong>Notas de fondo:<\/strong> vetiver de Hait\u00ed, haba tonka, amberwood.<\/p>\n","protected":false},"excerpt":{"rendered":"<p>WANTED Es la fragancia para el hombre de \u00e9xito para el que todo es posible. A pesar de todo, vive<\/p>\n","protected":false},"featured_media":91480,"comment_status":"open","ping_status":"closed","template":"","meta":{"nf_dc_page":""},"product_brand":[123],"product_cat":[84],"product_tag":[3070],"class_list":{"0":"post-91479","1":"product","2":"type-product","3":"status-publish","4":"has-post-thumbnail","6":"product_brand-azzaro","7":"product_cat-perfumeria","8":"product_tag-3070","10":"first","11":"instock","12":"sale","13":"shipping-taxable","14":"purchasable","15":"product-type-simple"},"_links":{"self":[{"href":"https:\/\/brandss.com.py\/index\/wp-json\/wp\/v2\/product\/91479","targetHints":{"allow":["GET"]}}],"collection":[{"href":"https:\/\/brandss.com.py\/index\/wp-json\/wp\/v2\/product"}],"about":[{"href":"https:\/\/brandss.com.py\/index\/wp-json\/wp\/v2\/types\/product"}],"replies":[{"embeddable":true,"href":"https:\/\/brandss.com.py\/index\/wp-json\/wp\/v2\/comments?post=91479"}],"version-history":[{"count":1,"href":"https:\/\/brandss.com.py\/index\/wp-json\/wp\/v2\/product\/91479\/revisions"}],"predecessor-version":[{"id":91487,"href":"https:\/\/brandss.com.py\/index\/wp-json\/wp\/v2\/product\/91479\/revisions\/91487"}],"wp:featuredmedia":[{"embeddable":true,"href":"https:\/\/brandss.com.py\/index\/wp-json\/wp\/v2\/media\/91480"}],"wp:attachment":[{"href":"https:\/\/brandss.com.py\/index\/wp-json\/wp\/v2\/media?parent=91479"}],"wp:term":[{"taxonomy":"product_brand","embeddable":true,"href":"https:\/\/brandss.com.py\/index\/wp-json\/wp\/v2\/product_brand?post=91479"},{"taxonomy":"product_cat","embeddable":true,"href":"https:\/\/brandss.com.py\/index\/wp-json\/wp\/v2\/product_cat?post=91479"},{"taxonomy":"product_tag","embeddable":true,"href":"https:\/\/brandss.com.py\/index\/wp-json\/wp\/v2\/product_tag?post=91479"}],"curies":[{"name":"wp","href":"https:\/\/api.w.org\/{rel}","templated":true}]}}