{"id":91505,"date":"2025-10-04T13:45:33","date_gmt":"2025-10-04T13:45:33","guid":{"rendered":"https:\/\/brandss.com.py\/index\/?post_type=product&#038;p=91505"},"modified":"2025-10-04T13:52:26","modified_gmt":"2025-10-04T13:52:26","slug":"perfume-femenino-vurv-code-demoiselle-edp-100ml","status":"publish","type":"product","link":"https:\/\/brandss.com.py\/index\/producto\/perfume-femenino-vurv-code-demoiselle-edp-100ml\/","title":{"rendered":"PERFUME FEMENINO VURV CODE DEMOISELLE EDP 100ML"},"content":{"rendered":"<h1><img loading=\"lazy\" decoding=\"async\" class=\"\" src=\"https:\/\/www.parfumonline.ch\/media\/brand\/brand\/vurv.png\" alt=\"Vurv\" width=\"140\" height=\"75\" \/><\/h1>\n<h1>CODE DEMOISELLE<\/h1>\n<p>Es una fragancia elegante y refinada, pensada para una mujer sofisticada que irradia encanto natural. Una frangancia de lujo dise\u00f1ada para la mujer contempor\u00e1nea. Ideal para el d\u00eda a d\u00eda o para ocasiones especiales donde se busca destacar con elegancia, esta fragancia es una elecci\u00f3n encantadora para mujeres que desean una presencia inolvidable y femenina.<\/p>\n<p>&nbsp;<\/p>\n<h3>Notas Olfativas<\/h3>\n<p>Code Demoiselle es una fragancia que <span class=\"relative -mx-px my-[-0.2rem] rounded px-px py-[0.2rem] transition-colors duration-100 ease-in-out\"><span dir=\"auto\">ofrece una apertura fresca y vibrante, que pasa a un coraz\u00f3n floral y se asienta en una base c\u00e1lida y sensual<\/span><\/span><span dir=\"auto\">.<\/span><\/p>\n<p><strong>Notas de salida:<\/strong>\u00a0naranja, bergamota, mandarina, flor de azahar del naranjo.<br \/>\n<strong>Notas de coraz\u00f3n:<\/strong>\u00a0rosa turca, jazm\u00edn, mimosa, ylang-ylang.<br \/>\n<strong>Notas de fondo:<\/strong>\u00a0pachul\u00ed, vetiver, haba tonka, almizcle blanco, vainilla, opop\u00f3naco.<\/p>\n","protected":false},"excerpt":{"rendered":"<p>CODE DEMOISELLE Es una fragancia elegante y refinada, pensada para una mujer sofisticada que irradia encanto natural. Una frangancia de<\/p>\n","protected":false},"featured_media":91506,"comment_status":"open","ping_status":"closed","template":"","meta":{"nf_dc_page":""},"product_brand":[785],"product_cat":[84],"product_tag":[884],"class_list":{"0":"post-91505","1":"product","2":"type-product","3":"status-publish","4":"has-post-thumbnail","6":"product_brand-vurv","7":"product_cat-perfumeria","8":"product_tag-884","10":"first","11":"outofstock","12":"shipping-taxable","13":"purchasable","14":"product-type-simple"},"_links":{"self":[{"href":"https:\/\/brandss.com.py\/index\/wp-json\/wp\/v2\/product\/91505","targetHints":{"allow":["GET"]}}],"collection":[{"href":"https:\/\/brandss.com.py\/index\/wp-json\/wp\/v2\/product"}],"about":[{"href":"https:\/\/brandss.com.py\/index\/wp-json\/wp\/v2\/types\/product"}],"replies":[{"embeddable":true,"href":"https:\/\/brandss.com.py\/index\/wp-json\/wp\/v2\/comments?post=91505"}],"version-history":[{"count":1,"href":"https:\/\/brandss.com.py\/index\/wp-json\/wp\/v2\/product\/91505\/revisions"}],"predecessor-version":[{"id":91509,"href":"https:\/\/brandss.com.py\/index\/wp-json\/wp\/v2\/product\/91505\/revisions\/91509"}],"wp:featuredmedia":[{"embeddable":true,"href":"https:\/\/brandss.com.py\/index\/wp-json\/wp\/v2\/media\/91506"}],"wp:attachment":[{"href":"https:\/\/brandss.com.py\/index\/wp-json\/wp\/v2\/media?parent=91505"}],"wp:term":[{"taxonomy":"product_brand","embeddable":true,"href":"https:\/\/brandss.com.py\/index\/wp-json\/wp\/v2\/product_brand?post=91505"},{"taxonomy":"product_cat","embeddable":true,"href":"https:\/\/brandss.com.py\/index\/wp-json\/wp\/v2\/product_cat?post=91505"},{"taxonomy":"product_tag","embeddable":true,"href":"https:\/\/brandss.com.py\/index\/wp-json\/wp\/v2\/product_tag?post=91505"}],"curies":[{"name":"wp","href":"https:\/\/api.w.org\/{rel}","templated":true}]}}