{"id":91510,"date":"2025-10-04T17:08:27","date_gmt":"2025-10-04T17:08:27","guid":{"rendered":"https:\/\/brandss.com.py\/index\/?post_type=product&#038;p=91510"},"modified":"2026-03-17T13:33:39","modified_gmt":"2026-03-17T13:33:39","slug":"perfume-masculino-vurv-blue-storm-edp-100ml","status":"publish","type":"product","link":"https:\/\/brandss.com.py\/index\/producto\/perfume-masculino-vurv-blue-storm-edp-100ml\/","title":{"rendered":"PERFUME MASCULINO VURV BLUE STORM EDP 100ML"},"content":{"rendered":"<p><img loading=\"lazy\" decoding=\"async\" class=\"\" src=\"https:\/\/www.parfumonline.ch\/media\/brand\/brand\/vurv.png\" alt=\"Vurv\" width=\"145\" height=\"78\" \/><\/p>\n<h1>BLUE STORM<\/h1>\n<p>Es una fragancia fresca masculina.<\/p>\n<h3>Notas Olfativas<\/h3>\n<p>Comienza con una explosi\u00f3n fresca de pomelo, lim\u00f3n, naranja, menta, nuez moscada y pimiento rojo. En su coraz\u00f3n, despliega jazm\u00edn, jengibre, cedro y vetiver que aportan sofisticaci\u00f3n y calidez. Finalmente, sus notas de fondo ofrecen un cierre memorable y cautivador.<\/p>\n<p><span dir=\"auto\"><strong>Notas de salida:<\/strong> pomelo, lim\u00f3n, naranja, menta, nuez moscada, pimiento rojo.<\/span><br \/>\n<span dir=\"auto\"><strong>Notas de coraz\u00f3n:<\/strong> jazm\u00edn, jengibre, cedro, vetiver.<\/span><br \/>\n<span dir=\"auto\"><strong>Notas de fondo:<\/strong> l\u00e1dano, incienso, pachul\u00ed, s\u00e1ndalo.<\/span><\/p>\n","protected":false},"excerpt":{"rendered":"<p>BLUE STORM Es una fragancia fresca masculina. Notas Olfativas Comienza con una explosi\u00f3n fresca de pomelo, lim\u00f3n, naranja, menta, nuez<\/p>\n","protected":false},"featured_media":91511,"comment_status":"open","ping_status":"closed","template":"","meta":{"nf_dc_page":""},"product_brand":[785],"product_cat":[84],"product_tag":[885],"class_list":{"0":"post-91510","1":"product","2":"type-product","3":"status-publish","4":"has-post-thumbnail","6":"product_brand-vurv","7":"product_cat-perfumeria","8":"product_tag-885","10":"first","11":"instock","12":"shipping-taxable","13":"purchasable","14":"product-type-simple"},"_links":{"self":[{"href":"https:\/\/brandss.com.py\/index\/wp-json\/wp\/v2\/product\/91510","targetHints":{"allow":["GET"]}}],"collection":[{"href":"https:\/\/brandss.com.py\/index\/wp-json\/wp\/v2\/product"}],"about":[{"href":"https:\/\/brandss.com.py\/index\/wp-json\/wp\/v2\/types\/product"}],"replies":[{"embeddable":true,"href":"https:\/\/brandss.com.py\/index\/wp-json\/wp\/v2\/comments?post=91510"}],"version-history":[{"count":1,"href":"https:\/\/brandss.com.py\/index\/wp-json\/wp\/v2\/product\/91510\/revisions"}],"predecessor-version":[{"id":91514,"href":"https:\/\/brandss.com.py\/index\/wp-json\/wp\/v2\/product\/91510\/revisions\/91514"}],"wp:featuredmedia":[{"embeddable":true,"href":"https:\/\/brandss.com.py\/index\/wp-json\/wp\/v2\/media\/91511"}],"wp:attachment":[{"href":"https:\/\/brandss.com.py\/index\/wp-json\/wp\/v2\/media?parent=91510"}],"wp:term":[{"taxonomy":"product_brand","embeddable":true,"href":"https:\/\/brandss.com.py\/index\/wp-json\/wp\/v2\/product_brand?post=91510"},{"taxonomy":"product_cat","embeddable":true,"href":"https:\/\/brandss.com.py\/index\/wp-json\/wp\/v2\/product_cat?post=91510"},{"taxonomy":"product_tag","embeddable":true,"href":"https:\/\/brandss.com.py\/index\/wp-json\/wp\/v2\/product_tag?post=91510"}],"curies":[{"name":"wp","href":"https:\/\/api.w.org\/{rel}","templated":true}]}}