{"id":91534,"date":"2025-10-06T12:26:45","date_gmt":"2025-10-06T12:26:45","guid":{"rendered":"https:\/\/brandss.com.py\/index\/?post_type=product&#038;p=91534"},"modified":"2026-03-17T16:48:04","modified_gmt":"2026-03-17T16:48:04","slug":"spray-corporal-unisex-lattafa-raees-concentrated-250ml","status":"publish","type":"product","link":"https:\/\/brandss.com.py\/index\/producto\/spray-corporal-unisex-lattafa-raees-concentrated-250ml\/","title":{"rendered":"SPRAY CORPORAL UNISEX LATTAFA RAEES CONCENTRATED 250ML"},"content":{"rendered":"<p><img loading=\"lazy\" decoding=\"async\" class=\"\" src=\"https:\/\/myscentjourney.s3.us-east-2.amazonaws.com\/2022\/02\/14\/29KIascent_j_marca_1644871114_202.png\" alt=\"MSJ::LATTAFA\" width=\"88\" height=\"105\" \/><\/p>\n<h1>RAEES<\/h1>\n<p><span dir=\"auto\">El desodorante corporal perfumado Lattafa Raees para hombre y mujer es una fragancia irresistible para uso diario. Especialmente elaborado con una mezcla de notas arom\u00e1ticas, esta sencilla expresi\u00f3n de fragancia de lujo ofrece una experiencia refrescante durante todo el d\u00eda. Su aroma duradero te mantiene fresco en todo momento.<\/span><\/p>\n<h3>Notas Olfativas<\/h3>\n<p><strong><span dir=\"auto\">Notas de salida:<\/span><\/strong><span dir=\"auto\">\u00a0\u00a0flores de naranja, bergamota y jengibre.<\/span><br \/>\n<strong><span dir=\"auto\">Notas de coraz\u00f3n:<\/span><\/strong><span dir=\"auto\">\u00a0\u00a0pimienta, cardamomo, romero y melaza.<\/span><br \/>\n<strong><span dir=\"auto\">Notas de fondo:<\/span><\/strong><span dir=\"auto\">\u00a0\u00a0\u00e1mbar, almizcle y cedro.<\/span><\/p>\n","protected":false},"excerpt":{"rendered":"<p>RAEES El desodorante corporal perfumado Lattafa Raees para hombre y mujer es una fragancia irresistible para uso diario. Especialmente elaborado<\/p>\n","protected":false},"featured_media":91535,"comment_status":"open","ping_status":"closed","template":"","meta":{"nf_dc_page":""},"product_brand":[109],"product_cat":[94],"product_tag":[899],"class_list":{"0":"post-91534","1":"product","2":"type-product","3":"status-publish","4":"has-post-thumbnail","6":"product_brand-lattafa","7":"product_cat-higiene-personal","8":"product_tag-899","10":"first","11":"outofstock","12":"shipping-taxable","13":"purchasable","14":"product-type-simple"},"_links":{"self":[{"href":"https:\/\/brandss.com.py\/index\/wp-json\/wp\/v2\/product\/91534","targetHints":{"allow":["GET"]}}],"collection":[{"href":"https:\/\/brandss.com.py\/index\/wp-json\/wp\/v2\/product"}],"about":[{"href":"https:\/\/brandss.com.py\/index\/wp-json\/wp\/v2\/types\/product"}],"replies":[{"embeddable":true,"href":"https:\/\/brandss.com.py\/index\/wp-json\/wp\/v2\/comments?post=91534"}],"version-history":[{"count":1,"href":"https:\/\/brandss.com.py\/index\/wp-json\/wp\/v2\/product\/91534\/revisions"}],"predecessor-version":[{"id":91539,"href":"https:\/\/brandss.com.py\/index\/wp-json\/wp\/v2\/product\/91534\/revisions\/91539"}],"wp:featuredmedia":[{"embeddable":true,"href":"https:\/\/brandss.com.py\/index\/wp-json\/wp\/v2\/media\/91535"}],"wp:attachment":[{"href":"https:\/\/brandss.com.py\/index\/wp-json\/wp\/v2\/media?parent=91534"}],"wp:term":[{"taxonomy":"product_brand","embeddable":true,"href":"https:\/\/brandss.com.py\/index\/wp-json\/wp\/v2\/product_brand?post=91534"},{"taxonomy":"product_cat","embeddable":true,"href":"https:\/\/brandss.com.py\/index\/wp-json\/wp\/v2\/product_cat?post=91534"},{"taxonomy":"product_tag","embeddable":true,"href":"https:\/\/brandss.com.py\/index\/wp-json\/wp\/v2\/product_tag?post=91534"}],"curies":[{"name":"wp","href":"https:\/\/api.w.org\/{rel}","templated":true}]}}