{"id":91551,"date":"2025-10-06T17:57:43","date_gmt":"2025-10-06T17:57:43","guid":{"rendered":"https:\/\/brandss.com.py\/index\/?post_type=product&#038;p=91551"},"modified":"2026-03-17T17:50:01","modified_gmt":"2026-03-17T17:50:01","slug":"spray-corporal-masculino-lattafa-qaaed-200ml","status":"publish","type":"product","link":"https:\/\/brandss.com.py\/index\/producto\/spray-corporal-masculino-lattafa-qaaed-200ml\/","title":{"rendered":"SPRAY CORPORAL UNISEX LATTAFA QAA&#8217;ED 200ML"},"content":{"rendered":"<p><img loading=\"lazy\" decoding=\"async\" class=\"\" src=\"https:\/\/myscentjourney.s3.us-east-2.amazonaws.com\/2022\/02\/14\/29KIascent_j_marca_1644871114_202.png\" alt=\"MSJ::LATTAFA\" width=\"98\" height=\"116\" \/><\/p>\n<h1>QAA&#8217;ED<\/h1>\n<p>Sum\u00e9rgete en el mundo de Qaa&#8217;ed y experimenta la belleza de la perfumer\u00eda de alta gama. Lattafa se centra en la fragancia, el estilo y la innovaci\u00f3n.\u00a0<span dir=\"auto\">Descubra la esencia del lujo \u00e1rabe con Lattafa Qaa&#8217;ed Deo, un homenaje al rico patrimonio cultural y la elegancia del Medio Oriente. Lattafa Qaa&#8217;ed encarna la armon\u00eda perfecta entre aromas tradicionales y modernos, inspir\u00e1ndose en la calidez y la m\u00edstica del desierto. Este desodorante no solo cautiva con su exclusiva mezcla de fragancias, sino que tambi\u00e9n te garantiza una sensaci\u00f3n de frescura durante todo tu viaje.<\/span><\/p>\n<ul class=\"tickmark_blue\">\n<li><span dir=\"auto\">Fragancia de \u00e1mbar con canela y cardamomo.<\/span><\/li>\n<li><span dir=\"auto\">Dise\u00f1ado tanto para hombres como para mujeres.<\/span><\/li>\n<li><span dir=\"auto\">Desodorante perfumado de duraci\u00f3n extra larga<\/span><\/li>\n<\/ul>\n<h3>Notas Olfativas<\/h3>\n<p><strong>Notas de salida:<\/strong> Canela, Cardamomo, Bergamota<br \/>\n<strong>Notas de coraz\u00f3n:<\/strong> \u00c1mbar, Oud, Notas Florales<br \/>\n<strong>Notas de fondo:<\/strong> Almizcle, vainilla, s\u00e1ndalo<\/p>\n","protected":false},"excerpt":{"rendered":"<p>QAA&#8217;ED Sum\u00e9rgete en el mundo de Qaa&#8217;ed y experimenta la belleza de la perfumer\u00eda de alta gama. Lattafa se centra<\/p>\n","protected":false},"featured_media":91552,"comment_status":"open","ping_status":"closed","template":"","meta":{"nf_dc_page":""},"product_brand":[109],"product_cat":[94],"product_tag":[910],"class_list":{"0":"post-91551","1":"product","2":"type-product","3":"status-publish","4":"has-post-thumbnail","6":"product_brand-lattafa","7":"product_cat-higiene-personal","8":"product_tag-910","10":"first","11":"outofstock","12":"shipping-taxable","13":"purchasable","14":"product-type-simple"},"_links":{"self":[{"href":"https:\/\/brandss.com.py\/index\/wp-json\/wp\/v2\/product\/91551","targetHints":{"allow":["GET"]}}],"collection":[{"href":"https:\/\/brandss.com.py\/index\/wp-json\/wp\/v2\/product"}],"about":[{"href":"https:\/\/brandss.com.py\/index\/wp-json\/wp\/v2\/types\/product"}],"replies":[{"embeddable":true,"href":"https:\/\/brandss.com.py\/index\/wp-json\/wp\/v2\/comments?post=91551"}],"version-history":[{"count":2,"href":"https:\/\/brandss.com.py\/index\/wp-json\/wp\/v2\/product\/91551\/revisions"}],"predecessor-version":[{"id":91556,"href":"https:\/\/brandss.com.py\/index\/wp-json\/wp\/v2\/product\/91551\/revisions\/91556"}],"wp:featuredmedia":[{"embeddable":true,"href":"https:\/\/brandss.com.py\/index\/wp-json\/wp\/v2\/media\/91552"}],"wp:attachment":[{"href":"https:\/\/brandss.com.py\/index\/wp-json\/wp\/v2\/media?parent=91551"}],"wp:term":[{"taxonomy":"product_brand","embeddable":true,"href":"https:\/\/brandss.com.py\/index\/wp-json\/wp\/v2\/product_brand?post=91551"},{"taxonomy":"product_cat","embeddable":true,"href":"https:\/\/brandss.com.py\/index\/wp-json\/wp\/v2\/product_cat?post=91551"},{"taxonomy":"product_tag","embeddable":true,"href":"https:\/\/brandss.com.py\/index\/wp-json\/wp\/v2\/product_tag?post=91551"}],"curies":[{"name":"wp","href":"https:\/\/api.w.org\/{rel}","templated":true}]}}