{"id":91557,"date":"2025-10-06T18:45:06","date_gmt":"2025-10-06T18:45:06","guid":{"rendered":"https:\/\/brandss.com.py\/index\/?post_type=product&#038;p=91557"},"modified":"2025-10-06T18:46:15","modified_gmt":"2025-10-06T18:46:15","slug":"spray-corporal-masculino-lattafa-qaaed-al-shabaab-200ml","status":"publish","type":"product","link":"https:\/\/brandss.com.py\/index\/producto\/spray-corporal-masculino-lattafa-qaaed-al-shabaab-200ml\/","title":{"rendered":"SPRAY CORPORAL MASCULINO LATTAFA QAA\u2019ED AL SHABAAB 200ML"},"content":{"rendered":"<p><img loading=\"lazy\" decoding=\"async\" class=\"\" src=\"https:\/\/myscentjourney.s3.us-east-2.amazonaws.com\/2022\/02\/14\/29KIascent_j_marca_1644871114_202.png\" alt=\"MSJ::LATTAFA\" width=\"106\" height=\"126\" \/><\/p>\n<h1>QAA\u2019ED AL SHABAAB<\/h1>\n<p>La fragancia captura el esp\u00edritu del vigor juvenil, por lo que es una excelente opci\u00f3n para el uso diario o para ocasiones especiales. Las notas vigorizantes est\u00e1n dise\u00f1adas para mejorar tu estado de \u00e1nimo y refresca tus sentidos, mientras que el pr\u00e1ctico formato en aerosol permite una f\u00e1cil aplicaci\u00f3n en cualquier momento y en cualquier lugar. Este spray corporal unisex armoniza bien con varios tipos de piel y se combina sin esfuerzo con tus colonias o perfumes favoritos. Mejora tu colecci\u00f3n de fragancias y disfruta de la frescura duradera que aporta, encarnando la esencia misma de la perfumer\u00eda \u00e1rabe moderna.<\/p>\n<h5>Caracter\u00edsticas principales<\/h5>\n<p><strong>Spray corporal refrescante y perfumado:<\/strong> lattafa qaa&#8217;ed al shabaab ofrece un aroma revitalizante que te mantiene fresco durante todo el d\u00eda.<\/p>\n<p><strong>Tama\u00f1o generoso:<\/strong> cada botella de aerosol contiene 200 ml (6,7 fl oz), lo que proporciona una cantidad suficiente para el uso diario y un disfrute duradero.<\/p>\n<p><strong>Aroma vigorizante:<\/strong> este spray corporal combina notas de fragancia \u00fanicas que proporcionan un aroma equilibrado y atractivo, perfecto para cualquier ocasi\u00f3n.<\/p>\n<p><strong>Pr\u00e1ctico aerosol dise\u00f1o:<\/strong> el dise\u00f1o de aerosol f\u00e1cil de usar permite una aplicaci\u00f3n sin esfuerzo, lo que lo convierte en un excelente complemento para tu d\u00eda a d\u00eda rutina de aseo.<\/p>\n<p><strong>Atractivo unisex:<\/strong> adecuado tanto para hombres como para mujeres, este vers\u00e1til aroma est\u00e1 dise\u00f1ado para atraer a un p\u00fablico amplio.<\/p>\n<p>&nbsp;<\/p>\n<h3>Notas Olfativas<\/h3>\n<p>&nbsp;<\/p>\n<p>Qaa&#8217;ed Al Shabaab de Lattafa Perfumes es un desodorante con fragancia de \u00e1mbar para hombres. Qaa&#8217;ed Al Shabaab se lanz\u00f3 en 2021.<\/p>\n<p><strong>Notas de salida:<\/strong> osmanto e ylang-ylang.<\/p>\n<p><strong>Notas de coraz\u00f3n:<\/strong> cuero y cedro.<\/p>\n<p><strong>Notas de fondo:<\/strong> madera de oud y \u00e1mbar claro.<\/p>\n","protected":false},"excerpt":{"rendered":"<p>QAA\u2019ED AL SHABAAB La fragancia captura el esp\u00edritu del vigor juvenil, por lo que es una excelente opci\u00f3n para el<\/p>\n","protected":false},"featured_media":91558,"comment_status":"open","ping_status":"closed","template":"","meta":{"nf_dc_page":""},"product_brand":[109],"product_cat":[94],"product_tag":[912],"class_list":{"0":"post-91557","1":"product","2":"type-product","3":"status-publish","4":"has-post-thumbnail","6":"product_brand-lattafa","7":"product_cat-higiene-personal","8":"product_tag-912","10":"first","11":"instock","12":"shipping-taxable","13":"purchasable","14":"product-type-simple"},"_links":{"self":[{"href":"https:\/\/brandss.com.py\/index\/wp-json\/wp\/v2\/product\/91557","targetHints":{"allow":["GET"]}}],"collection":[{"href":"https:\/\/brandss.com.py\/index\/wp-json\/wp\/v2\/product"}],"about":[{"href":"https:\/\/brandss.com.py\/index\/wp-json\/wp\/v2\/types\/product"}],"replies":[{"embeddable":true,"href":"https:\/\/brandss.com.py\/index\/wp-json\/wp\/v2\/comments?post=91557"}],"version-history":[{"count":1,"href":"https:\/\/brandss.com.py\/index\/wp-json\/wp\/v2\/product\/91557\/revisions"}],"predecessor-version":[{"id":91562,"href":"https:\/\/brandss.com.py\/index\/wp-json\/wp\/v2\/product\/91557\/revisions\/91562"}],"wp:featuredmedia":[{"embeddable":true,"href":"https:\/\/brandss.com.py\/index\/wp-json\/wp\/v2\/media\/91558"}],"wp:attachment":[{"href":"https:\/\/brandss.com.py\/index\/wp-json\/wp\/v2\/media?parent=91557"}],"wp:term":[{"taxonomy":"product_brand","embeddable":true,"href":"https:\/\/brandss.com.py\/index\/wp-json\/wp\/v2\/product_brand?post=91557"},{"taxonomy":"product_cat","embeddable":true,"href":"https:\/\/brandss.com.py\/index\/wp-json\/wp\/v2\/product_cat?post=91557"},{"taxonomy":"product_tag","embeddable":true,"href":"https:\/\/brandss.com.py\/index\/wp-json\/wp\/v2\/product_tag?post=91557"}],"curies":[{"name":"wp","href":"https:\/\/api.w.org\/{rel}","templated":true}]}}