{"id":91574,"date":"2025-10-07T11:57:21","date_gmt":"2025-10-07T11:57:21","guid":{"rendered":"https:\/\/brandss.com.py\/index\/?post_type=product&#038;p=91574"},"modified":"2025-10-07T12:53:39","modified_gmt":"2025-10-07T12:53:39","slug":"spray-corporal-unisex-lattafa-pride-awaan-concentrated-250ml","status":"publish","type":"product","link":"https:\/\/brandss.com.py\/index\/producto\/spray-corporal-unisex-lattafa-pride-awaan-concentrated-250ml\/","title":{"rendered":"SPRAY CORPORAL UNISEX LATTAFA PRIDE AWAAN CONCENTRATED 250ML"},"content":{"rendered":"<p><img loading=\"lazy\" decoding=\"async\" class=\"\" src=\"https:\/\/myscentjourney.s3.us-east-2.amazonaws.com\/2022\/02\/14\/29KIascent_j_marca_1644871114_202.png\" alt=\"MSJ::LATTAFA\" width=\"76\" height=\"90\" \/><\/p>\n<h1>PRIDE AWAAN CONCENTRATED<\/h1>\n<p>Es una fragancia elegante y equilibrada que combina la frescura c\u00edtrica con la sofisticaci\u00f3n floral y c\u00e1lidos matices amaderados. Dise\u00f1ado para quienes disfrutan de un aroma vibrante y vers\u00e1til, este espray corporal es perfecto para el d\u00eda a d\u00eda y transmite confianza y encanto.<\/p>\n<p>Awaan es una fragancia vers\u00e1til y sofisticada, perfecta tanto para ambientes informales como formales. Su combinaci\u00f3n de c\u00edtricos vibrantes, elegancia floral y c\u00e1lidas maderas la convierte en una fragancia cautivadora y duradera que deja una huella imborrable.<\/p>\n<h3>Notas Olfativas<\/h3>\n<p><span dir=\"auto\">La fragancia se abre con notas frescas y vibrantes de bergamota y naranja, ofreciendo un comienzo c\u00edtrico y refrescante. Esta explosi\u00f3n c\u00edtrica despierta los sentidos, creando una primera impresi\u00f3n energizante y alegre.<\/span><\/p>\n<p><span dir=\"auto\">En el coraz\u00f3n, la elegancia floral del jazm\u00edn y la flor de azahar cobra protagonismo. Estas delicadas y fragantes flores a\u00f1aden un toque de romance y suavidad a la fragancia, integr\u00e1ndose a la perfecci\u00f3n con la frescura de las notas de salida para crear una composici\u00f3n refinada y elegante.<\/span><\/p>\n<p><span dir=\"auto\">Las notas de fondo de s\u00e1ndalo, pachul\u00ed y almizcle proporcionan un final c\u00e1lido y sensual. El s\u00e1ndalo aporta una riqueza cremosa y amaderada, mientras que el pachul\u00ed aporta una profundidad terrosa, y el almizcle envuelve la fragancia en una suavidad suave y aterciopelada que perdura maravillosamente en la piel.<\/span><\/p>\n<ul>\n<li><strong><span dir=\"auto\">Notas de salida<\/span><\/strong><span dir=\"auto\"><strong>:<\/strong> Bergamota, naranja.<\/span><\/li>\n<li><strong><span dir=\"auto\">Notas de coraz\u00f3n<\/span><\/strong><span dir=\"auto\"><strong>:<\/strong> jazm\u00edn, flor de naranja.<\/span><\/li>\n<li><strong><span dir=\"auto\">Notas de fondo<\/span><\/strong><span dir=\"auto\"><strong>:<\/strong> s\u00e1ndalo, pachul\u00ed, almizcle.<\/span><\/li>\n<\/ul>\n","protected":false},"excerpt":{"rendered":"<p>PRIDE AWAAN CONCENTRATED Es una fragancia elegante y equilibrada que combina la frescura c\u00edtrica con la sofisticaci\u00f3n floral y c\u00e1lidos<\/p>\n","protected":false},"featured_media":91575,"comment_status":"open","ping_status":"closed","template":"","meta":{"nf_dc_page":""},"product_brand":[109],"product_cat":[94],"product_tag":[916],"class_list":{"0":"post-91574","1":"product","2":"type-product","3":"status-publish","4":"has-post-thumbnail","6":"product_brand-lattafa","7":"product_cat-higiene-personal","8":"product_tag-916","10":"first","11":"instock","12":"shipping-taxable","13":"purchasable","14":"product-type-simple"},"_links":{"self":[{"href":"https:\/\/brandss.com.py\/index\/wp-json\/wp\/v2\/product\/91574","targetHints":{"allow":["GET"]}}],"collection":[{"href":"https:\/\/brandss.com.py\/index\/wp-json\/wp\/v2\/product"}],"about":[{"href":"https:\/\/brandss.com.py\/index\/wp-json\/wp\/v2\/types\/product"}],"replies":[{"embeddable":true,"href":"https:\/\/brandss.com.py\/index\/wp-json\/wp\/v2\/comments?post=91574"}],"version-history":[{"count":1,"href":"https:\/\/brandss.com.py\/index\/wp-json\/wp\/v2\/product\/91574\/revisions"}],"predecessor-version":[{"id":91579,"href":"https:\/\/brandss.com.py\/index\/wp-json\/wp\/v2\/product\/91574\/revisions\/91579"}],"wp:featuredmedia":[{"embeddable":true,"href":"https:\/\/brandss.com.py\/index\/wp-json\/wp\/v2\/media\/91575"}],"wp:attachment":[{"href":"https:\/\/brandss.com.py\/index\/wp-json\/wp\/v2\/media?parent=91574"}],"wp:term":[{"taxonomy":"product_brand","embeddable":true,"href":"https:\/\/brandss.com.py\/index\/wp-json\/wp\/v2\/product_brand?post=91574"},{"taxonomy":"product_cat","embeddable":true,"href":"https:\/\/brandss.com.py\/index\/wp-json\/wp\/v2\/product_cat?post=91574"},{"taxonomy":"product_tag","embeddable":true,"href":"https:\/\/brandss.com.py\/index\/wp-json\/wp\/v2\/product_tag?post=91574"}],"curies":[{"name":"wp","href":"https:\/\/api.w.org\/{rel}","templated":true}]}}