{"id":91580,"date":"2025-10-07T12:53:14","date_gmt":"2025-10-07T12:53:14","guid":{"rendered":"https:\/\/brandss.com.py\/index\/?post_type=product&#038;p=91580"},"modified":"2026-03-18T10:12:15","modified_gmt":"2026-03-18T10:12:15","slug":"spray-corporal-unisex-lattafa-pride-thouq-concentrated-250ml","status":"publish","type":"product","link":"https:\/\/brandss.com.py\/index\/producto\/spray-corporal-unisex-lattafa-pride-thouq-concentrated-250ml\/","title":{"rendered":"SPRAY CORPORAL UNISEX LATTAFA PRIDE THOUQ CONCENTRATED 250ML"},"content":{"rendered":"<p><img loading=\"lazy\" decoding=\"async\" class=\"\" src=\"https:\/\/myscentjourney.s3.us-east-2.amazonaws.com\/2022\/02\/14\/29KIascent_j_marca_1644871114_202.png\" alt=\"MSJ::LATTAFA\" width=\"91\" height=\"108\" \/><\/p>\n<h1>PRIDE THOUQ CONCENTRATED<\/h1>\n<p>Es una fragancia unisex de la familia olfativa Ambarina Frutal Oriental, un aroma sexy, floral, dulce y limpio, una rosa que domina la escena, que a medida que se calienta toma connotaciones ambaradas, incienso y vetiver para un toque misterioso y oriental, una fragancia exitosa que lleva con fuertes emociones.<\/p>\n<h3>Notas Olfativas<\/h3>\n<p><span dir=\"auto\">Thouq se abre con una vibrante explosi\u00f3n de bergamota c\u00edtrica, equilibrada por la dulce y suculenta esencia de lichi, creando una introducci\u00f3n refrescante y vivaz. A medida que el perfume se desarrolla, las notas florales de rosa se mezclan con el aroma ahumado del incienso, agregando una profundidad rom\u00e1ntica y cautivadora a la fragancia.<\/span><br \/>\n<span dir=\"auto\">Las notas frescas y afrutadas de bergamota y lichi brindan un toque ligero y vigorizante, mientras que la combinaci\u00f3n de rosas e incienso introduce un aire de misterio y seducci\u00f3n. Las notas de fondo de \u00e1mbar y vetiver aportan calidez y sofisticaci\u00f3n, lo que lo convierte en una opci\u00f3n ideal para la noche o para ocasiones especiales, con una impresi\u00f3n duradera que perdura en la piel.<\/span><\/p>\n<p><span dir=\"auto\"><strong>Notas de salida:<\/strong> Lichi, bergamota.<\/span><br \/>\n<span dir=\"auto\"><strong>Notas de coraz\u00f3n:<\/strong> Rosa, incienso.<\/span><br \/>\n<span dir=\"auto\"><strong>Notas de fondo:<\/strong> \u00c1mbar, vetiver.<\/span><\/p>\n","protected":false},"excerpt":{"rendered":"<p>PRIDE THOUQ CONCENTRATED Es una fragancia unisex de la familia olfativa Ambarina Frutal Oriental, un aroma sexy, floral, dulce y<\/p>\n","protected":false},"featured_media":91581,"comment_status":"open","ping_status":"closed","template":"","meta":{"nf_dc_page":""},"product_brand":[109],"product_cat":[94],"product_tag":[917],"class_list":{"0":"post-91580","1":"product","2":"type-product","3":"status-publish","4":"has-post-thumbnail","6":"product_brand-lattafa","7":"product_cat-higiene-personal","8":"product_tag-917","10":"first","11":"outofstock","12":"shipping-taxable","13":"purchasable","14":"product-type-simple"},"_links":{"self":[{"href":"https:\/\/brandss.com.py\/index\/wp-json\/wp\/v2\/product\/91580","targetHints":{"allow":["GET"]}}],"collection":[{"href":"https:\/\/brandss.com.py\/index\/wp-json\/wp\/v2\/product"}],"about":[{"href":"https:\/\/brandss.com.py\/index\/wp-json\/wp\/v2\/types\/product"}],"replies":[{"embeddable":true,"href":"https:\/\/brandss.com.py\/index\/wp-json\/wp\/v2\/comments?post=91580"}],"version-history":[{"count":1,"href":"https:\/\/brandss.com.py\/index\/wp-json\/wp\/v2\/product\/91580\/revisions"}],"predecessor-version":[{"id":91585,"href":"https:\/\/brandss.com.py\/index\/wp-json\/wp\/v2\/product\/91580\/revisions\/91585"}],"wp:featuredmedia":[{"embeddable":true,"href":"https:\/\/brandss.com.py\/index\/wp-json\/wp\/v2\/media\/91581"}],"wp:attachment":[{"href":"https:\/\/brandss.com.py\/index\/wp-json\/wp\/v2\/media?parent=91580"}],"wp:term":[{"taxonomy":"product_brand","embeddable":true,"href":"https:\/\/brandss.com.py\/index\/wp-json\/wp\/v2\/product_brand?post=91580"},{"taxonomy":"product_cat","embeddable":true,"href":"https:\/\/brandss.com.py\/index\/wp-json\/wp\/v2\/product_cat?post=91580"},{"taxonomy":"product_tag","embeddable":true,"href":"https:\/\/brandss.com.py\/index\/wp-json\/wp\/v2\/product_tag?post=91580"}],"curies":[{"name":"wp","href":"https:\/\/api.w.org\/{rel}","templated":true}]}}