{"id":91593,"date":"2025-10-07T17:49:17","date_gmt":"2025-10-07T17:49:17","guid":{"rendered":"https:\/\/brandss.com.py\/index\/?post_type=product&#038;p=91593"},"modified":"2026-04-18T13:20:26","modified_gmt":"2026-04-18T13:20:26","slug":"perfume-femenino-armaf-infinity-gold-edp-100ml","status":"publish","type":"product","link":"https:\/\/brandss.com.py\/index\/producto\/perfume-femenino-armaf-infinity-gold-edp-100ml\/","title":{"rendered":"PERFUME FEMENINO ARMAF INFINITY GOLD EDP 100ML"},"content":{"rendered":"<p><img loading=\"lazy\" decoding=\"async\" class=\"\" src=\"https:\/\/vectorseek.com\/wp-content\/uploads\/2023\/12\/ARMAF-Logo-Vector.svg--300x300.png\" alt=\"ARMAF logo in PNG SVG Vector format - Free Download\" width=\"84\" height=\"84\" \/><\/p>\n<h1>INFINITY GOLD<\/h1>\n<p><span dir=\"auto\">Es una fragancia sofisticada y cautivadora, dise\u00f1ada para mujeres que valoran la elegancia en todo momento. Con un toque impactante y delicado, este perfume irradia confianza y feminidad desde la primera aplicaci\u00f3n. Creado para la mujer contempor\u00e1nea que encarna la confianza y la sofisticaci\u00f3n. Esta lujosa fragancia est\u00e1 dise\u00f1ada para dejar una estela memorable, <\/span><span dir=\"auto\">perfecta tanto para una velada elegante como para buscar tu aroma distintivo para el d\u00eda a d\u00eda.<img decoding=\"async\" class=\"alignleft\" src=\"https:\/\/d22fxaf9t8d39k.cloudfront.net\/eb6021e9012bae212eb298767de1ddbfddb288d10802abf1e5994bb8b31a834774780.jpg\" \/><\/span><\/p>\n<p><span dir=\"auto\">Presentado en un frasco de elegante dise\u00f1o, Infinity Gold refleja visualmente la sofisticaci\u00f3n y la riqueza de la fragancia. Su elegante frasco lo convierte no solo en una lujosa experiencia sensorial, sino tambi\u00e9n en una adici\u00f3n deslumbrante a la colecci\u00f3n de cualquier amante de las fragancias.<\/span><\/p>\n<p><span dir=\"auto\">Vers\u00e1til y refinada, esta fragancia es ideal tanto para los momentos cotidianos como para las grandes ocasiones de la vida, capturando la esencia de la feminidad con gracia y encanto.<\/span><\/p>\n<h3>Notas Olfativas<\/h3>\n<p><span dir=\"auto\">Infinity Gold<\/span><span dir=\"auto\">\u00a0es un elegante perfume\u00a0<\/span><span dir=\"auto\">floral<\/span><span dir=\"auto\">,\u00a0<\/span><span dir=\"auto\">amaderado<\/span><span dir=\"auto\">\u00a0y\u00a0<\/span><span dir=\"auto\">almizclado,<\/span><span dir=\"auto\"> comienza\u00a0con una atractiva combinaci\u00f3n de\u00a0lavanda,\u00a0rosa\u00a0y\u00a0pera, ofreciendo una salida fresca y radiante. A medida que la fragancia evoluciona, revela un\u00a0coraz\u00f3n\u00a0enriquecido con la ex\u00f3tica belleza del\u00a0ylang\u00a0-ylang\u00a0y\u00a0el jazm\u00edn, aportando\u00a0riqueza floral\u00a0y\u00a0elegancia. La composici\u00f3n termina con una sensual\u00a0base de\u00a0vainilla,\u00a0almizcle\u00a0y\u00a0musgo, creando una\u00a0calidez\u00a0duradera que envuelve suavemente la piel.<\/span><\/p>\n<p><strong>Notas de salida:<\/strong> lavanda, rosa, pera.<br \/>\n<strong>Notas de coraz\u00f3n:<\/strong> ylang-ylang, jazm\u00edn<br \/>\n<strong>Notas de fondo:<\/strong> vainilla, almizcle, musgo.<\/p>\n","protected":false},"excerpt":{"rendered":"<p>INFINITY GOLD Es una fragancia sofisticada y cautivadora, dise\u00f1ada para mujeres que valoran la elegancia en todo momento. Con un<\/p>\n","protected":false},"featured_media":91596,"comment_status":"open","ping_status":"closed","template":"","meta":{"nf_dc_page":""},"product_brand":[106],"product_cat":[84],"product_tag":[919],"class_list":{"0":"post-91593","1":"product","2":"type-product","3":"status-publish","4":"has-post-thumbnail","6":"product_brand-armaf","7":"product_cat-perfumeria","8":"product_tag-919","10":"first","11":"instock","12":"shipping-taxable","13":"purchasable","14":"product-type-simple"},"_links":{"self":[{"href":"https:\/\/brandss.com.py\/index\/wp-json\/wp\/v2\/product\/91593","targetHints":{"allow":["GET"]}}],"collection":[{"href":"https:\/\/brandss.com.py\/index\/wp-json\/wp\/v2\/product"}],"about":[{"href":"https:\/\/brandss.com.py\/index\/wp-json\/wp\/v2\/types\/product"}],"replies":[{"embeddable":true,"href":"https:\/\/brandss.com.py\/index\/wp-json\/wp\/v2\/comments?post=91593"}],"version-history":[{"count":1,"href":"https:\/\/brandss.com.py\/index\/wp-json\/wp\/v2\/product\/91593\/revisions"}],"predecessor-version":[{"id":91603,"href":"https:\/\/brandss.com.py\/index\/wp-json\/wp\/v2\/product\/91593\/revisions\/91603"}],"wp:featuredmedia":[{"embeddable":true,"href":"https:\/\/brandss.com.py\/index\/wp-json\/wp\/v2\/media\/91596"}],"wp:attachment":[{"href":"https:\/\/brandss.com.py\/index\/wp-json\/wp\/v2\/media?parent=91593"}],"wp:term":[{"taxonomy":"product_brand","embeddable":true,"href":"https:\/\/brandss.com.py\/index\/wp-json\/wp\/v2\/product_brand?post=91593"},{"taxonomy":"product_cat","embeddable":true,"href":"https:\/\/brandss.com.py\/index\/wp-json\/wp\/v2\/product_cat?post=91593"},{"taxonomy":"product_tag","embeddable":true,"href":"https:\/\/brandss.com.py\/index\/wp-json\/wp\/v2\/product_tag?post=91593"}],"curies":[{"name":"wp","href":"https:\/\/api.w.org\/{rel}","templated":true}]}}