{"id":91604,"date":"2025-10-07T18:22:07","date_gmt":"2025-10-07T18:22:07","guid":{"rendered":"https:\/\/brandss.com.py\/index\/?post_type=product&#038;p=91604"},"modified":"2025-10-07T18:23:25","modified_gmt":"2025-10-07T18:23:25","slug":"spray-corporal-masculino-ard-al-zaafaran-riqqa-200ml","status":"publish","type":"product","link":"https:\/\/brandss.com.py\/index\/producto\/spray-corporal-masculino-ard-al-zaafaran-riqqa-200ml\/","title":{"rendered":"SPRAY CORPORAL MASCULINO ARD AL ZAAFARAN RIQQA 200ML"},"content":{"rendered":"<p><img loading=\"lazy\" decoding=\"async\" class=\"\" src=\"https:\/\/fimgs.net\/mdimg\/dizajneri\/m.2917.jpg\" alt=\"Oudi Ard Al Zaafaran fragancia - una fragancia para Hombres y Mujeres 2016\" width=\"85\" height=\"85\" \/><\/p>\n<h1>RIQQA<\/h1>\n<p>Es una fragancia elegante y sofisticada en formato <em data-start=\"127\" data-end=\"139\">body spray<\/em>, inspirada en la perfumer\u00eda \u00e1rabe de lujo. Un desodorante perfumado con aroma oriental\u2013amaderado, elegante y sofisticado. Combina notas de c\u00edtricos, flores suaves y un fondo c\u00e1lido de \u00e1mbar, almizcle y madera de oud. Deja una fragancia intensa y duradera, ideal para quienes buscan frescura con un toque de lujo \u00e1rabe.<\/p>\n<h3>Notas Olfativas<\/h3>\n<p data-start=\"186\" data-end=\"552\">Riqqa combina notas c\u00e1lidas, dulces y amaderadas que envuelven la piel con un aroma duradero y envolvente. Su salida es fresca y ligeramente especiada, que se transforma en un coraz\u00f3n floral suave con un fondo de almizcle, \u00e1mbar y madera. Es un aroma refinado, sensual y equilibrado, ideal tanto para uso diario como para ocasiones especiales.<\/p>\n<ul data-start=\"624\" data-end=\"779\">\n<li data-start=\"624\" data-end=\"671\">\n<p data-start=\"626\" data-end=\"671\"><strong>Notas de salida:<\/strong> c\u00edtricos suaves y especias ligeras.<\/p>\n<\/li>\n<li data-start=\"672\" data-end=\"721\">\n<p data-start=\"674\" data-end=\"721\"><strong>Notas de coraz\u00f3n:<\/strong> flores blancas y toques de vainilla.<\/p>\n<\/li>\n<li data-start=\"722\" data-end=\"779\">\n<p data-start=\"724\" data-end=\"779\"><strong>Notas de fondo:<\/strong> madera de agar (oud), almizcle y \u00e1mbar c\u00e1lido.<\/p>\n<\/li>\n<\/ul>\n","protected":false},"excerpt":{"rendered":"<p>RIQQA Es una fragancia elegante y sofisticada en formato body spray, inspirada en la perfumer\u00eda \u00e1rabe de lujo. Un desodorante<\/p>\n","protected":false},"featured_media":91605,"comment_status":"open","ping_status":"closed","template":"","meta":{"nf_dc_page":""},"product_brand":[110],"product_cat":[94],"product_tag":[920],"class_list":{"0":"post-91604","1":"product","2":"type-product","3":"status-publish","4":"has-post-thumbnail","6":"product_brand-ard-al-zaafaran","7":"product_cat-higiene-personal","8":"product_tag-920","10":"first","11":"instock","12":"shipping-taxable","13":"purchasable","14":"product-type-simple"},"_links":{"self":[{"href":"https:\/\/brandss.com.py\/index\/wp-json\/wp\/v2\/product\/91604","targetHints":{"allow":["GET"]}}],"collection":[{"href":"https:\/\/brandss.com.py\/index\/wp-json\/wp\/v2\/product"}],"about":[{"href":"https:\/\/brandss.com.py\/index\/wp-json\/wp\/v2\/types\/product"}],"replies":[{"embeddable":true,"href":"https:\/\/brandss.com.py\/index\/wp-json\/wp\/v2\/comments?post=91604"}],"version-history":[{"count":1,"href":"https:\/\/brandss.com.py\/index\/wp-json\/wp\/v2\/product\/91604\/revisions"}],"predecessor-version":[{"id":91607,"href":"https:\/\/brandss.com.py\/index\/wp-json\/wp\/v2\/product\/91604\/revisions\/91607"}],"wp:featuredmedia":[{"embeddable":true,"href":"https:\/\/brandss.com.py\/index\/wp-json\/wp\/v2\/media\/91605"}],"wp:attachment":[{"href":"https:\/\/brandss.com.py\/index\/wp-json\/wp\/v2\/media?parent=91604"}],"wp:term":[{"taxonomy":"product_brand","embeddable":true,"href":"https:\/\/brandss.com.py\/index\/wp-json\/wp\/v2\/product_brand?post=91604"},{"taxonomy":"product_cat","embeddable":true,"href":"https:\/\/brandss.com.py\/index\/wp-json\/wp\/v2\/product_cat?post=91604"},{"taxonomy":"product_tag","embeddable":true,"href":"https:\/\/brandss.com.py\/index\/wp-json\/wp\/v2\/product_tag?post=91604"}],"curies":[{"name":"wp","href":"https:\/\/api.w.org\/{rel}","templated":true}]}}