{"id":91608,"date":"2025-10-07T18:58:22","date_gmt":"2025-10-07T18:58:22","guid":{"rendered":"https:\/\/brandss.com.py\/index\/?post_type=product&#038;p=91608"},"modified":"2026-03-18T10:44:09","modified_gmt":"2026-03-18T10:44:09","slug":"perfume-femenino-orientica-dania-extrait-de-parfum-80ml","status":"publish","type":"product","link":"https:\/\/brandss.com.py\/index\/producto\/perfume-femenino-orientica-dania-extrait-de-parfum-80ml\/","title":{"rendered":"PERFUME FEMENINO ORIENTICA DANIA EXTRAIT DE PARFUM 80ML"},"content":{"rendered":"<p><img loading=\"lazy\" decoding=\"async\" class=\"\" src=\"https:\/\/aunmasguapa.com\/cdn\/shop\/collections\/logo_Orientica.svg?v=1731500665\" alt=\"ORIENTICA \u2013 A\u00fan M\u00e1s Guapa!\" width=\"51\" height=\"51\" \/><\/p>\n<h1>DANIA<\/h1>\n<p><span dir=\"auto\">Descubre la esencia del lujo con el Perfume Dania de la colecci\u00f3n de lujo Orientica y si\u00e9ntete absolutamente fabulosa con <\/span><span dir=\"auto\">el exclusivo extracto de perfume Dania<\/span><span dir=\"auto\">. Una fragancia\u00a0<\/span><span dir=\"auto\">oriental premium<\/span><span dir=\"auto\">\u00a0que captura la vibrante personalidad de la actriz y modelo mexicana\u00a0<\/span><span dir=\"auto\">Dania M\u00e9ndez<\/span><span dir=\"auto\">. <img loading=\"lazy\" decoding=\"async\" class=\"alignleft\" src=\"https:\/\/cdn.awsli.com.br\/2500x2500\/2429\/2429224\/produto\/331620262\/gxy5bssxkaar_pk-jpglarge-b300fdeeea6df78ffa17341025230655-1024-1024-xty9uj550d.jpg\" width=\"500\" height=\"750\" \/><\/span><\/p>\n<p class=\"skK8UF\" data-hook=\"description\">Este exquisito extracto de perfume de 80 ml combina las fragancias m\u00e1s fascinantes de Oriente Medio con una elegancia incomparable. Con notas amaderadas, florales y dulces, este perfume cautivar\u00e1 tus sentidos y te transportar\u00e1 a un mundo de sofisticaci\u00f3n y belleza.<\/p>\n<p class=\"skK8UF\" data-hook=\"description\">El embalaje elegante y lujoso hace que este perfume sea el regalo perfecto para cualquier ocasi\u00f3n especial. Disfruta de la alta calidad y la exclusividad con el Perfume Dania de la colecci\u00f3n de lujo Orientica.<\/p>\n<h3 data-hook=\"description\">Notas Olfativas<\/h3>\n<p>&nbsp;<\/p>\n<p data-sourcepos=\"3:1-3:175\"><span dir=\"auto\">Orientica Exclusive Dania es un perfume que llama la atenci\u00f3n por su <\/span>fragancia floral oriental, con una combinaci\u00f3n \u00fanica de notas que lo hacen memorable y sofisticado.<\/p>\n<p>La fragancia se abre con un bouquet floral intenso y vibrante, con gardenia y nardos, complementado con jugosas notas frutales.<\/p>\n<p>El coraz\u00f3n del perfume revela un bouquet floral m\u00e1s suave y rom\u00e1ntico, con rosa, jazm\u00edn y lirio de los valles que se entrelazan armoniosamente.<\/p>\n<p>Las notas de fondo aportan profundidad y sensualidad a la fragancia, con \u00e1mbar, almizcle, vainilla y notas amaderadas que crean una base c\u00e1lida y envolvente.<\/p>\n<ul data-sourcepos=\"7:1-10:0\">\n<li data-sourcepos=\"7:1-7:57\"><strong><span dir=\"auto\">Notas de salida:<\/span><\/strong><span dir=\"auto\">\u00a0\u00a0Gardenia, Nardos y Notas Frutales.<\/span><\/li>\n<li data-sourcepos=\"8:1-8:53\"><strong><span dir=\"auto\">Notas de coraz\u00f3n:<\/span><\/strong><span dir=\"auto\">\u00a0\u00a0Rosa, Jazm\u00edn y Lirio de los Valles.<\/span><\/li>\n<li data-sourcepos=\"9:1-10:0\"><strong><span dir=\"auto\">Notas de fondo:<\/span><\/strong><span dir=\"auto\"> \u00a0\u00e1mbar, almizcle, vainilla y notas amaderadas.<\/span><\/li>\n<\/ul>\n","protected":false},"excerpt":{"rendered":"<p>DANIA Descubre la esencia del lujo con el Perfume Dania de la colecci\u00f3n de lujo Orientica y si\u00e9ntete absolutamente fabulosa<\/p>\n","protected":false},"featured_media":91609,"comment_status":"open","ping_status":"closed","template":"","meta":{"nf_dc_page":""},"product_brand":[896],"product_cat":[84],"product_tag":[922],"class_list":{"0":"post-91608","1":"product","2":"type-product","3":"status-publish","4":"has-post-thumbnail","6":"product_brand-orientica","7":"product_cat-perfumeria","8":"product_tag-922","10":"first","11":"outofstock","12":"shipping-taxable","13":"purchasable","14":"product-type-simple"},"_links":{"self":[{"href":"https:\/\/brandss.com.py\/index\/wp-json\/wp\/v2\/product\/91608","targetHints":{"allow":["GET"]}}],"collection":[{"href":"https:\/\/brandss.com.py\/index\/wp-json\/wp\/v2\/product"}],"about":[{"href":"https:\/\/brandss.com.py\/index\/wp-json\/wp\/v2\/types\/product"}],"replies":[{"embeddable":true,"href":"https:\/\/brandss.com.py\/index\/wp-json\/wp\/v2\/comments?post=91608"}],"version-history":[{"count":2,"href":"https:\/\/brandss.com.py\/index\/wp-json\/wp\/v2\/product\/91608\/revisions"}],"predecessor-version":[{"id":94071,"href":"https:\/\/brandss.com.py\/index\/wp-json\/wp\/v2\/product\/91608\/revisions\/94071"}],"wp:featuredmedia":[{"embeddable":true,"href":"https:\/\/brandss.com.py\/index\/wp-json\/wp\/v2\/media\/91609"}],"wp:attachment":[{"href":"https:\/\/brandss.com.py\/index\/wp-json\/wp\/v2\/media?parent=91608"}],"wp:term":[{"taxonomy":"product_brand","embeddable":true,"href":"https:\/\/brandss.com.py\/index\/wp-json\/wp\/v2\/product_brand?post=91608"},{"taxonomy":"product_cat","embeddable":true,"href":"https:\/\/brandss.com.py\/index\/wp-json\/wp\/v2\/product_cat?post=91608"},{"taxonomy":"product_tag","embeddable":true,"href":"https:\/\/brandss.com.py\/index\/wp-json\/wp\/v2\/product_tag?post=91608"}],"curies":[{"name":"wp","href":"https:\/\/api.w.org\/{rel}","templated":true}]}}