{"id":91618,"date":"2025-10-08T10:32:41","date_gmt":"2025-10-08T10:32:41","guid":{"rendered":"https:\/\/brandss.com.py\/index\/?post_type=product&#038;p=91618"},"modified":"2025-10-08T10:33:05","modified_gmt":"2025-10-08T10:33:05","slug":"perfume-unisex-paris-corner-qissa-delicious-edp-100ml","status":"publish","type":"product","link":"https:\/\/brandss.com.py\/index\/producto\/perfume-unisex-paris-corner-qissa-delicious-edp-100ml\/","title":{"rendered":"PERFUME UNISEX PARIS CORNER QISSA DELICIOUS EDP 100ML"},"content":{"rendered":"<p><img loading=\"lazy\" decoding=\"async\" class=\"\" src=\"https:\/\/images.seeklogo.com\/logo-png\/62\/2\/paris-corner-logo-png_seeklogo-626161.png\" alt=\"Paris Corner Logo PNG Vector (CDR) Free Download\" width=\"100\" height=\"100\" \/><\/p>\n<h1>QISSA DELICIOUS<\/h1>\n<h5><em>Una Sinfon\u00eda de Seducci\u00f3n y Placer<\/em><\/h5>\n<p>Prep\u00e1rate para sumergirte en un mundo de fantas\u00eda y tentaci\u00f3n con Qissa Delicious, una fragancia que cautiva los sentidos y despierta los deseos m\u00e1s profundos. Desde el primer momento en que se aplica, esta fragancia envuelve al usuario en un aura de misterio y sensualidad, invit\u00e1ndolo a explorar los placeres m\u00e1s indulgentes. D\u00e9jate envolver por el aroma cautivador de\u00a0Qissa Delicious\u00a0y sum\u00e9rgete en un viaje de placeres prohibidos y deseos ocultos. R\u00edndete a su encanto y deja que esta fragancia revele las historias no contadas de tus fantas\u00edas m\u00e1s profundas.<\/p>\n<p><img loading=\"lazy\" decoding=\"async\" class=\"alignleft\" src=\"https:\/\/fragarabic.com\/cdn\/shop\/files\/Qissa_Delicious_Paris_Corner_Eau_de_Parfum_Para_Mujer_Fondo_Blanco.webp?v=1751619065&amp;width=1024\" width=\"599\" height=\"599\" \/><\/p>\n<h3>Notas Olfativas<\/h3>\n<p>&nbsp;<\/p>\n<p>La historia de\u00a0Qissa Delicious\u00a0comienza con una danza de dulzura, donde el chocolate amargo, la naranja y la crema batida se funden en una melod\u00eda cautivadora. Como una brisa juguetona, estas notas de salida despiertan los sentidos y crean una anticipaci\u00f3n irresistible.<\/p>\n<p>A medida que la fragancia se desarrolla, el coraz\u00f3n de\u00a0Qissa Delicious\u00a0revela una decadencia irresistible. El coco se entrelaza con el malvavisco, creando una sinfon\u00eda embriagadora de seducci\u00f3n, mientras que el ex\u00f3tico jazm\u00edn a\u00f1ade un toque de misterio, dejando al usuario encantado y deseando m\u00e1s.<\/p>\n<p>Pero es en las notas de fondo donde reside el verdadero encanto de\u00a0Qissa Delicious. La vainilla, impregnada de una madera suave y sensual, lanza un hechizo de tentaci\u00f3n irresistible, atrayendo al usuario a su abrazo. El almizcle susurra pasi\u00f3n e intimidad, dejando un rastro persistente de deseo que lo acompa\u00f1ar\u00e1 a donde quiera que vaya.<\/p>\n<p>&nbsp;<\/p>\n<p><strong>Notas de salida:<\/strong> chocolate amargo, naranja, crema batida.<\/p>\n<p><strong>Notas de coraz\u00f3n:<\/strong> Coco, malvavisco, jazm\u00edn.<\/p>\n<p><strong>Notas de fondo:<\/strong> Vainilla, almizcle blanco, maderas suaves.<\/p>\n","protected":false},"excerpt":{"rendered":"<p>QISSA DELICIOUS Una Sinfon\u00eda de Seducci\u00f3n y Placer Prep\u00e1rate para sumergirte en un mundo de fantas\u00eda y tentaci\u00f3n con Qissa<\/p>\n","protected":false},"featured_media":91619,"comment_status":"open","ping_status":"closed","template":"","meta":{"nf_dc_page":""},"product_brand":[923],"product_cat":[84],"product_tag":[924],"class_list":{"0":"post-91618","1":"product","2":"type-product","3":"status-publish","4":"has-post-thumbnail","6":"product_brand-paris-corner","7":"product_cat-perfumeria","8":"product_tag-924","10":"first","11":"instock","12":"shipping-taxable","13":"purchasable","14":"product-type-simple"},"_links":{"self":[{"href":"https:\/\/brandss.com.py\/index\/wp-json\/wp\/v2\/product\/91618","targetHints":{"allow":["GET"]}}],"collection":[{"href":"https:\/\/brandss.com.py\/index\/wp-json\/wp\/v2\/product"}],"about":[{"href":"https:\/\/brandss.com.py\/index\/wp-json\/wp\/v2\/types\/product"}],"replies":[{"embeddable":true,"href":"https:\/\/brandss.com.py\/index\/wp-json\/wp\/v2\/comments?post=91618"}],"version-history":[{"count":1,"href":"https:\/\/brandss.com.py\/index\/wp-json\/wp\/v2\/product\/91618\/revisions"}],"predecessor-version":[{"id":91624,"href":"https:\/\/brandss.com.py\/index\/wp-json\/wp\/v2\/product\/91618\/revisions\/91624"}],"wp:featuredmedia":[{"embeddable":true,"href":"https:\/\/brandss.com.py\/index\/wp-json\/wp\/v2\/media\/91619"}],"wp:attachment":[{"href":"https:\/\/brandss.com.py\/index\/wp-json\/wp\/v2\/media?parent=91618"}],"wp:term":[{"taxonomy":"product_brand","embeddable":true,"href":"https:\/\/brandss.com.py\/index\/wp-json\/wp\/v2\/product_brand?post=91618"},{"taxonomy":"product_cat","embeddable":true,"href":"https:\/\/brandss.com.py\/index\/wp-json\/wp\/v2\/product_cat?post=91618"},{"taxonomy":"product_tag","embeddable":true,"href":"https:\/\/brandss.com.py\/index\/wp-json\/wp\/v2\/product_tag?post=91618"}],"curies":[{"name":"wp","href":"https:\/\/api.w.org\/{rel}","templated":true}]}}