{"id":91634,"date":"2025-10-08T11:34:32","date_gmt":"2025-10-08T11:34:32","guid":{"rendered":"https:\/\/brandss.com.py\/index\/?post_type=product&#038;p=91634"},"modified":"2025-10-08T11:35:36","modified_gmt":"2025-10-08T11:35:36","slug":"crema-para-contorno-de-ojos-wetcode-pro-anti-wrinkle-doble-peptido-20ml","status":"publish","type":"product","link":"https:\/\/brandss.com.py\/index\/producto\/crema-para-contorno-de-ojos-wetcode-pro-anti-wrinkle-doble-peptido-20ml\/","title":{"rendered":"CREMA PARA CONTORNO DE OJOS WETCODE PRO ANTI WRINKLE DOBLE P\u00c9PTIDO 20ML"},"content":{"rendered":"<p><img loading=\"lazy\" decoding=\"async\" class=\"\" src=\"https:\/\/encrypted-tbn0.gstatic.com\/images?q=tbn:ANd9GcRuUQ959tlZI6eP8ng5RMmw_eTAGSgOSSkkMQ&amp;s\" alt=\"Tentang | Skincare, Cream Pemutih Wajah, Pelembab Wajah, Skin Moisturizer,  Aging Skincare, Serum Wajah, Jakarta, Wetcode\" width=\"177\" height=\"38\" \/><\/p>\n<h1>PRO ANTI WRINKLE DOBLE P\u00c9PTIDO<\/h1>\n<p><span dir=\"auto\">Crema para el contorno de ojos reafirmante antiarrugas con doble p\u00e9ptido serie pro. Absorci\u00f3n intensa y r\u00e1pida gracias al cabezal vibrador de alta tecnolog\u00eda con funci\u00f3n t\u00e9rmica.<img loading=\"lazy\" decoding=\"async\" class=\"alignleft\" src=\"https:\/\/www.eli-cosmetics.com\/cdn\/shop\/files\/3bb3455f57376821c870f3ec251ee65.jpg?v=1757757136\" width=\"690\" height=\"388\" \/> <\/span><\/p>\n<p><span dir=\"auto\">En combinaci\u00f3n con el nuevo ingrediente principal, el alga espacial H11, esta crema para el contorno de ojos antiarrugas con doble p\u00e9ptido hidrata eficazmente la piel, minimiza las l\u00edneas de expresi\u00f3n y la deja joven, suave y firme. X Repair Element ayuda a reparar la barrera cut\u00e1nea y tiene un efecto antiinflamatorio y antioxidante.<\/span><br \/>\n<span dir=\"auto\">Aplicado con nuestro cabezal de masaje t\u00e9rmico y microvibratorio de tercera generaci\u00f3n, los ingredientes se absorben eficazmente y la piel queda a\u00fan m\u00e1s calmada.<\/span><\/p>\n<p><strong><span dir=\"auto\">TECNOLOG\u00cdAS CLAVE DE LA SERIE PRO:<\/span><\/strong><\/p>\n<p><strong><span dir=\"auto\">DOBLE P\u00c9PTIDO<\/span><\/strong><br \/>\n<span dir=\"auto\">El doble p\u00e9ptido est\u00e1 compuesto por SYN\u00ae-AKE (veneno de serpiente sint\u00e9tico) y un trip\u00e9ptido. Sus mol\u00e9culas extremadamente peque\u00f1as se absorben f\u00e1cilmente y penetran profundamente en la piel para nutrirla, ayudando a tensar y reducir las l\u00edneas de expresi\u00f3n.<\/span><\/p>\n<p><strong><span dir=\"auto\">ELEMENTO &#8220;MAP-X&#8221;<\/span><\/strong><br \/>\n<span dir=\"auto\">MAP-X es un extracto proteico patentado, obtenido de mejillones marinos mediante un proceso especial. <\/span><span dir=\"auto\">Originalmente utilizado en medicina para <\/span><span dir=\"auto\">regenerar la piel da\u00f1ada tras quemaduras, tambi\u00e9n repara la barrera cut\u00e1nea y posee un potente efecto antiinflamatorio y antioxidante.<\/span><\/p>\n<p><strong><span dir=\"auto\">H11<\/span><\/strong><br \/>\n<span dir=\"auto\">Extracto de ALGAS ESPACIALES de WECODE. Es un producto vers\u00e1til con extraordinarias propiedades hidratantes y humectantes, con resultados sorprendentemente buenos en comparaci\u00f3n con otros extractos de algas convencionales utilizados en cosm\u00e9tica.<\/span><\/p>\n","protected":false},"excerpt":{"rendered":"<p>PRO ANTI WRINKLE DOBLE P\u00c9PTIDO Crema para el contorno de ojos reafirmante antiarrugas con doble p\u00e9ptido serie pro. Absorci\u00f3n intensa<\/p>\n","protected":false},"featured_media":91635,"comment_status":"open","ping_status":"closed","template":"","meta":{"nf_dc_page":""},"product_brand":[926],"product_cat":[104],"product_tag":[927],"class_list":{"0":"post-91634","1":"product","2":"type-product","3":"status-publish","4":"has-post-thumbnail","6":"product_brand-wetcode","7":"product_cat-skin-care","8":"product_tag-927","10":"first","11":"instock","12":"shipping-taxable","13":"purchasable","14":"product-type-simple"},"_links":{"self":[{"href":"https:\/\/brandss.com.py\/index\/wp-json\/wp\/v2\/product\/91634","targetHints":{"allow":["GET"]}}],"collection":[{"href":"https:\/\/brandss.com.py\/index\/wp-json\/wp\/v2\/product"}],"about":[{"href":"https:\/\/brandss.com.py\/index\/wp-json\/wp\/v2\/types\/product"}],"replies":[{"embeddable":true,"href":"https:\/\/brandss.com.py\/index\/wp-json\/wp\/v2\/comments?post=91634"}],"version-history":[{"count":1,"href":"https:\/\/brandss.com.py\/index\/wp-json\/wp\/v2\/product\/91634\/revisions"}],"predecessor-version":[{"id":91644,"href":"https:\/\/brandss.com.py\/index\/wp-json\/wp\/v2\/product\/91634\/revisions\/91644"}],"wp:featuredmedia":[{"embeddable":true,"href":"https:\/\/brandss.com.py\/index\/wp-json\/wp\/v2\/media\/91635"}],"wp:attachment":[{"href":"https:\/\/brandss.com.py\/index\/wp-json\/wp\/v2\/media?parent=91634"}],"wp:term":[{"taxonomy":"product_brand","embeddable":true,"href":"https:\/\/brandss.com.py\/index\/wp-json\/wp\/v2\/product_brand?post=91634"},{"taxonomy":"product_cat","embeddable":true,"href":"https:\/\/brandss.com.py\/index\/wp-json\/wp\/v2\/product_cat?post=91634"},{"taxonomy":"product_tag","embeddable":true,"href":"https:\/\/brandss.com.py\/index\/wp-json\/wp\/v2\/product_tag?post=91634"}],"curies":[{"name":"wp","href":"https:\/\/api.w.org\/{rel}","templated":true}]}}