{"id":91645,"date":"2025-10-08T11:59:51","date_gmt":"2025-10-08T11:59:51","guid":{"rendered":"https:\/\/brandss.com.py\/index\/?post_type=product&#038;p=91645"},"modified":"2026-03-18T10:55:49","modified_gmt":"2026-03-18T10:55:49","slug":"mascara-de-pestana-henlics-paris-waterproof-black","status":"publish","type":"product","link":"https:\/\/brandss.com.py\/index\/producto\/mascara-de-pestana-henlics-paris-waterproof-black\/","title":{"rendered":"M\u00c1SCARA DE PESTA\u00d1A HENLICS PARIS WATERPROOF BLACK"},"content":{"rendered":"<p><img loading=\"lazy\" decoding=\"async\" class=\"\" src=\"https:\/\/i.pinimg.com\/280x280_RS\/2d\/60\/a3\/2d60a369c1102d756b974c976d8e80fe.jpg\" alt=\"Henlics Paris (henlicsparis) - Perfil | Pinterest\" width=\"96\" height=\"96\" \/><\/p>\n<h1>WATERPROOF BLACK<\/h1>\n<p>\u00bfQu\u00e9 es? Una m\u00e1scara de pesta\u00f1as de alto rendimiento que crea pesta\u00f1as impactantes y dram\u00e1ticas con rizo, longitud y volumen instant\u00e1neos. Dise\u00f1ada para levantar, separar y definir cada pesta\u00f1a, esta m\u00e1scara garantiza un look impactante y duradero.<img loading=\"lazy\" decoding=\"async\" class=\"alignleft\" src=\"https:\/\/m.media-amazon.com\/images\/I\/51i1oeiRZ+L._SL1000_.jpg\" width=\"456\" height=\"367\" \/><\/p>\n<h3>Caracter\u00edsticas<\/h3>\n<ul class=\"a-unordered-list a-vertical a-spacing-mini\">\n<li class=\"a-spacing-mini\"><span class=\"a-list-item\"><span dir=\"auto\">Efecto de extensi\u00f3n de pesta\u00f1as instant\u00e1nea: consigue pesta\u00f1as m\u00e1s abundantes y multiplicadas con un rizo extremo.<\/span><\/span><\/li>\n<li class=\"a-spacing-mini\"><span class=\"a-list-item\"><span dir=\"auto\">Cepillo de reloj de arena \u00fanico: las cerdas densas levantan y separan las pesta\u00f1as, proporcionando un volumen intenso y audaz.<\/span><\/span><\/li>\n<li class=\"a-spacing-mini\"><span class=\"a-list-item\"><span dir=\"auto\">F\u00f3rmula a prueba de manchas: resistente al agua y al sudor y la humedad, manteniendo tus pesta\u00f1as impecables todo el d\u00eda.<\/span><\/span><\/li>\n<li class=\"a-spacing-mini\"><span class=\"a-list-item\"><span dir=\"auto\">Textura suave: infundida con m\u00faltiples extractos de plantas, lo que garantiza una f\u00e1cil eliminaci\u00f3n sin residuos.<\/span><\/span><\/li>\n<li>Color: Negro.<\/li>\n<li>Beneficios del producto Rizador, alargador, duradero, espesante, voluminizador.<\/li>\n<li>Caracter\u00edstica especial Pincel incorporado, alta densidad de pigmento, resistente a manchas, resistente al sudor, resistente al agua.<\/li>\n<\/ul>\n","protected":false},"excerpt":{"rendered":"<p>WATERPROOF BLACK \u00bfQu\u00e9 es? Una m\u00e1scara de pesta\u00f1as de alto rendimiento que crea pesta\u00f1as impactantes y dram\u00e1ticas con rizo, longitud<\/p>\n","protected":false},"featured_media":91646,"comment_status":"open","ping_status":"closed","template":"","meta":{"nf_dc_page":""},"product_brand":[928],"product_cat":[95],"product_tag":[929],"class_list":{"0":"post-91645","1":"product","2":"type-product","3":"status-publish","4":"has-post-thumbnail","6":"product_brand-henlics","7":"product_cat-maquillaje","8":"product_tag-929","10":"first","11":"outofstock","12":"shipping-taxable","13":"purchasable","14":"product-type-simple"},"_links":{"self":[{"href":"https:\/\/brandss.com.py\/index\/wp-json\/wp\/v2\/product\/91645","targetHints":{"allow":["GET"]}}],"collection":[{"href":"https:\/\/brandss.com.py\/index\/wp-json\/wp\/v2\/product"}],"about":[{"href":"https:\/\/brandss.com.py\/index\/wp-json\/wp\/v2\/types\/product"}],"replies":[{"embeddable":true,"href":"https:\/\/brandss.com.py\/index\/wp-json\/wp\/v2\/comments?post=91645"}],"version-history":[{"count":1,"href":"https:\/\/brandss.com.py\/index\/wp-json\/wp\/v2\/product\/91645\/revisions"}],"predecessor-version":[{"id":91654,"href":"https:\/\/brandss.com.py\/index\/wp-json\/wp\/v2\/product\/91645\/revisions\/91654"}],"wp:featuredmedia":[{"embeddable":true,"href":"https:\/\/brandss.com.py\/index\/wp-json\/wp\/v2\/media\/91646"}],"wp:attachment":[{"href":"https:\/\/brandss.com.py\/index\/wp-json\/wp\/v2\/media?parent=91645"}],"wp:term":[{"taxonomy":"product_brand","embeddable":true,"href":"https:\/\/brandss.com.py\/index\/wp-json\/wp\/v2\/product_brand?post=91645"},{"taxonomy":"product_cat","embeddable":true,"href":"https:\/\/brandss.com.py\/index\/wp-json\/wp\/v2\/product_cat?post=91645"},{"taxonomy":"product_tag","embeddable":true,"href":"https:\/\/brandss.com.py\/index\/wp-json\/wp\/v2\/product_tag?post=91645"}],"curies":[{"name":"wp","href":"https:\/\/api.w.org\/{rel}","templated":true}]}}